{"id":1328,"date":"2021-05-04T09:48:52","date_gmt":"2021-05-04T08:48:52","guid":{"rendered":"https:\/\/www.rowatecag.ch\/?page_id=1328"},"modified":"2022-04-04T08:22:32","modified_gmt":"2022-04-04T07:22:32","slug":"entwaesserung-systemkomponenten","status":"publish","type":"page","link":"https:\/\/www.rowatecag.ch\/fr\/entwaesserung-systemkomponenten\/","title":{"rendered":"Composants syst\u00e8me de drainage en PE"},"content":{"rendered":"<p>Notre platforme est hautement \u00e9volutive et peut \u00eatre aisement adapt\u00e9e, afin de remplir vos sp\u00e9cifications. Ci-dessous sont uniquement nos principaux standards:<\/p>\n<div class=\"wptb-table-container wptb-table-4540\"><div class=\"wptb-table-container-matrix\" id=\"wptb-table-id-4540\" data-wptb-version=\"1.4.11\" data-wptb-pro-status=\"false\"><table class=\"wptb-preview-table wptb-element-main-table_setting-1310\" data-reconstraction=\"1\" style=\"border: 1px solid rgb(209, 209, 209);\" data-wptb-table-tds-sum-max-width=\"183.63636400000001\" data-wptb-cells-width-auto-count=\"3\" data-wptb-extra-styles=\"LyogRW50ZXIgeW91ciBjdXN0b20gQ1NTIHJ1bGVzIGhlcmUgKi8=\" role=\"table\" data-table-columns=\"3\" data-wptb-td-width-auto=\"50\" data-wptb-responsive-directives=\"eyJyZXNwb25zaXZlRW5hYmxlZCI6dHJ1ZSwicmVzcG9uc2l2ZU1vZGUiOiJhdXRvIiwicHJlc2VydmVSb3dDb2xvciI6ZmFsc2UsInJlbGF0aXZlV2lkdGgiOiJ3aW5kb3ciLCJoZWFkZXJGdWxseU1lcmdlZCI6ZmFsc2UsIm1vZGVPcHRpb25zIjp7ImF1dG8iOnsidG9wUm93QXNIZWFkZXIiOnsiZGVza3RvcCI6ZmFsc2UsInRhYmxldCI6ZmFsc2UsIm1vYmlsZSI6ZmFsc2V9LCJyZXBlYXRNZXJnZWRIZWFkZXIiOnsiZGVza3RvcCI6dHJ1ZSwidGFibGV0Ijp0cnVlLCJtb2JpbGUiOnRydWV9LCJzdGF0aWNUb3BSb3ciOnsiZGVza3RvcCI6ZmFsc2UsInRhYmxldCI6ZmFsc2UsIm1vYmlsZSI6ZmFsc2V9LCJjZWxsU3RhY2tEaXJlY3Rpb24iOnsiZGVza3RvcCI6InJvdyIsInRhYmxldCI6ImNvbHVtbiIsIm1vYmlsZSI6InJvdyJ9LCJjZWxsc1BlclJvdyI6eyJkZXNrdG9wIjoxLCJ0YWJsZXQiOjIsIm1vYmlsZSI6MX19fSwiYnJlYWtwb2ludHMiOnsiZGVza3RvcCI6eyJuYW1lIjoiZGVza3RvcCIsIndpZHRoIjoxMDI0fSwidGFibGV0Ijp7Im5hbWUiOiJ0YWJsZXQiLCJ3aWR0aCI6NzAwfSwibW9iaWxlIjp7Im5hbWUiOiJtb2JpbGUiLCJ3aWR0aCI6MzAwfX19\" data-wptb-adaptive-table=\"0\" data-wptb-header-background-color=\"#FFFFFFFF\" data-wptb-odd-row-background-color=\"#FFFFFFFF\" data-wptb-apply-table-container-max-width=\"1\" data-wptb-table-container-max-width=\"900\" data-wptb-horizontal-scroll-status=\"false\"><tbody><tr class=\"wptb-row\" style=\"background-color: rgb(255, 255, 255);\"><td class=\"wptb-cell\" data-y-index=\"0\" data-x-index=\"0\" style=\"border: 1px solid rgb(209, 209, 209); padding: 5px;\" data-wptb-css-td-auto-width=\"true\" data-sorted-vertical=\"ask-disabled\"><div class=\"wptb-text-container wptb-ph-element wptb-element-text-37\" style=\"font-size: 17px; color: rgb(37, 55, 249);\"><div class=\"\" style=\"position: relative;\"><p style=\"text-align: center;\"><strong class=\"\"><a data-mce-href=\"https:\/\/www.rowatecag.ch\/fr\/bouchon-de-fermeture-pour-tube-hdpe-type-e-ev\/\" href=\"https:\/\/www.rowatecag.ch\/fr\/bouchon-de-fermeture-pour-tube-hdpe-type-e-ev\/\" style=\"color: #1d4b7f;\">Bouchon&nbsp;Type E-EV<\/a><\/strong><\/p><\/div><\/div><div class=\"wptb-image-container wptb-ph-element wptb-element-image-1\" data-wptb-image-alignment=\"center\"><div class=\"wptb-image-wrapper\">            <a style=\"display: block; width: 78%; float: none;\" class=\"wptb-link-target\" href=\"https:\/\/www.rowatecag.ch\/fr\/bouchon-de-fermeture-pour-tube-hdpe-type-e-ev\/\" data-wptb-link-enable-convert-relative=\"false\" target=\"_self\"><img loading=\"lazy\" decoding=\"async\" src=\"\/\/www.rowatecag.ch\/wp-content\/uploads\/2021\/04\/Endverschluss-Typ-E-EV-v03-1.png\" height=\"601\" width=\"800\" style=\"width: 100%;\" class=\" wptb-image-element-target\"><\/a>        <\/div><\/div><\/td><td class=\"wptb-cell\" data-y-index=\"0\" data-x-index=\"1\" style=\"border: 1px solid rgb(209, 209, 209); padding: 5px;\" data-wptb-css-td-auto-width=\"true\" data-sorted-vertical=\"ask-disabled\"><div class=\"wptb-text-container wptb-ph-element wptb-element-text-4\" style=\"font-size: 17px; color: rgb(0, 0, 0);\"><div class=\"\" style=\"position: relative;\"><p style=\"text-align: center;\"><strong class=\"\"><a data-mce-href=\"https:\/\/www.rowatecag.ch\/fr\/manchon-de-dilatation-pour-tube-hdpe\/\" href=\"https:\/\/www.rowatecag.ch\/fr\/manchon-de-dilatation-pour-tube-hdpe\/\" style=\"color: #1d4b7f;\" data-mce-selected=\"inline-boundary\">Manchon Type E-DM<\/a><\/strong><\/p><\/div><\/div><div class=\"wptb-image-container wptb-ph-element wptb-element-image-3\" data-wptb-image-alignment=\"center\"><div class=\"wptb-image-wrapper\">            <a style=\"display: block; width: 85%; float: none;\" class=\"wptb-link-target\" href=\"https:\/\/www.rowatecag.ch\/fr\/manchon-de-dilatation-pour-tube-hdpe\/\"><img loading=\"lazy\" decoding=\"async\" src=\"\/\/www.rowatecag.ch\/wp-content\/uploads\/2021\/04\/Dilatationsmuffe-Typ-E-DM-v02-1.png\" height=\"550\" width=\"800\" style=\"width: 100%;\" class=\" wptb-image-element-target\"><\/a>        <\/div><\/div><\/td><td class=\"wptb-cell\" style=\"border: 1px solid rgb(209, 209, 209); padding: 5px;\" data-x-index=\"2\" data-y-index=\"0\" data-wptb-css-td-auto-width=\"true\" data-sorted-vertical=\"ask-disabled\"><div class=\"wptb-text-container wptb-ph-element wptb-element-text-38\" style=\"font-size: 17px; color: rgb(0, 0, 0);\"><div class=\"\" style=\"position: relative;\"><p style=\"text-align: center;\"><strong class=\"\"><a data-mce-href=\"https:\/\/www.rowatecag.ch\/fr\/entonnoir-de-dilatation-pour-tube-hdpe-type-e-dt\/\" href=\"https:\/\/www.rowatecag.ch\/fr\/entonnoir-de-dilatation-pour-tube-hdpe-type-e-dt\/\" style=\"color: #1d4b7f;\">Entonnoir de dilatation Type E-DT<\/a><\/strong><\/p><\/div><\/div><div class=\"wptb-image-container wptb-ph-element wptb-element-image-4\" data-wptb-image-alignment=\"center\"><div class=\"wptb-image-wrapper\">            <a style=\"display: block; width: 48%; float: none;\" class=\"wptb-link-target\" href=\"https:\/\/www.rowatecag.ch\/fr\/entonnoir-de-dilatation-pour-tube-hdpe-type-e-dt\/\"><img loading=\"lazy\" decoding=\"async\" src=\"\/\/www.rowatecag.ch\/wp-content\/uploads\/2021\/04\/Dilatationstrichter-Typ-E-DT-v02-1.png\" height=\"677\" width=\"566\" style=\"width: 100%;\" class=\" wptb-image-element-target\"><\/a>        <\/div><\/div><\/td><\/tr><tr class=\"wptb-row\" style=\"background-color: rgb(255, 255, 255);\"><td class=\"wptb-cell\" style=\"border: 1px solid rgb(209, 209, 209); padding: 5px;\" data-x-index=\"0\" data-y-index=\"1\" data-wptb-css-td-auto-width=\"true\"><div class=\"wptb-text-container wptb-ph-element wptb-element-text-10\" style=\"font-size: 16px; color: rgb(0, 0, 0);\"><div class=\"\" style=\"position: relative;\"><p style=\"text-align: center;\"><strong class=\"\"><a data-mce-href=\"https:\/\/www.rowatecag.ch\/fr\/manchon-de-dilatation-pour-tube-hdpe-type-e-dm\/\" href=\"https:\/\/www.rowatecag.ch\/fr\/manchon-de-dilatation-pour-tube-hdpe-type-e-dm\/\" style=\"color: #1d4b7f;\" data-mce-selected=\"inline-boundary\">Pi&egrave;ce de rin&ccedil;age&nbsp;ovale Type E-PS-O<\/a><\/strong><\/p><\/div><\/div><div class=\"wptb-image-container wptb-ph-element wptb-element-image-5\" data-wptb-image-alignment=\"center\"><div class=\"wptb-image-wrapper\">            <a style=\"display: block; width: 85%; float: none;\" class=\"wptb-link-target\" href=\"https:\/\/www.rowatecag.ch\/fr\/manchon-de-dilatation-pour-tube-hdpe-type-e-dm\/\"><img loading=\"lazy\" decoding=\"async\" src=\"\/\/www.rowatecag.ch\/wp-content\/uploads\/2021\/04\/Putzstuck-oval-Typ-E-PS-O-v02-1.png\" height=\"599\" width=\"800\" style=\"width: 100%;\" class=\" wptb-image-element-target\"><\/a>        <\/div><\/div><\/td><td class=\"wptb-cell\" style=\"border: 1px solid rgb(209, 209, 209); padding: 5px;\" data-x-index=\"1\" data-y-index=\"1\" data-wptb-css-td-auto-width=\"true\"><div class=\"wptb-text-container wptb-ph-element wptb-element-text-11\" style=\"font-size: 16px; color: rgb(0, 0, 0);\"><div class=\"\" style=\"position: relative;\"><p style=\"text-align: center;\"><strong class=\"\"><a data-mce-href=\"https:\/\/www.rowatecag.ch\/fr\/5255-2\/\" href=\"https:\/\/www.rowatecag.ch\/fr\/5255-2\/\" style=\"color: #1d4b7f;\" data-mce-selected=\"inline-boundary\">Pi&egrave;ce de rin&ccedil;age 45&deg; Type E-PS-S<\/a><\/strong><\/p><\/div><\/div><div class=\"wptb-image-container wptb-ph-element wptb-element-image-6\" data-wptb-image-alignment=\"center\"><div class=\"wptb-image-wrapper\">            <a style=\"display: block; width: 85%; float: none;\" class=\"wptb-link-target\" href=\"https:\/\/www.rowatecag.ch\/fr\/5255-2\/\"><img loading=\"lazy\" decoding=\"async\" src=\"\/\/www.rowatecag.ch\/wp-content\/uploads\/2021\/04\/Putzstuck-schrag-Typ-E-PS-S-v02-1.png\" height=\"599\" width=\"800\" style=\"width: 100%;\" class=\" wptb-image-element-target\"><\/a>        <\/div><\/div><\/td><td class=\"wptb-cell\" style=\"border: 1px solid rgb(209, 209, 209); padding: 5px;\" data-x-index=\"2\" data-y-index=\"1\" data-wptb-css-td-auto-width=\"true\"><div class=\"wptb-text-container wptb-ph-element wptb-element-text-12\" style=\"font-size: 16px; color: rgb(0, 0, 0);\"><div class=\"\" style=\"position: relative;\"><p style=\"text-align: center;\"><strong class=\"\"><a data-mce-href=\"https:\/\/www.rowatecag.ch\/fr\/piece-de-rincage-rectifique-pour-tube-hdpe-type-e-ps-g\/\" href=\"https:\/\/www.rowatecag.ch\/fr\/piece-de-rincage-rectifique-pour-tube-hdpe-type-e-ps-g\/\" style=\"color: #1d4b7f;\" data-mce-selected=\"inline-boundary\">Pi&egrave;ce de rin&ccedil;age 90&deg; Type E-PS-G<\/a><\/strong><\/p><\/div><\/div><div class=\"wptb-image-container wptb-ph-element wptb-element-image-8\" data-wptb-image-alignment=\"center\"><div class=\"wptb-image-wrapper\">            <a style=\"display: block; width: 85%; float: none;\" class=\"wptb-link-target\" href=\"https:\/\/www.rowatecag.ch\/fr\/piece-de-rincage-rectifique-pour-tube-hdpe-type-e-ps-g\/\"><img loading=\"lazy\" decoding=\"async\" src=\"\/\/www.rowatecag.ch\/wp-content\/uploads\/2021\/04\/Putzstuck-gerade-Typ-E-PS-G-02-1.png\" height=\"600\" width=\"800\" style=\"width: 100%;\" class=\" wptb-image-element-target\"><\/a>        <\/div><\/div><\/td><\/tr><tr class=\"wptb-row\" style=\"background-color: rgb(255, 255, 255);\"><td class=\"wptb-cell\" style=\"border: 1px solid rgb(209, 209, 209); padding: 5px;\" data-x-index=\"0\" data-y-index=\"2\" data-wptb-css-td-auto-width=\"true\"><div class=\"wptb-text-container wptb-ph-element wptb-element-text-35\" style=\"font-size: 16px; color: rgb(0, 0, 0);\"><div class=\"\" style=\"position: relative;\"><p style=\"text-align: center;\"><strong class=\"\"><a data-mce-href=\"https:\/\/www.rowatecag.ch\/fr\/5258-2\/\" href=\"https:\/\/www.rowatecag.ch\/fr\/5258-2\/\" style=\"color: #1d4b7f;\" data-mce-selected=\"inline-boundary\">Compenateur de dilatation en caoutchouc Type BEWS<\/a><\/strong><\/p><\/div><\/div><div class=\"wptb-image-container wptb-ph-element wptb-element-image-7\" data-wptb-image-alignment=\"center\"><div class=\"wptb-image-wrapper\">            <a style=\"display: block; width: 95%; float: none;\" href=\"https:\/\/www.rowatecag.ch\/fr\/5258-2\/\" class=\"wptb-link-target\"><img loading=\"lazy\" decoding=\"async\" src=\"\/\/www.rowatecag.ch\/wp-content\/uploads\/2021\/06\/Kompensator-e1622612031977.png\" height=\"414\" width=\"672\" style=\"width: 100%;\" class=\" wptb-image-element-target\"><\/a>        <\/div><\/div><\/td><td class=\"wptb-cell\" style=\"border: 1px solid rgb(209, 209, 209); padding: 5px;\" data-x-index=\"1\" data-y-index=\"2\" data-wptb-css-td-auto-width=\"true\"><div class=\"wptb-text-container wptb-ph-element wptb-element-text-36\" style=\"font-size: 16px; color: rgb(0, 0, 0);\"><div class=\"\" style=\"position: relative;\"><p style=\"text-align: center;\"><strong class=\"\"><a data-mce-href=\"https:\/\/www.rowatecag.ch\/fr\/5261-2\/\" href=\"https:\/\/www.rowatecag.ch\/fr\/5261-2\/\" style=\"color: #1d4b7f;\" data-mce-selected=\"inline-boundary\">Coudes 15&deg;&nbsp;soud&eacute;s Type SB15<\/a><\/strong><\/p><\/div><\/div><div class=\"wptb-image-container wptb-ph-element wptb-element-image-9\" data-wptb-image-alignment=\"center\"><div class=\"wptb-image-wrapper\">            <a style=\"display: block; width: 85%; float: none;\" href=\"https:\/\/www.rowatecag.ch\/fr\/5261-2\/\" class=\"wptb-link-target\"><img loading=\"lazy\" decoding=\"async\" src=\"\/\/www.rowatecag.ch\/wp-content\/uploads\/2021\/06\/Segmentbogen-15.png\" height=\"574\" width=\"704\" style=\"width: 100%;\" class=\" wptb-image-element-target\"><\/a>        <\/div><\/div><\/td><td class=\"wptb-cell\" style=\"border: 1px solid rgb(209, 209, 209); padding: 5px;\" data-x-index=\"2\" data-y-index=\"2\" data-wptb-css-td-auto-width=\"true\"><div class=\"wptb-text-container wptb-ph-element wptb-element-text-34\" style=\"font-size: 16px;\"><div class=\"\" style=\"position: relative;\"><p style=\"text-align: center;\"><a data-mce-href=\"https:\/\/www.rowatecag.ch\/segmentbogen-30-typ-sb30\" href=\"https:\/\/www.rowatecag.ch\/segmentbogen-30-typ-sb30\" style=\"color: #1d4b7f;\" class=\"\"><strong>&#65279;Coudes 30&deg; soud&eacute;s Type SB30<\/strong><\/a><\/p><\/div><\/div><div class=\"wptb-image-container wptb-ph-element wptb-element-image-11\"><div class=\"wptb-image-wrapper\">            <a style=\"display: block; width: 85%;\" class=\"wptb-link-target\" href=\"https:\/\/www.rowatecag.ch\/segmentbogen-30-typ-sb30\"><img loading=\"lazy\" decoding=\"async\" src=\"\/\/www.rowatecag.ch\/wp-content\/uploads\/2021\/06\/Segmentbogen-30.png\" height=\"570\" width=\"704\" style=\"width: 100%;\" class=\" wptb-image-element-target\"><\/a>        <\/div><\/div><\/td><\/tr><tr class=\"wptb-row\"><td class=\"wptb-cell\" style=\"border: 1px solid rgb(209, 209, 209); padding: 5px;\" data-x-index=\"0\" data-y-index=\"3\" data-wptb-css-td-auto-width=\"true\"><div class=\"wptb-text-container wptb-ph-element wptb-element-text-39\" style=\"font-size: 16px; color: rgb(0, 0, 0);\"><div class=\"\" style=\"position: relative;\"><p style=\"text-align: center;\"><a data-mce-href=\"https:\/\/www.rowatecag.ch\/fr\/coudes-45-type-soudes-sb45\/\" href=\"https:\/\/www.rowatecag.ch\/fr\/coudes-45-type-soudes-sb45\/\" style=\"color: #1d4b7f;\" data-mce-selected=\"inline-boundary\"><strong>Coudes&nbsp;45&deg;&nbsp;soud&eacute;s Type SB45&#65279;<\/strong><\/a><\/p><\/div><\/div><div class=\"wptb-image-container wptb-ph-element wptb-element-image-13\" data-wptb-image-alignment=\"center\"><div class=\"wptb-image-wrapper\">            <a style=\"display: block; width: 83%; float: none;\" class=\"wptb-link-target\" href=\"https:\/\/www.rowatecag.ch\/fr\/coudes-45-type-soudes-sb45\/\"><img loading=\"lazy\" decoding=\"async\" src=\"\/\/www.rowatecag.ch\/wp-content\/uploads\/2021\/06\/Segmentbogen-45%C2%B0.png\" height=\"471\" width=\"660\" style=\"width: 100%;\" class=\" wptb-image-element-target\"><\/a>        <\/div><\/div><\/td><td class=\"wptb-cell\" style=\"border: 1px solid rgb(209, 209, 209); padding: 5px;\" data-x-index=\"1\" data-y-index=\"3\" data-wptb-css-td-auto-width=\"true\"><div class=\"wptb-text-container wptb-ph-element wptb-element-text-40\" style=\"font-size: 16px; color: rgb(0, 0, 0);\"><div class=\"\" style=\"position: relative;\"><p style=\"text-align: center;\"><a data-mce-href=\"https:\/\/www.rowatecag.ch\/fr\/coudes-60-type-soudes-sb60\/\" href=\"https:\/\/www.rowatecag.ch\/fr\/coudes-60-type-soudes-sb60\/\" style=\"color: #1d4b7f;\" data-mce-selected=\"inline-boundary\"><strong>Coudes 60&deg; soud&eacute;s Type SB60&#65279;<\/strong><\/a><\/p><\/div><\/div><div class=\"wptb-image-container wptb-ph-element wptb-element-image-14\" data-wptb-image-alignment=\"center\"><div class=\"wptb-image-wrapper\">            <a style=\"display: block; width: 87%; float: none;\" class=\"wptb-link-target\" href=\"https:\/\/www.rowatecag.ch\/fr\/coudes-60-type-soudes-sb60\/\"><img loading=\"lazy\" decoding=\"async\" src=\"\/\/www.rowatecag.ch\/wp-content\/uploads\/2021\/06\/Segmentbogen-60.png\" height=\"539\" width=\"794\" style=\"width: 100%;\" class=\" wptb-image-element-target\"><\/a>        <\/div><\/div><\/td><td class=\"wptb-cell\" style=\"border: 1px solid rgb(209, 209, 209); padding: 5px;\" data-x-index=\"2\" data-y-index=\"3\" data-wptb-css-td-auto-width=\"true\"><div class=\"wptb-text-container wptb-ph-element wptb-element-text-41\" style=\"font-size: 16px; color: rgb(0, 0, 0);\"><div class=\"\" style=\"position: relative;\"><p style=\"text-align: center;\"><a data-mce-href=\"https:\/\/www.rowatecag.ch\/fr\/coudes-75-type-soudes-sb75\/\" href=\"https:\/\/www.rowatecag.ch\/fr\/coudes-75-type-soudes-sb75\/\" style=\"color: #1d4b7f;\" data-mce-selected=\"inline-boundary\"><strong>&#65279;Coudes 75&deg;&nbsp;soud&eacute;s Type SB75<\/strong><\/a><\/p><\/div><\/div><div class=\"wptb-image-container wptb-ph-element wptb-element-image-15\" data-wptb-image-alignment=\"center\"><div class=\"wptb-image-wrapper\">            <a style=\"display: block; width: 76%; float: none;\" class=\"wptb-link-target\" href=\"https:\/\/www.rowatecag.ch\/fr\/coudes-75-type-soudes-sb75\/\"><img loading=\"lazy\" decoding=\"async\" src=\"\/\/www.rowatecag.ch\/wp-content\/uploads\/2021\/06\/Segmentbogen-75.png\" height=\"583\" width=\"746\" style=\"width: 100%;\" class=\" wptb-image-element-target\"><\/a>        <\/div><\/div><\/td><\/tr><tr class=\"wptb-row\" style=\"background-color: rgb(255, 255, 255);\"><td class=\"wptb-cell\" style=\"border: 1px solid rgb(209, 209, 209); padding: 5px;\" data-x-index=\"0\" data-y-index=\"4\" data-wptb-css-td-auto-width=\"true\"><div class=\"wptb-text-container wptb-ph-element wptb-element-text-42\" style=\"font-size: 16px; color: rgb(0, 0, 0);\"><div class=\"\" style=\"position: relative;\"><p style=\"text-align: center;\"><a data-mce-href=\"https:\/\/www.rowatecag.ch\/fr\/coudes-90-type-soudes-sb90\/\" href=\"https:\/\/www.rowatecag.ch\/fr\/coudes-90-type-soudes-sb90\/\" style=\"color: #1d4b7f;\" data-mce-selected=\"inline-boundary\" class=\"\"><strong>Coudes 90&deg;&nbsp;soud&eacute;s Type SB90<\/strong><\/a><\/p><\/div><\/div><div class=\"wptb-image-container wptb-ph-element wptb-element-image-16\" data-wptb-image-alignment=\"center\"><div class=\"wptb-image-wrapper\">            <a style=\"display: block; width: 85%; float: none;\" class=\"wptb-link-target\" href=\"https:\/\/www.rowatecag.ch\/fr\/coudes-90-type-soudes-sb90\/\"><img loading=\"lazy\" decoding=\"async\" src=\"\/\/www.rowatecag.ch\/wp-content\/uploads\/2021\/06\/Segmentbogen-90%C2%B0.png\" height=\"541\" width=\"664\" style=\"width: 100%;\" class=\" wptb-image-element-target\"><\/a>        <\/div><\/div><div class=\"wptb-text-container wptb-ph-element wptb-element-text-45\"><div><p><\/p><\/div><\/div><\/td><td class=\"wptb-cell\" style=\"border: 1px solid rgb(209, 209, 209); padding: 5px;\" data-x-index=\"1\" data-y-index=\"4\" data-wptb-css-td-auto-width=\"true\"><div class=\"wptb-text-container wptb-ph-element wptb-element-text-43\"><div><p><\/p><\/div><\/div><\/td><td class=\"wptb-cell\" style=\"border: 1px solid rgb(209, 209, 209); padding: 5px;\" data-x-index=\"2\" data-y-index=\"4\" data-wptb-css-td-auto-width=\"true\"><div class=\"wptb-text-container wptb-ph-element wptb-element-text-44\"><div><p><\/p><\/div><\/div><\/td><\/tr><\/tbody><\/table><\/div><\/div>\n\n","protected":false},"excerpt":{"rendered":"<p>Notre platforme est hautement \u00e9volutive et peut \u00eatre aisement adapt\u00e9e, afin de remplir vos sp\u00e9cifications. Ci-dessous sont uniquement nos principaux standards:<\/p>\n","protected":false},"author":48,"featured_media":0,"parent":0,"menu_order":0,"comment_status":"closed","ping_status":"closed","template":"","meta":{"_genesis_hide_title":false,"_genesis_hide_breadcrumbs":false,"_genesis_hide_singular_image":false,"_genesis_hide_footer_widgets":false,"_genesis_custom_body_class":"","_genesis_custom_post_class":"","_genesis_layout":"","footnotes":""},"class_list":{"0":"post-1328","1":"page","2":"type-page","3":"status-publish","5":"entry"},"acf":[],"post_mailing_queue_ids":[],"_links":{"self":[{"href":"https:\/\/www.rowatecag.ch\/fr\/wp-json\/wp\/v2\/pages\/1328","targetHints":{"allow":["GET"]}}],"collection":[{"href":"https:\/\/www.rowatecag.ch\/fr\/wp-json\/wp\/v2\/pages"}],"about":[{"href":"https:\/\/www.rowatecag.ch\/fr\/wp-json\/wp\/v2\/types\/page"}],"author":[{"embeddable":true,"href":"https:\/\/www.rowatecag.ch\/fr\/wp-json\/wp\/v2\/users\/48"}],"replies":[{"embeddable":true,"href":"https:\/\/www.rowatecag.ch\/fr\/wp-json\/wp\/v2\/comments?post=1328"}],"version-history":[{"count":0,"href":"https:\/\/www.rowatecag.ch\/fr\/wp-json\/wp\/v2\/pages\/1328\/revisions"}],"wp:attachment":[{"href":"https:\/\/www.rowatecag.ch\/fr\/wp-json\/wp\/v2\/media?parent=1328"}],"curies":[{"name":"wp","href":"https:\/\/api.w.org\/{rel}","templated":true}]}}