{"id":4242,"date":"2022-02-08T08:36:40","date_gmt":"2022-02-08T07:36:40","guid":{"rendered":"https:\/\/www.rowatecag.ch\/?page_id=4242"},"modified":"2024-05-03T08:39:54","modified_gmt":"2024-05-03T07:39:54","slug":"entreprise","status":"publish","type":"page","link":"https:\/\/www.rowatecag.ch\/fr\/entreprise\/","title":{"rendered":"Entreprise"},"content":{"rendered":"<div class=\"one-half first\">\n<h5><strong>Rowatec AG traite l&#8217;acier, le plastique et le caoutchouc avec plus de 50 ans d&#8217;exp\u00e9rience!<div class=\"clear-line\"><\/div><\/strong><\/h5>\n<p><strong>Sp\u00e9cifications:<\/strong><br \/>\n&#8211; Drainage des ponts, stations d&#8217;\u00e9puration, gaines de protection des c\u00e2bles<br \/>\n&#8211; Applications sp\u00e9ciales pour les ponts<br \/>\n&#8211; Actif dans toute la Suisse<br \/>\n&#8211; Effectif du personnel : 24 employ\u00e9s<\/p>\n<p>Vous trouverez nos services et activit\u00e9s commerciales dans la rubrique Produits. Consultez notre mat\u00e9riel de r\u00e9f\u00e9rence sous R\u00e9f\u00e9rences.<\/p>\n<h5><strong>Notre mission: <\/strong><\/h5>\n<p>Nous nous engageons \u00e0 fournir \u00e0 chaque fois des solutions cl\u00e9s en main pour des applications durables et dans les d\u00e9lais impartis.<\/p>\n<\/div><div class=\"one-half\">\n<h5>Pr\u00e9sentation de Rowatec :<\/h5>\n<p><iframe loading=\"lazy\" title=\"ROWATEC AG, Volketswil\" width=\"500\" height=\"281\" src=\"https:\/\/www.youtube.com\/embed\/WmXEn6JYtAU?feature=oembed\" frameborder=\"0\" allow=\"accelerometer; autoplay; clipboard-write; encrypted-media; gyroscope; picture-in-picture; web-share\" referrerpolicy=\"strict-origin-when-cross-origin\" allowfullscreen><\/iframe><\/p>\n<\/div><\/p>\n","protected":false},"excerpt":{"rendered":"","protected":false},"author":48,"featured_media":0,"parent":0,"menu_order":0,"comment_status":"open","ping_status":"open","template":"","meta":{"_genesis_hide_title":false,"_genesis_hide_breadcrumbs":false,"_genesis_hide_singular_image":false,"_genesis_hide_footer_widgets":false,"_genesis_custom_body_class":"","_genesis_custom_post_class":"","_genesis_layout":"full-width-content","footnotes":""},"class_list":{"0":"post-4242","1":"page","2":"type-page","3":"status-publish","5":"entry"},"acf":[],"post_mailing_queue_ids":[],"_links":{"self":[{"href":"https:\/\/www.rowatecag.ch\/fr\/wp-json\/wp\/v2\/pages\/4242","targetHints":{"allow":["GET"]}}],"collection":[{"href":"https:\/\/www.rowatecag.ch\/fr\/wp-json\/wp\/v2\/pages"}],"about":[{"href":"https:\/\/www.rowatecag.ch\/fr\/wp-json\/wp\/v2\/types\/page"}],"author":[{"embeddable":true,"href":"https:\/\/www.rowatecag.ch\/fr\/wp-json\/wp\/v2\/users\/48"}],"replies":[{"embeddable":true,"href":"https:\/\/www.rowatecag.ch\/fr\/wp-json\/wp\/v2\/comments?post=4242"}],"version-history":[{"count":0,"href":"https:\/\/www.rowatecag.ch\/fr\/wp-json\/wp\/v2\/pages\/4242\/revisions"}],"wp:attachment":[{"href":"https:\/\/www.rowatecag.ch\/fr\/wp-json\/wp\/v2\/media?parent=4242"}],"curies":[{"name":"wp","href":"https:\/\/api.w.org\/{rel}","templated":true}]}}