{"id":4246,"date":"2022-02-08T08:46:13","date_gmt":"2022-02-08T07:46:13","guid":{"rendered":"https:\/\/www.rowatecag.ch\/?page_id=4246"},"modified":"2024-04-24T13:14:58","modified_gmt":"2024-04-24T12:14:58","slug":"certificats","status":"publish","type":"page","link":"https:\/\/www.rowatecag.ch\/fr\/certificats\/","title":{"rendered":"Certificats"},"content":{"rendered":"<h3>Les certificats de Rowatec AG<\/h3>\n<p>Notre main-d&#8217;\u0153uvre est certifi\u00e9e EAZ et VKR<br \/>\n<img loading=\"lazy\" decoding=\"async\" class=\"alignnone size-full wp-image-4207\" src=\"https:\/\/www.rowatecag.ch\/wp-content\/uploads\/2022\/02\/1570779675809-v01-e1643878783380.png\" alt=\"\" width=\"200\" height=\"94\" srcset=\"https:\/\/www.rowatecag.ch\/wp-content\/uploads\/2022\/02\/1570779675809-v01-e1643878783380.png 200w, https:\/\/www.rowatecag.ch\/wp-content\/uploads\/2022\/02\/1570779675809-v01-e1643878783380-24x11.png 24w, https:\/\/www.rowatecag.ch\/wp-content\/uploads\/2022\/02\/1570779675809-v01-e1643878783380-36x17.png 36w, https:\/\/www.rowatecag.ch\/wp-content\/uploads\/2022\/02\/1570779675809-v01-e1643878783380-48x23.png 48w\" sizes=\"auto, (max-width: 200px) 100vw, 200px\" \/><\/p>\n<p>ISO 9001:2015<br \/>\n<a href=\"https:\/\/www.sgs.com\/en\/certified-clients-and-products\">Vers le site de la SGS<\/a><br \/>\n<a href=\"https:\/\/www.rowatecag.ch\/wp-content\/uploads\/2022\/06\/Zertifikat.pdf\"><img loading=\"lazy\" decoding=\"async\" class=\"alignnone wp-image-4634 size-large\" src=\"https:\/\/www.rowatecag.ch\/wp-content\/uploads\/2022\/06\/Zertifikat-pdf-724x1024.jpg\" alt=\"\" width=\"724\" height=\"1024\" \/><\/a><\/p>\n<p><a href=\"https:\/\/www.rowatecag.ch\/wp-content\/uploads\/2022\/06\/Zertifikat.pdf\">T\u00e9l\u00e9charger le certificat ISO 9001:2015<\/a><\/p>\n","protected":false},"excerpt":{"rendered":"<p>Les certificats de Rowatec AG Notre main-d&#8217;\u0153uvre est certifi\u00e9e EAZ et VKR ISO 9001:2015 Vers le site de la SGS T\u00e9l\u00e9charger le certificat ISO 9001:2015<\/p>\n","protected":false},"author":48,"featured_media":0,"parent":0,"menu_order":0,"comment_status":"closed","ping_status":"closed","template":"","meta":{"_genesis_hide_title":false,"_genesis_hide_breadcrumbs":false,"_genesis_hide_singular_image":false,"_genesis_hide_footer_widgets":false,"_genesis_custom_body_class":"","_genesis_custom_post_class":"","_genesis_layout":"","footnotes":""},"class_list":{"0":"post-4246","1":"page","2":"type-page","3":"status-publish","5":"entry"},"acf":[],"post_mailing_queue_ids":[],"_links":{"self":[{"href":"https:\/\/www.rowatecag.ch\/fr\/wp-json\/wp\/v2\/pages\/4246","targetHints":{"allow":["GET"]}}],"collection":[{"href":"https:\/\/www.rowatecag.ch\/fr\/wp-json\/wp\/v2\/pages"}],"about":[{"href":"https:\/\/www.rowatecag.ch\/fr\/wp-json\/wp\/v2\/types\/page"}],"author":[{"embeddable":true,"href":"https:\/\/www.rowatecag.ch\/fr\/wp-json\/wp\/v2\/users\/48"}],"replies":[{"embeddable":true,"href":"https:\/\/www.rowatecag.ch\/fr\/wp-json\/wp\/v2\/comments?post=4246"}],"version-history":[{"count":0,"href":"https:\/\/www.rowatecag.ch\/fr\/wp-json\/wp\/v2\/pages\/4246\/revisions"}],"wp:attachment":[{"href":"https:\/\/www.rowatecag.ch\/fr\/wp-json\/wp\/v2\/media?parent=4246"}],"curies":[{"name":"wp","href":"https:\/\/api.w.org\/{rel}","templated":true}]}}