{"id":4249,"date":"2022-02-08T08:46:49","date_gmt":"2022-02-08T07:46:49","guid":{"rendered":"https:\/\/www.rowatecag.ch\/?page_id=4249"},"modified":"2024-05-06T12:55:54","modified_gmt":"2024-05-06T11:55:54","slug":"carriere","status":"publish","type":"page","link":"https:\/\/www.rowatecag.ch\/fr\/carriere\/","title":{"rendered":"Carri\u00e8re"},"content":{"rendered":"<p><strong>Suivez-nous sur les r\u00e9seaux sociaux:<\/strong><\/p>\n<p><a href=\"https:\/\/www.linkedin.com\/company\/rowatec-ag\">LinkedIn<\/a><a href=\"https:\/\/www.linkedin.com\/company\/rowatec-ag\"><img loading=\"lazy\" decoding=\"async\" class=\"https:\/\/www.linkedin.com\/company\/rowatec-ag wp-image-4220 alignleft\" title=\"https:\/\/www.linkedin.com\/company\/rowatec-ag\" src=\"https:\/\/www.rowatecag.ch\/wp-content\/uploads\/2022\/02\/LinkedIn_logo_initials-300x300.png\" alt=\"\" width=\"30\" height=\"30\" srcset=\"https:\/\/www.rowatecag.ch\/wp-content\/uploads\/2022\/02\/LinkedIn_logo_initials-300x300.png 300w, https:\/\/www.rowatecag.ch\/wp-content\/uploads\/2022\/02\/LinkedIn_logo_initials-150x150.png 150w, https:\/\/www.rowatecag.ch\/wp-content\/uploads\/2022\/02\/LinkedIn_logo_initials-768x768.png 768w, https:\/\/www.rowatecag.ch\/wp-content\/uploads\/2022\/02\/LinkedIn_logo_initials-24x24.png 24w, https:\/\/www.rowatecag.ch\/wp-content\/uploads\/2022\/02\/LinkedIn_logo_initials-36x36.png 36w, https:\/\/www.rowatecag.ch\/wp-content\/uploads\/2022\/02\/LinkedIn_logo_initials-48x48.png 48w, https:\/\/www.rowatecag.ch\/wp-content\/uploads\/2022\/02\/LinkedIn_logo_initials.png 800w\" sizes=\"auto, (max-width: 30px) 100vw, 30px\" \/><\/a><\/p>\n<p><strong>Nous sommes actuellement \u00e0 la recherche de:<\/strong><\/p>\n<p><strong>1. Monteur en plomberie \/ en tuyauterie en plastique <\/strong><\/p>\n<p>Nous recherchons un monteur flexible et comp\u00e9tent pour des travaux de montage int\u00e9ressants et autonomes sur nos chantiers dans toute la Suisse.<\/p>\n<p><strong>T\u00e2ches:<\/strong><\/p>\n<p>&#8211; Soudage et montage de conduites en plastique, suspendues ou pos\u00e9es en tranch\u00e9e<br \/>\n&#8211; Montage de supports de tuyaux<br \/>\n&#8211; En cas de comp\u00e9tence, montage de passages \u00e0 niveau routiers associ\u00e9s \u00e0 des travaux de soudage sur acier<\/p>\n<p><strong>Profil recherch\u00e9:<\/strong><\/p>\n<p>&#8211; Formation professionnelle termin\u00e9e dans le secteur du b\u00e2timent, par exemple comme installateur sanitaire, ma\u00e7on, serrurier, tuyauteur ou \u00e9quivalent<br \/>\n&#8211; Exp\u00e9rience dans le montage sur les chantiers<br \/>\n&#8211; Exp\u00e9rience dans le soudage de conduites en PEHD<br \/>\n&#8211; Permis de conduire de cat\u00e9gorie B<br \/>\n&#8211; Comp\u00e9tences organisationnelles<br \/>\n&#8211; Sens des responsabilit\u00e9s et pr\u00e9cision dans le travail<br \/>\n&#8211; Disponibilit\u00e9 horaire<\/p>\n<p><strong>Nous offrons:<br \/>\n<\/strong><\/p>\n<p>&#8211; Conditions d&#8217;emploi modernes dans une petite entreprise<br \/>\n&#8211; V\u00e9hicule de service \u00e9quip\u00e9 pour les travaux de montage<br \/>\n&#8211; Formation initiale par le biais de sessions de formation internes<\/p>\n<p>Nous attendons avec impatience votre candidature avec CV. Toutes autres questions pourront \u00eatre discut\u00e9es lors de l&#8217;entretien. Nous nous r\u00e9jouissons de recevoir votre <a href=\"https:\/\/www.rowatecag.ch\/fr\/contact\/\">candidature<\/a>.<\/p>\n<p><img loading=\"lazy\" decoding=\"async\" class=\"alignnone size-large wp-image-802\" src=\"https:\/\/www.rowatecag.ch\/wp-content\/uploads\/2020\/08\/IMG_0278-1024x768.jpg\" alt=\"\" width=\"1024\" height=\"768\" srcset=\"https:\/\/www.rowatecag.ch\/wp-content\/uploads\/2020\/08\/IMG_0278-1024x768.jpg 1024w, https:\/\/www.rowatecag.ch\/wp-content\/uploads\/2020\/08\/IMG_0278-300x225.jpg 300w, https:\/\/www.rowatecag.ch\/wp-content\/uploads\/2020\/08\/IMG_0278-768x576.jpg 768w, https:\/\/www.rowatecag.ch\/wp-content\/uploads\/2020\/08\/IMG_0278-1536x1152.jpg 1536w, https:\/\/www.rowatecag.ch\/wp-content\/uploads\/2020\/08\/IMG_0278-2048x1536.jpg 2048w\" sizes=\"auto, (max-width: 1024px) 100vw, 1024px\" \/><\/p>\n","protected":false},"excerpt":{"rendered":"<p>Suivez-nous sur les r\u00e9seaux sociaux: LinkedIn Nous sommes actuellement \u00e0 la recherche de: 1. Monteur en plomberie \/ en tuyauterie en plastique Nous recherchons un monteur flexible et comp\u00e9tent pour des travaux de montage int\u00e9ressants et autonomes sur nos chantiers dans toute la Suisse. T\u00e2ches: &#8211; Soudage et montage de conduites en plastique, suspendues ou [&hellip;]<\/p>\n","protected":false},"author":48,"featured_media":0,"parent":0,"menu_order":0,"comment_status":"closed","ping_status":"closed","template":"","meta":{"_genesis_hide_title":false,"_genesis_hide_breadcrumbs":false,"_genesis_hide_singular_image":false,"_genesis_hide_footer_widgets":false,"_genesis_custom_body_class":"","_genesis_custom_post_class":"","_genesis_layout":"","footnotes":""},"class_list":{"0":"post-4249","1":"page","2":"type-page","3":"status-publish","5":"entry"},"acf":[],"post_mailing_queue_ids":[],"_links":{"self":[{"href":"https:\/\/www.rowatecag.ch\/fr\/wp-json\/wp\/v2\/pages\/4249","targetHints":{"allow":["GET"]}}],"collection":[{"href":"https:\/\/www.rowatecag.ch\/fr\/wp-json\/wp\/v2\/pages"}],"about":[{"href":"https:\/\/www.rowatecag.ch\/fr\/wp-json\/wp\/v2\/types\/page"}],"author":[{"embeddable":true,"href":"https:\/\/www.rowatecag.ch\/fr\/wp-json\/wp\/v2\/users\/48"}],"replies":[{"embeddable":true,"href":"https:\/\/www.rowatecag.ch\/fr\/wp-json\/wp\/v2\/comments?post=4249"}],"version-history":[{"count":0,"href":"https:\/\/www.rowatecag.ch\/fr\/wp-json\/wp\/v2\/pages\/4249\/revisions"}],"wp:attachment":[{"href":"https:\/\/www.rowatecag.ch\/fr\/wp-json\/wp\/v2\/media?parent=4249"}],"curies":[{"name":"wp","href":"https:\/\/api.w.org\/{rel}","templated":true}]}}