{"id":4252,"date":"2022-02-08T08:52:04","date_gmt":"2022-02-08T07:52:04","guid":{"rendered":"https:\/\/www.rowatecag.ch\/?page_id=4252"},"modified":"2024-05-03T07:35:27","modified_gmt":"2024-05-03T06:35:27","slug":"service","status":"publish","type":"page","link":"https:\/\/www.rowatecag.ch\/fr\/service\/","title":{"rendered":"Nos service"},"content":{"rendered":"<p><div class=\"one-half first\"><div class=\"clear-line\"><\/div><strong>La soci\u00e9t\u00e9 Rowatec AG est votre partenaire pour des solutions innovantes dans le domaine de la construction. <\/strong><\/p>\n<p>Nous sommes des experts dans la construction de canalisations, la construction de structures et les b\u00e2timents.<\/p>\n<p>En plus de proposer des solutions compl\u00e8tes pour les syst\u00e8mes de drainage des ponts et les gaines de protection des c\u00e2bles, nous r\u00e9alisons \u00e9galement des travaux de r\u00e9novation de haute qualit\u00e9.<\/p>\n<p>Dans notre atelier, gr\u00e2ce \u00e0 notre exp\u00e9rience de longue date et \u00e0 nos machines de haute qualit\u00e9 efficaces, nous pouvons d\u00e9couper, souder et assembler pr\u00e9cis\u00e9ment des tubes en plastique. Cela nous permet de fabriquer des tubes selon vos besoins et vos sp\u00e9cifications. Vous pouvez jeter un \u0153il \u00e0 nos travaux r\u00e9alis\u00e9s <a href=\"https:\/\/www.rowatecag.ch\/kunststoffverarbeitung-von-20mm-bis-1200mm\/\">dans notre atelier<\/a>. La qualit\u00e9 est bien s\u00fbr toujours garantie et assur\u00e9e !<\/p>\n<p>L&#8217;exp\u00e9rience est un point central et tr\u00e8s important lors du soudage et de l&#8217;installation de tubes en plastique. Jetez un \u0153il \u00e0 certains <a href=\"https:\/\/www.rowatecag.ch\/fr\/references\/\">de nos projets<\/a> pour vous en convaincre par vous-m\u00eame.<\/p>\n<p>Avec nos produits et services dans les domaines de la gestion de projet, de la construction de pipelines, des syst\u00e8mes de dilatation de ponts, des regards de drainage, des installations de pipelines et des fabrications sp\u00e9ciales sur mesure en plastique, en caoutchouc et en acier, Rowatec AG est active avec succ\u00e8s et ax\u00e9e sur le client dans le secteur de la construction suisse.<\/p>\n<p>Cette \u00e9volution devrait se poursuivre \u00e0 l&#8217;avenir. C&#8217;est pourquoi nous nous efforcerons de continuer \u00e0 vous offrir un niveau de qualit\u00e9 maximal et de concevoir et de mettre en \u0153uvre des solutions adapt\u00e9es \u00e0 vos besoins sp\u00e9cifiques.<\/p>\n<p><a href=\"https:\/\/www.rowatecag.ch\/fr\/contact\/\">Contact<\/a><\/p>\n<p><strong>Nos services :<br \/>\n<\/strong>&#8211; Canalisations en plastique<br \/>\n&#8211; Canalisations de drainage<br \/>\n&#8211; Canalisations d&#8217;eau potable<br \/>\n&#8211; Canalisations haute pression<br \/>\n&#8211; Colliers de serrage \/ Supports de tuyaux<br \/>\n&#8211; Regards de drainage<br \/>\n&#8211; Drainage de surface<br \/>\n&#8211; Constructions de joints de dilatation<br \/>\n&#8211; Canalisations en acier<br \/>\n&#8211; R\u00e9novation de canalisations<br \/>\n&#8211; Plaques de protection pour les canalisations<\/p>\n<\/div><div class=\"one-half\">\n<p><a href=\"https:\/\/www.rowatecag.ch\/kunststoffverarbeitung-von-20mm-bis-1200mm\/\"><img loading=\"lazy\" decoding=\"async\" class=\"wp-image-1820 aligncenter\" src=\"https:\/\/www.rowatecag.ch\/wp-content\/uploads\/2021\/06\/IMG_5914-scaled-e1625045671234.jpg\" alt=\"\" width=\"400\" height=\"420\" \/><\/a><\/p>\n<\/div><\/p>\n","protected":false},"excerpt":{"rendered":"","protected":false},"author":48,"featured_media":0,"parent":0,"menu_order":0,"comment_status":"open","ping_status":"closed","template":"","meta":{"_genesis_hide_title":false,"_genesis_hide_breadcrumbs":false,"_genesis_hide_singular_image":false,"_genesis_hide_footer_widgets":false,"_genesis_custom_body_class":"","_genesis_custom_post_class":"","_genesis_layout":"full-width-content","footnotes":""},"class_list":{"0":"post-4252","1":"page","2":"type-page","3":"status-publish","5":"entry"},"acf":[],"post_mailing_queue_ids":[],"_links":{"self":[{"href":"https:\/\/www.rowatecag.ch\/fr\/wp-json\/wp\/v2\/pages\/4252","targetHints":{"allow":["GET"]}}],"collection":[{"href":"https:\/\/www.rowatecag.ch\/fr\/wp-json\/wp\/v2\/pages"}],"about":[{"href":"https:\/\/www.rowatecag.ch\/fr\/wp-json\/wp\/v2\/types\/page"}],"author":[{"embeddable":true,"href":"https:\/\/www.rowatecag.ch\/fr\/wp-json\/wp\/v2\/users\/48"}],"replies":[{"embeddable":true,"href":"https:\/\/www.rowatecag.ch\/fr\/wp-json\/wp\/v2\/comments?post=4252"}],"version-history":[{"count":0,"href":"https:\/\/www.rowatecag.ch\/fr\/wp-json\/wp\/v2\/pages\/4252\/revisions"}],"wp:attachment":[{"href":"https:\/\/www.rowatecag.ch\/fr\/wp-json\/wp\/v2\/media?parent=4252"}],"curies":[{"name":"wp","href":"https:\/\/api.w.org\/{rel}","templated":true}]}}