{"id":4253,"date":"2022-02-08T08:53:00","date_gmt":"2022-02-08T07:53:00","guid":{"rendered":"https:\/\/www.rowatecag.ch\/?page_id=4253"},"modified":"2024-05-16T06:44:17","modified_gmt":"2024-05-16T05:44:17","slug":"produits","status":"publish","type":"page","link":"https:\/\/www.rowatecag.ch\/fr\/produits\/","title":{"rendered":"Produits"},"content":{"rendered":"<p>Notre platforme est hautement \u00e9volutive et peut \u00eatre aisement adapt\u00e9e, afin de remplir, afin de remplir vos sp\u00e9cifications. Ci-dessous sont uniquement nos principaux standards:<\/p>\n<div class=\"wptb-table-container wptb-table-4489\"><div class=\"wptb-table-container-matrix\" id=\"wptb-table-id-4489\" data-wptb-version=\"1.4.11\" data-wptb-pro-status=\"false\"><table class=\"wptb-preview-table wptb-element-main-table_setting-1298\" data-reconstraction=\"1\" style=\"border: 1px solid rgb(209, 209, 209);\" data-wptb-table-tds-sum-max-width=\"333.636364\" data-wptb-cells-width-auto-count=\"3\" data-wptb-extra-styles=\"LyogRW50ZXIgeW91ciBjdXN0b20gQ1NTIHJ1bGVzIGhlcmUgKi8=\" role=\"table\" data-wptb-table-alignment=\"center\" data-table-columns=\"3\" data-wptb-responsive-directives=\"eyJyZXNwb25zaXZlRW5hYmxlZCI6dHJ1ZSwicmVzcG9uc2l2ZU1vZGUiOiJhdXRvIiwicHJlc2VydmVSb3dDb2xvciI6ZmFsc2UsInJlbGF0aXZlV2lkdGgiOiJ3aW5kb3ciLCJoZWFkZXJGdWxseU1lcmdlZCI6ZmFsc2UsIm1vZGVPcHRpb25zIjp7ImF1dG8iOnsiZGlzYWJsZWQiOnsiZGVza3RvcCI6ZmFsc2UsInRhYmxldCI6ZmFsc2UsIm1vYmlsZSI6ZmFsc2V9LCJ0b3BSb3dBc0hlYWRlciI6eyJkZXNrdG9wIjpmYWxzZSwidGFibGV0Ijp0cnVlLCJtb2JpbGUiOmZhbHNlfSwicmVwZWF0TWVyZ2VkSGVhZGVyIjp7ImRlc2t0b3AiOnRydWUsInRhYmxldCI6dHJ1ZSwibW9iaWxlIjp0cnVlfSwic3RhdGljVG9wUm93Ijp7ImRlc2t0b3AiOmZhbHNlLCJ0YWJsZXQiOmZhbHNlLCJtb2JpbGUiOmZhbHNlfSwiY2VsbFN0YWNrRGlyZWN0aW9uIjp7ImRlc2t0b3AiOiJyb3ciLCJ0YWJsZXQiOiJyb3ciLCJtb2JpbGUiOiJyb3cifSwiY2VsbHNQZXJSb3ciOnsiZGVza3RvcCI6MSwidGFibGV0IjozLCJtb2JpbGUiOjF9fX0sImJyZWFrcG9pbnRzIjp7ImRlc2t0b3AiOnsibmFtZSI6ImRlc2t0b3AiLCJ3aWR0aCI6MTAyNH0sInRhYmxldCI6eyJuYW1lIjoidGFibGV0Iiwid2lkdGgiOjcwMH0sIm1vYmlsZSI6eyJuYW1lIjoibW9iaWxlIiwid2lkdGgiOjMwMH19fQ==\" data-wptb-adaptive-table=\"0\" data-wptb-header-background-color=\"#FFFFFFFF\" data-wptb-odd-row-background-color=\"#FFFFFFFF\" data-wptb-td-width-auto=\"100\" data-wptb-apply-table-container-max-width=\"1\" data-wptb-table-container-max-width=\"902\" data-wptb-even-row-background-color=\"#FFFFFFFF\" data-wptb-horizontal-scroll-status=\"false\"><tbody><tr class=\"wptb-row\" style=\"background-color: rgb(255, 255, 255);\"><td class=\"wptb-cell\" data-y-index=\"0\" data-x-index=\"0\" style=\"border: 1px solid rgb(209, 209, 209); padding: 5px;\" data-wptb-css-td-auto-width=\"true\" data-sorted-vertical=\"ask-disabled\" data-sorted-horizontal=\"ask-disabled\"><div class=\"wptb-text-container wptb-ph-element wptb-element-text-1\" style=\"font-size: 16px; color: rgb(0, 0, 0);\"><div class=\"\" style=\"position: relative;\"><p style=\"text-align: center;\"><strong class=\"\"><a data-mce-href=\"https:\/\/www.rowatecag.ch\/fr\/entwaesserung-systemkomponenten\/\" href=\"https:\/\/www.rowatecag.ch\/fr\/entwaesserung-systemkomponenten\/\" style=\"color: #1d4b7f;\">Composants pour syst&egrave;mes de drainage et canalisations en PE<\/a><\/strong><\/p><\/div><\/div><div class=\"wptb-image-container wptb-ph-element wptb-element-image-1\" data-wptb-image-alignment=\"center\"><div class=\"wptb-image-wrapper\">            <a style=\"display: block; width: 77%; float: none;\" class=\"wptb-link-target\" href=\"https:\/\/www.rowatecag.ch\/fr\/entwaesserung-systemkomponenten\/\"><img loading=\"lazy\" decoding=\"async\" src=\"\/\/www.rowatecag.ch\/wp-content\/uploads\/2021\/04\/Endverschluss-Typ-E-EV-v03-1.png\" height=\"601\" width=\"800\" style=\"width: 100%;\" class=\" wptb-image-element-target\"><\/a>        <\/div><\/div><\/td><td class=\"wptb-cell\" data-y-index=\"0\" data-x-index=\"1\" style=\"border: 1px solid rgb(209, 209, 209); padding: 5px;\" data-wptb-css-td-auto-width=\"true\" data-sorted-vertical=\"ask-disabled\"><div class=\"wptb-text-container wptb-ph-element wptb-element-text-2\" style=\"color: rgb(0, 0, 0); font-size: 15px;\"><div class=\"\" style=\"position: relative;\"><p style=\"text-align: center;\"><strong class=\"\"><a data-mce-href=\"https:\/\/www.rowatecag.ch\/fr\/kabelschutzrohrsysteme\/\" href=\"https:\/\/www.rowatecag.ch\/fr\/kabelschutzrohrsysteme\/\" style=\"color: #1d4b7f;\" data-mce-selected=\"inline-boundary\">Syst&egrave;me pour tubes de protection de c&acirc;bles<\/a><\/strong><\/p><\/div><\/div><div class=\"wptb-image-container wptb-ph-element wptb-element-image-2\" data-wptb-image-alignment=\"center\"><div class=\"wptb-image-wrapper\">            <a style=\"display: block; width: 98%; float: none;\" class=\"wptb-link-target\" href=\"https:\/\/www.rowatecag.ch\/fr\/kabelschutzrohrsysteme\/\"><img loading=\"lazy\" decoding=\"async\" src=\"\/\/www.rowatecag.ch\/wp-content\/uploads\/2021\/04\/Konstruktion-mit-aufgeschweissten-Rohrringen-v02.jpg\" height=\"254\" width=\"439\" style=\"width: 100%;\" class=\" wptb-image-element-target\"><\/a>        <\/div><\/div><\/td><td class=\"wptb-cell\" data-y-index=\"0\" data-x-index=\"2\" style=\"border: 1px solid rgb(209, 209, 209); padding: 5px;\" data-wptb-css-td-auto-width=\"true\" data-sorted-vertical=\"ask-disabled\"><div class=\"wptb-text-container wptb-ph-element wptb-element-text-3\" style=\"font-size: 16px;\"><div class=\"\" style=\"position: relative;\"><p style=\"text-align: center;\"><a data-mce-href=\"https:\/\/www.rowatecag.ch\/rohraufhaengungen\/\" href=\"https:\/\/www.rowatecag.ch\/rohraufhaengungen\/\" style=\"color: #1d4b7f;\" class=\"\"><strong>&#65279;Suspension de conduites<\/strong><\/a><\/p><\/div><\/div><div class=\"wptb-image-container wptb-ph-element wptb-element-image-6\"><div class=\"wptb-image-wrapper\">            <a style=\"display: block; width: 61%;\" class=\"wptb-link-target\" href=\"https:\/\/www.rowatecag.ch\/rohraufhaengungen\/\"><img loading=\"lazy\" decoding=\"async\" src=\"\/\/www.rowatecag.ch\/wp-content\/uploads\/2021\/04\/Rohraufhangung-Typ-RO-2-v02.png\" height=\"551\" width=\"505\" style=\"width: 100%;\" class=\" wptb-image-element-target\"><\/a>        <\/div><\/div><\/td><\/tr><tr class=\"wptb-row\" style=\"background-color: rgb(255, 255, 255);\"><td class=\"wptb-cell\" data-y-index=\"1\" data-x-index=\"0\" style=\"border: 1px solid rgb(209, 209, 209); padding: 5px;\" data-wptb-css-td-auto-width=\"true\" data-sorted-horizontal=\"ask-disabled\"><div class=\"wptb-text-container wptb-ph-element wptb-element-text-7\" style=\"font-size: 16px;\"><div class=\"\" style=\"position: relative;\"><p style=\"text-align: center;\"><a data-mce-href=\"https:\/\/www.rowatecag.ch\/entwaesserungsschaechte\/\" href=\"https:\/\/www.rowatecag.ch\/entwaesserungsschaechte\/\" style=\"color: #1d4b7f;\" class=\"\"><strong>&#65279;Avaloirs et puits<\/strong><\/a><\/p><\/div><\/div><div class=\"wptb-image-container wptb-ph-element wptb-element-image-4\"><div class=\"wptb-image-wrapper\">            <a style=\"display: block; width: 60%;\" class=\"wptb-link-target\" href=\"https:\/\/www.rowatecag.ch\/entwaesserungsschaechte\/\"><img loading=\"lazy\" decoding=\"async\" src=\"\/\/www.rowatecag.ch\/wp-content\/uploads\/2021\/04\/Typ-PS-12-H.png\" height=\"484\" width=\"468\" style=\"width: 100%;\" class=\" wptb-image-element-target\"><\/a>        <\/div><\/div><div class=\"wptb-text-container wptb-ph-element wptb-element-text-1\" style=\"font-size: 16px; color: rgb(0, 0, 0);\"><div class=\"\" style=\"position: relative;\"><p><\/p><\/div><\/div><\/td><td class=\"wptb-cell\" data-y-index=\"1\" data-x-index=\"1\" style=\"border: 1px solid rgb(209, 209, 209); padding: 5px;\" data-wptb-css-td-auto-width=\"true\"><div class=\"wptb-text-container wptb-ph-element wptb-element-text-8\" style=\"font-size: 16px;\"><div class=\"mce-edit-focus\" style=\"position: relative;\"><p style=\"text-align: center;\"><a data-mce-href=\"https:\/\/www.rowatecag.ch\/dehnfugen\/\" href=\"https:\/\/www.rowatecag.ch\/dehnfugen\/\" style=\"color: #1d4b7f;\" class=\"\"><strong>&#65279;Joints de dilatation pour ponts<\/strong><\/a><\/p><\/div><\/div><div class=\"wptb-image-container wptb-ph-element wptb-element-image-7\"><div class=\"wptb-image-wrapper\">            <a style=\"display: block; width: 100%;\" href=\"https:\/\/www.rowatecag.ch\/dehnfugen\/\" class=\"wptb-link-target\"><img loading=\"lazy\" decoding=\"async\" src=\"\/\/www.rowatecag.ch\/wp-content\/uploads\/2021\/09\/Fahrbahnubergang-Typ-WSF-80-CH-mit-Ankerschlaufen-v05.png\" height=\"485\" width=\"724\" style=\"width: 100%;\" class=\" wptb-image-element-target\"><\/a>        <\/div><\/div><\/td><td class=\"wptb-cell\" data-y-index=\"1\" data-x-index=\"2\" style=\"border: 1px solid rgb(209, 209, 209); padding: 5px;\" data-wptb-css-td-auto-width=\"true\"><div class=\"wptb-text-container wptb-ph-element wptb-element-text-9\" style=\"font-size: 16px;\"><div class=\"\" style=\"position: relative;\"><p style=\"text-align: center;\"><a data-mce-href=\"https:\/\/www.rowatecag.ch\/belagsentwaesserung-2\/\" href=\"https:\/\/www.rowatecag.ch\/belagsentwaesserung-2\/\" class=\"\" style=\"color: #1d4b7f;\" data-mce-selected=\"inline-boundary\"><strong>&#65279;Byst&egrave;me pour le drainage du rev&ecirc;tment<\/strong><\/a><\/p><\/div><\/div><div class=\"wptb-image-container wptb-ph-element wptb-element-image-9\"><div class=\"wptb-image-wrapper\">            <a style=\"display: block; width: 59%;\" class=\"wptb-link-target\" href=\"https:\/\/www.rowatecag.ch\/belagsentwaesserung-2\/\"><img loading=\"lazy\" decoding=\"async\" src=\"\/\/www.rowatecag.ch\/wp-content\/uploads\/2021\/04\/Belagsentwasserungselement-Typ-RA-40.png\" height=\"461\" width=\"410\" style=\"width: 100%;\" class=\" wptb-image-element-target\"><\/a>        <\/div><\/div><\/td><\/tr><\/tbody><\/table><\/div><\/div>\n\n<p>Pour toute question suppl\u00e9mentaire, notre <a href=\"https:\/\/www.rowatecag.ch\/fr\/equipe-de-vente\/\">\u00e9quipe de vente<\/a> est \u00e0 votre disposition.<\/p>\n","protected":false},"excerpt":{"rendered":"<p>Notre platforme est hautement \u00e9volutive et peut \u00eatre aisement adapt\u00e9e, afin de remplir, afin de remplir vos sp\u00e9cifications. Ci-dessous sont uniquement nos principaux standards: Pour toute question suppl\u00e9mentaire, notre \u00e9quipe de vente est \u00e0 votre disposition.<\/p>\n","protected":false},"author":48,"featured_media":0,"parent":0,"menu_order":0,"comment_status":"closed","ping_status":"closed","template":"","meta":{"_genesis_hide_title":false,"_genesis_hide_breadcrumbs":false,"_genesis_hide_singular_image":false,"_genesis_hide_footer_widgets":false,"_genesis_custom_body_class":"","_genesis_custom_post_class":"","_genesis_layout":"full-width-content","footnotes":""},"class_list":{"0":"post-4253","1":"page","2":"type-page","3":"status-publish","5":"entry"},"acf":[],"post_mailing_queue_ids":[],"_links":{"self":[{"href":"https:\/\/www.rowatecag.ch\/fr\/wp-json\/wp\/v2\/pages\/4253","targetHints":{"allow":["GET"]}}],"collection":[{"href":"https:\/\/www.rowatecag.ch\/fr\/wp-json\/wp\/v2\/pages"}],"about":[{"href":"https:\/\/www.rowatecag.ch\/fr\/wp-json\/wp\/v2\/types\/page"}],"author":[{"embeddable":true,"href":"https:\/\/www.rowatecag.ch\/fr\/wp-json\/wp\/v2\/users\/48"}],"replies":[{"embeddable":true,"href":"https:\/\/www.rowatecag.ch\/fr\/wp-json\/wp\/v2\/comments?post=4253"}],"version-history":[{"count":0,"href":"https:\/\/www.rowatecag.ch\/fr\/wp-json\/wp\/v2\/pages\/4253\/revisions"}],"wp:attachment":[{"href":"https:\/\/www.rowatecag.ch\/fr\/wp-json\/wp\/v2\/media?parent=4253"}],"curies":[{"name":"wp","href":"https:\/\/api.w.org\/{rel}","templated":true}]}}