{"id":4748,"date":"2023-01-24T06:26:18","date_gmt":"2023-01-24T05:26:18","guid":{"rendered":"https:\/\/www.rowatecag.ch\/?page_id=4748"},"modified":"2023-01-24T06:31:16","modified_gmt":"2023-01-24T05:31:16","slug":"pipette","status":"publish","type":"page","link":"https:\/\/www.rowatecag.ch\/fr\/pipette\/","title":{"rendered":"Pipette"},"content":{"rendered":"<p><strong>Rowatec AG<\/strong> a plus de <strong>50 ans d&#8217;exp\u00e9rience<\/strong> dans le domaine du drainage des rev\u00eatements.<br \/>\nNous fabriquons pour vous le syst\u00e8me complet de drainage des rev\u00eatements et le montons sur votre pont.<\/p>\n<p>Voici les principaux composants de la pipette :<\/p>\n<div class=\"wptb-table-container wptb-table-4747\"><div class=\"wptb-table-container-matrix\" id=\"wptb-table-id-4747\" data-wptb-version=\"1.4.11\" data-wptb-pro-status=\"false\"><table class=\"wptb-preview-table wptb-element-main-table_setting-2371 edit-active\" data-reconstraction=\"1\" style=\"border: 1px solid rgb(209, 209, 209);\" data-wptb-table-tds-sum-max-width=\"394\" data-wptb-cells-width-auto-count=\"3\" data-wptb-extra-styles=\"LyogRW50ZXIgeW91ciBjdXN0b20gQ1NTIHJ1bGVzIGhlcmUgKi8=\" role=\"table\" data-wptb-header-background-color=\"#FFFFFFFF\" data-wptb-odd-row-background-color=\"#FFFFFFFF\" data-wptb-even-row-background-color=\"#FFFFFFFF\" data-table-columns=\"3\" data-wptb-responsive-directives=\"eyJyZXNwb25zaXZlRW5hYmxlZCI6dHJ1ZSwicmVzcG9uc2l2ZU1vZGUiOiJhdXRvIiwicHJlc2VydmVSb3dDb2xvciI6ZmFsc2UsInJlbGF0aXZlV2lkdGgiOiJ3aW5kb3ciLCJoZWFkZXJGdWxseU1lcmdlZCI6ZmFsc2UsIm1vZGVPcHRpb25zIjp7ImF1dG8iOnsidG9wUm93QXNIZWFkZXIiOnsiZGVza3RvcCI6ZmFsc2UsInRhYmxldCI6ZmFsc2UsIm1vYmlsZSI6ZmFsc2V9LCJyZXBlYXRNZXJnZWRIZWFkZXIiOnsiZGVza3RvcCI6dHJ1ZSwidGFibGV0Ijp0cnVlLCJtb2JpbGUiOnRydWV9LCJzdGF0aWNUb3BSb3ciOnsiZGVza3RvcCI6ZmFsc2UsInRhYmxldCI6ZmFsc2UsIm1vYmlsZSI6ZmFsc2V9LCJjZWxsU3RhY2tEaXJlY3Rpb24iOnsiZGVza3RvcCI6InJvdyIsInRhYmxldCI6InJvdyIsIm1vYmlsZSI6InJvdyJ9LCJjZWxsc1BlclJvdyI6eyJkZXNrdG9wIjoxLCJ0YWJsZXQiOjIsIm1vYmlsZSI6MX19fSwiYnJlYWtwb2ludHMiOnsiZGVza3RvcCI6eyJuYW1lIjoiZGVza3RvcCIsIndpZHRoIjoxMDI0fSwidGFibGV0Ijp7Im5hbWUiOiJ0YWJsZXQiLCJ3aWR0aCI6NzAwfSwibW9iaWxlIjp7Im5hbWUiOiJtb2JpbGUiLCJ3aWR0aCI6MzAwfX19\" data-wptb-adaptive-table=\"0\" data-wptb-td-width-auto=\"100\" data-wptb-horizontal-scroll-status=\"false\"><tbody><tr class=\"wptb-row\" style=\"background-color: rgb(255, 255, 255);\"><td class=\"wptb-cell\" data-y-index=\"0\" data-x-index=\"0\" style=\"border: 1px solid rgb(209, 209, 209);\" data-wptb-css-td-auto-width=\"true\"><div class=\"wptb-text-container wptb-ph-element wptb-element-text-1\" style=\"color: rgb(29, 75, 127); font-size: 15px;\"><div class=\"\" style=\"position: relative;\"><p style=\"text-align: center;\"><a data-mce-href=\"https:\/\/www.rowatecag.ch\/belagsentwaesserung-typ-rk-40\/\" href=\"https:\/\/www.rowatecag.ch\/belagsentwaesserung-typ-rk-40\/\" class=\"\" style=\"color: #1d4b7f;\" data-mce-selected=\"inline-boundary\"><strong>Pipette Type RK-40 avec tube de drainage en PE<\/strong><\/a><\/p><\/div><\/div><div class=\"wptb-image-container wptb-ph-element wptb-element-image-1\"><div class=\"wptb-image-wrapper\">            <a style=\"display: block; width: 77%;\" class=\"\" href=\"https:\/\/www.rowatecag.ch\/belagsentwaesserung-typ-rk-40\/\"><img loading=\"lazy\" decoding=\"async\" src=\"\/\/www.rowatecag.ch\/wp-content\/uploads\/2021\/09\/Belagsentwasserungselement-Typ-RK-40.png\" height=\"524\" width=\"470\" style=\"width: 100%;\" class=\" wptb-image-element-target\"><\/a>        <\/div><\/div><\/td><td class=\"wptb-cell\" data-y-index=\"0\" data-x-index=\"1\" style=\"border: 1px solid rgb(209, 209, 209);\" data-wptb-css-td-auto-width=\"true\"><div class=\"wptb-text-container wptb-ph-element wptb-element-text-3\" style=\"color: rgb(29, 75, 127); font-size: 15px;\"><div class=\"\" style=\"position: relative;\"><p style=\"text-align: center;\"><a data-mce-href=\"https:\/\/www.rowatecag.ch\/belagsentwaesserung-typ-ra-40\/\" href=\"https:\/\/www.rowatecag.ch\/belagsentwaesserung-typ-ra-40\/\" class=\"\" style=\"color: #1d4b7f;\"><strong>&#65279;Pipette Type RA-40 avec tube de drainage en acier Inox<\/strong><\/a><\/p><\/div><\/div><div class=\"wptb-text-container wptb-ph-element wptb-element-text-4\"><div class=\"\" style=\"position: relative;\"><p><\/p><\/div><\/div><div class=\"wptb-image-container wptb-ph-element wptb-element-image-3\"><div class=\"wptb-image-wrapper\">            <a style=\"display: block;\" class=\"\" href=\"https:\/\/www.rowatecag.ch\/belagsentwaesserung-typ-ra-40\/\"><img loading=\"lazy\" decoding=\"async\" src=\"\/\/www.rowatecag.ch\/wp-content\/uploads\/2021\/09\/Belagsentwasserungselement-rostfrei-A4-Typ-RA-40.png\" height=\"694\" width=\"974\" style=\"width: 100%;\" class=\" wptb-image-element-target\"><\/a>        <\/div><\/div><\/td><td class=\"wptb-cell\" data-y-index=\"0\" data-x-index=\"2\" style=\"border: 1px solid rgb(209, 209, 209);\" data-wptb-css-td-auto-width=\"true\"><div class=\"wptb-text-container wptb-ph-element wptb-element-text-8\" style=\"color: rgb(29, 75, 127); font-size: 15px;\"><div class=\"\" style=\"position: relative;\"><p style=\"text-align: center;\"><a data-mce-href=\"https:\/\/www.rowatecag.ch\/wp-content\/uploads\/2021\/09\/3.3-Hutprofil-B-HP.pdf\" href=\"https:\/\/www.rowatecag.ch\/wp-content\/uploads\/2021\/09\/3.3-Hutprofil-B-HP.pdf\" style=\"color: #1d4b7f;\" class=\"\" data-mce-selected=\"inline-boundary\"><strong>&#65279;Profil&eacute; de drainage Type B-HP<\/strong><\/a><\/p><\/div><\/div><div class=\"wptb-text-container wptb-ph-element wptb-element-text-5\"><div class=\"\" style=\"position: relative;\"><p><\/p><\/div><\/div><div class=\"wptb-image-container wptb-ph-element wptb-element-image-8\"><div class=\"wptb-image-wrapper\">            <a style=\"display: block;\" class=\"\" href=\"https:\/\/www.rowatecag.ch\/wp-content\/uploads\/2021\/09\/3.3-Hutprofil-B-HP.pdf\"><img loading=\"lazy\" decoding=\"async\" src=\"\/\/www.rowatecag.ch\/wp-content\/uploads\/2021\/09\/Hutprofil-Typ-B-HP.png\" height=\"560\" width=\"950\" style=\"width: 100%;\" class=\" wptb-image-element-target\"><\/a>        <\/div><\/div><\/td><\/tr><\/tbody><\/table><\/div><\/div>\n\n<p><a href=\"https:\/\/www.rowatecag.ch\/verkaufsteam\/\">Pour toute question suppl\u00e9mentaire, notre \u00e9quipe de vente se tient \u00e0 votre disposition.<\/a><\/p>\n","protected":false},"excerpt":{"rendered":"<p>Rowatec AG a plus de 50 ans d&#8217;exp\u00e9rience dans le domaine du drainage des rev\u00eatements. Nous fabriquons pour vous le syst\u00e8me complet de drainage des rev\u00eatements et le montons sur votre pont. Voici les principaux composants de la pipette : Pour toute question suppl\u00e9mentaire, notre \u00e9quipe de vente se tient \u00e0 votre disposition.<\/p>\n","protected":false},"author":48,"featured_media":0,"parent":0,"menu_order":0,"comment_status":"closed","ping_status":"closed","template":"","meta":{"_genesis_hide_title":false,"_genesis_hide_breadcrumbs":false,"_genesis_hide_singular_image":false,"_genesis_hide_footer_widgets":false,"_genesis_custom_body_class":"","_genesis_custom_post_class":"","_genesis_layout":"full-width-content","footnotes":""},"class_list":{"0":"post-4748","1":"page","2":"type-page","3":"status-publish","5":"entry"},"acf":[],"post_mailing_queue_ids":[],"_links":{"self":[{"href":"https:\/\/www.rowatecag.ch\/fr\/wp-json\/wp\/v2\/pages\/4748","targetHints":{"allow":["GET"]}}],"collection":[{"href":"https:\/\/www.rowatecag.ch\/fr\/wp-json\/wp\/v2\/pages"}],"about":[{"href":"https:\/\/www.rowatecag.ch\/fr\/wp-json\/wp\/v2\/types\/page"}],"author":[{"embeddable":true,"href":"https:\/\/www.rowatecag.ch\/fr\/wp-json\/wp\/v2\/users\/48"}],"replies":[{"embeddable":true,"href":"https:\/\/www.rowatecag.ch\/fr\/wp-json\/wp\/v2\/comments?post=4748"}],"version-history":[{"count":0,"href":"https:\/\/www.rowatecag.ch\/fr\/wp-json\/wp\/v2\/pages\/4748\/revisions"}],"wp:attachment":[{"href":"https:\/\/www.rowatecag.ch\/fr\/wp-json\/wp\/v2\/media?parent=4748"}],"curies":[{"name":"wp","href":"https:\/\/api.w.org\/{rel}","templated":true}]}}