{"id":5148,"date":"2024-04-23T05:44:03","date_gmt":"2024-04-23T04:44:03","guid":{"rendered":"https:\/\/www.rowatecag.ch\/?page_id=5148"},"modified":"2024-04-23T09:41:44","modified_gmt":"2024-04-23T08:41:44","slug":"von-der-planung-bis-zur-herstellung-und-montage-einer-neuen-aufgehaengten-gussrohrleitung","status":"publish","type":"page","link":"https:\/\/www.rowatecag.ch\/fr\/von-der-planung-bis-zur-herstellung-und-montage-einer-neuen-aufgehaengten-gussrohrleitung\/","title":{"rendered":"De la planification \u00e0 la fabrication et \u00e0 l&#8217;installation d&#8217;une nouvelle conduite en fonte suspendue"},"content":{"rendered":"<figure id=\"attachment_5185\" aria-describedby=\"caption-attachment-5185\" style=\"width: 450px\" class=\"wp-caption alignnone\"><img loading=\"lazy\" decoding=\"async\" class=\"wp-image-5185\" src=\"https:\/\/www.rowatecag.ch\/wp-content\/uploads\/2024\/04\/DSC08565-\u043a\u043e\u043f\u0438\u044f-1-scaled-e1713847404287-721x1024.jpg\" alt=\"\" width=\"450\" height=\"639\" srcset=\"https:\/\/www.rowatecag.ch\/wp-content\/uploads\/2024\/04\/DSC08565-\u043a\u043e\u043f\u0438\u044f-1-scaled-e1713847404287-721x1024.jpg 721w, https:\/\/www.rowatecag.ch\/wp-content\/uploads\/2024\/04\/DSC08565-\u043a\u043e\u043f\u0438\u044f-1-scaled-e1713847404287-211x300.jpg 211w, https:\/\/www.rowatecag.ch\/wp-content\/uploads\/2024\/04\/DSC08565-\u043a\u043e\u043f\u0438\u044f-1-scaled-e1713847404287-768x1091.jpg 768w, https:\/\/www.rowatecag.ch\/wp-content\/uploads\/2024\/04\/DSC08565-\u043a\u043e\u043f\u0438\u044f-1-scaled-e1713847404287-1081x1536.jpg 1081w, https:\/\/www.rowatecag.ch\/wp-content\/uploads\/2024\/04\/DSC08565-\u043a\u043e\u043f\u0438\u044f-1-scaled-e1713847404287-1442x2048.jpg 1442w, https:\/\/www.rowatecag.ch\/wp-content\/uploads\/2024\/04\/DSC08565-\u043a\u043e\u043f\u0438\u044f-1-scaled-e1713847404287-17x24.jpg 17w, https:\/\/www.rowatecag.ch\/wp-content\/uploads\/2024\/04\/DSC08565-\u043a\u043e\u043f\u0438\u044f-1-scaled-e1713847404287-25x36.jpg 25w, https:\/\/www.rowatecag.ch\/wp-content\/uploads\/2024\/04\/DSC08565-\u043a\u043e\u043f\u0438\u044f-1-scaled-e1713847404287-34x48.jpg 34w, https:\/\/www.rowatecag.ch\/wp-content\/uploads\/2024\/04\/DSC08565-\u043a\u043e\u043f\u0438\u044f-1-scaled-e1713847404287.jpg 1706w\" sizes=\"auto, (max-width: 450px) 100vw, 450px\" \/><figcaption id=\"caption-attachment-5185\" class=\"wp-caption-text\">Rowatec sur le chantier<\/figcaption><\/figure>\n<p>Rowatec a \u00e9t\u00e9 charg\u00e9 de concevoir, fabriquer et installer toute la structure pour suspendre les tuyaux (environ 750 m\u00e8tres). L&#8217;utilisation d&#8217;un scanner 3D a permis de capturer la forme exacte du pont dans cette zone. Le projet a \u00e9t\u00e9 r\u00e9alis\u00e9 en collaboration avec Implenia selon les normes ASTRA. Pour plus d&#8217;informations et une image du scan 3D, <a href=\"https:\/\/www.rowatecag.ch\/entwicklung-einer-kunden-und-ortspezifischen-produktloesung-mit-hilfe-einer-3d-kamera\/\">veuillez consulter ici<\/a>.<\/p>\n<figure id=\"attachment_5152\" aria-describedby=\"caption-attachment-5152\" style=\"width: 450px\" class=\"wp-caption alignnone\"><img loading=\"lazy\" decoding=\"async\" class=\"wp-image-5152\" src=\"https:\/\/www.rowatecag.ch\/wp-content\/uploads\/2024\/04\/DSC08470-\u043a\u043e\u043f\u0438\u044f-scaled-e1713846487982-1024x650.jpg\" alt=\"\" width=\"450\" height=\"285\" srcset=\"https:\/\/www.rowatecag.ch\/wp-content\/uploads\/2024\/04\/DSC08470-\u043a\u043e\u043f\u0438\u044f-scaled-e1713846487982-1024x650.jpg 1024w, https:\/\/www.rowatecag.ch\/wp-content\/uploads\/2024\/04\/DSC08470-\u043a\u043e\u043f\u0438\u044f-scaled-e1713846487982-300x190.jpg 300w, https:\/\/www.rowatecag.ch\/wp-content\/uploads\/2024\/04\/DSC08470-\u043a\u043e\u043f\u0438\u044f-scaled-e1713846487982-768x487.jpg 768w, https:\/\/www.rowatecag.ch\/wp-content\/uploads\/2024\/04\/DSC08470-\u043a\u043e\u043f\u0438\u044f-scaled-e1713846487982-1536x974.jpg 1536w, https:\/\/www.rowatecag.ch\/wp-content\/uploads\/2024\/04\/DSC08470-\u043a\u043e\u043f\u0438\u044f-scaled-e1713846487982-2048x1299.jpg 2048w, https:\/\/www.rowatecag.ch\/wp-content\/uploads\/2024\/04\/DSC08470-\u043a\u043e\u043f\u0438\u044f-scaled-e1713846487982-24x15.jpg 24w, https:\/\/www.rowatecag.ch\/wp-content\/uploads\/2024\/04\/DSC08470-\u043a\u043e\u043f\u0438\u044f-scaled-e1713846487982-36x23.jpg 36w, https:\/\/www.rowatecag.ch\/wp-content\/uploads\/2024\/04\/DSC08470-\u043a\u043e\u043f\u0438\u044f-scaled-e1713846487982-48x30.jpg 48w\" sizes=\"auto, (max-width: 450px) 100vw, 450px\" \/><figcaption id=\"caption-attachment-5152\" class=\"wp-caption-text\">Conception complexe de la conduite en fonte<\/figcaption><\/figure>\n<p>Le poids du tuyau est extr\u00eame &#8211; un tuyau de 6 m\u00e8tres de long p\u00e8se 1,5 tonne. De plus, la conduite d&#8217;eau est sous pression, et tout changement de direction g\u00e9n\u00e8re une force qui doit \u00eatre absorb\u00e9e par la structure porteuse. Par exemple, un angle de 45 degr\u00e9s correspond \u00e0 une force de 27,5 tonnes.<\/p>\n<figure id=\"attachment_5155\" aria-describedby=\"caption-attachment-5155\" style=\"width: 450px\" class=\"wp-caption alignnone\"><img loading=\"lazy\" decoding=\"async\" class=\"wp-image-5155\" src=\"https:\/\/www.rowatecag.ch\/wp-content\/uploads\/2024\/04\/DSC08555-\u043a\u043e\u043f\u0438\u044f-1024x683.jpg\" alt=\"\" width=\"450\" height=\"300\" srcset=\"https:\/\/www.rowatecag.ch\/wp-content\/uploads\/2024\/04\/DSC08555-\u043a\u043e\u043f\u0438\u044f-1024x683.jpg 1024w, https:\/\/www.rowatecag.ch\/wp-content\/uploads\/2024\/04\/DSC08555-\u043a\u043e\u043f\u0438\u044f-300x200.jpg 300w, https:\/\/www.rowatecag.ch\/wp-content\/uploads\/2024\/04\/DSC08555-\u043a\u043e\u043f\u0438\u044f-768x512.jpg 768w, https:\/\/www.rowatecag.ch\/wp-content\/uploads\/2024\/04\/DSC08555-\u043a\u043e\u043f\u0438\u044f-1536x1024.jpg 1536w, https:\/\/www.rowatecag.ch\/wp-content\/uploads\/2024\/04\/DSC08555-\u043a\u043e\u043f\u0438\u044f-2048x1365.jpg 2048w, https:\/\/www.rowatecag.ch\/wp-content\/uploads\/2024\/04\/DSC08555-\u043a\u043e\u043f\u0438\u044f-24x16.jpg 24w, https:\/\/www.rowatecag.ch\/wp-content\/uploads\/2024\/04\/DSC08555-\u043a\u043e\u043f\u0438\u044f-36x24.jpg 36w, https:\/\/www.rowatecag.ch\/wp-content\/uploads\/2024\/04\/DSC08555-\u043a\u043e\u043f\u0438\u044f-48x32.jpg 48w\" sizes=\"auto, (max-width: 450px) 100vw, 450px\" \/><figcaption id=\"caption-attachment-5155\" class=\"wp-caption-text\">Un moment de pose de la conduite en fonte<\/figcaption><\/figure>\n<p>La conception devait \u00eatre r\u00e9alis\u00e9e de mani\u00e8re \u00e0 \u00e9viter toute collision avec le c\u00e2ble de tension dans la structure lat\u00e9rale du pont. Nous proposons toujours une solution \u00e0 nos clients, et gr\u00e2ce \u00e0 la collaboration entre sp\u00e9cialistes, ing\u00e9nieurs et monteurs, le succ\u00e8s du projet \u00e9tait assur\u00e9.<\/p>\n<figure id=\"attachment_5158\" aria-describedby=\"caption-attachment-5158\" style=\"width: 450px\" class=\"wp-caption alignnone\"><img loading=\"lazy\" decoding=\"async\" class=\"wp-image-5158\" src=\"https:\/\/www.rowatecag.ch\/wp-content\/uploads\/2024\/04\/DSC08526-\u043a\u043e\u043f\u0438\u044f-1024x683.jpg\" alt=\"\" width=\"450\" height=\"300\" srcset=\"https:\/\/www.rowatecag.ch\/wp-content\/uploads\/2024\/04\/DSC08526-\u043a\u043e\u043f\u0438\u044f-1024x683.jpg 1024w, https:\/\/www.rowatecag.ch\/wp-content\/uploads\/2024\/04\/DSC08526-\u043a\u043e\u043f\u0438\u044f-300x200.jpg 300w, https:\/\/www.rowatecag.ch\/wp-content\/uploads\/2024\/04\/DSC08526-\u043a\u043e\u043f\u0438\u044f-768x512.jpg 768w, https:\/\/www.rowatecag.ch\/wp-content\/uploads\/2024\/04\/DSC08526-\u043a\u043e\u043f\u0438\u044f-1536x1024.jpg 1536w, https:\/\/www.rowatecag.ch\/wp-content\/uploads\/2024\/04\/DSC08526-\u043a\u043e\u043f\u0438\u044f-2048x1365.jpg 2048w, https:\/\/www.rowatecag.ch\/wp-content\/uploads\/2024\/04\/DSC08526-\u043a\u043e\u043f\u0438\u044f-24x16.jpg 24w, https:\/\/www.rowatecag.ch\/wp-content\/uploads\/2024\/04\/DSC08526-\u043a\u043e\u043f\u0438\u044f-36x24.jpg 36w, https:\/\/www.rowatecag.ch\/wp-content\/uploads\/2024\/04\/DSC08526-\u043a\u043e\u043f\u0438\u044f-48x32.jpg 48w\" sizes=\"auto, (max-width: 450px) 100vw, 450px\" \/><figcaption id=\"caption-attachment-5158\" class=\"wp-caption-text\">Un montage soigneux est la cl\u00e9 du succ\u00e8s<\/figcaption><\/figure>\n<p>Dans l&#8217;ensemble, les travaux sur l&#8217;autoroute et les ponts sur le chantier TP5 N09 Vennes-Chexbres \u00e9taient une t\u00e2che complexe et exigeante. Les monteurs, les chefs de chantier et les ing\u00e9nieurs sur le chantier ont travaill\u00e9 ensemble pour s&#8217;assurer que les r\u00e9sultats r\u00e9pondent aux attentes et aux normes les plus \u00e9lev\u00e9es.<\/p>\n<figure id=\"attachment_5161\" aria-describedby=\"caption-attachment-5161\" style=\"width: 450px\" class=\"wp-caption alignnone\"><img loading=\"lazy\" decoding=\"async\" class=\"wp-image-5161\" src=\"https:\/\/www.rowatecag.ch\/wp-content\/uploads\/2024\/04\/DSC08462-\u043a\u043e\u043f\u0438\u044f-scaled-e1713846750371-1024x655.jpg\" alt=\"\" width=\"450\" height=\"288\" srcset=\"https:\/\/www.rowatecag.ch\/wp-content\/uploads\/2024\/04\/DSC08462-\u043a\u043e\u043f\u0438\u044f-scaled-e1713846750371-1024x655.jpg 1024w, https:\/\/www.rowatecag.ch\/wp-content\/uploads\/2024\/04\/DSC08462-\u043a\u043e\u043f\u0438\u044f-scaled-e1713846750371-300x192.jpg 300w, https:\/\/www.rowatecag.ch\/wp-content\/uploads\/2024\/04\/DSC08462-\u043a\u043e\u043f\u0438\u044f-scaled-e1713846750371-768x492.jpg 768w, https:\/\/www.rowatecag.ch\/wp-content\/uploads\/2024\/04\/DSC08462-\u043a\u043e\u043f\u0438\u044f-scaled-e1713846750371-1536x983.jpg 1536w, https:\/\/www.rowatecag.ch\/wp-content\/uploads\/2024\/04\/DSC08462-\u043a\u043e\u043f\u0438\u044f-scaled-e1713846750371-2048x1311.jpg 2048w, https:\/\/www.rowatecag.ch\/wp-content\/uploads\/2024\/04\/DSC08462-\u043a\u043e\u043f\u0438\u044f-scaled-e1713846750371-24x15.jpg 24w, https:\/\/www.rowatecag.ch\/wp-content\/uploads\/2024\/04\/DSC08462-\u043a\u043e\u043f\u0438\u044f-scaled-e1713846750371-36x23.jpg 36w, https:\/\/www.rowatecag.ch\/wp-content\/uploads\/2024\/04\/DSC08462-\u043a\u043e\u043f\u0438\u044f-scaled-e1713846750371-48x31.jpg 48w\" sizes=\"auto, (max-width: 450px) 100vw, 450px\" \/><figcaption id=\"caption-attachment-5161\" class=\"wp-caption-text\">La construction avec de l&#8217;espace<\/figcaption><\/figure>\n<figure id=\"attachment_5164\" aria-describedby=\"caption-attachment-5164\" style=\"width: 450px\" class=\"wp-caption alignnone\"><img loading=\"lazy\" decoding=\"async\" class=\"wp-image-5164\" src=\"https:\/\/www.rowatecag.ch\/wp-content\/uploads\/2024\/04\/DSC08580-\u043a\u043e\u043f\u0438\u044f-670x1024.jpg\" alt=\"\" width=\"450\" height=\"687\" srcset=\"https:\/\/www.rowatecag.ch\/wp-content\/uploads\/2024\/04\/DSC08580-\u043a\u043e\u043f\u0438\u044f-670x1024.jpg 670w, https:\/\/www.rowatecag.ch\/wp-content\/uploads\/2024\/04\/DSC08580-\u043a\u043e\u043f\u0438\u044f-196x300.jpg 196w, https:\/\/www.rowatecag.ch\/wp-content\/uploads\/2024\/04\/DSC08580-\u043a\u043e\u043f\u0438\u044f-768x1173.jpg 768w, https:\/\/www.rowatecag.ch\/wp-content\/uploads\/2024\/04\/DSC08580-\u043a\u043e\u043f\u0438\u044f-1006x1536.jpg 1006w, https:\/\/www.rowatecag.ch\/wp-content\/uploads\/2024\/04\/DSC08580-\u043a\u043e\u043f\u0438\u044f-1341x2048.jpg 1341w, https:\/\/www.rowatecag.ch\/wp-content\/uploads\/2024\/04\/DSC08580-\u043a\u043e\u043f\u0438\u044f-16x24.jpg 16w, https:\/\/www.rowatecag.ch\/wp-content\/uploads\/2024\/04\/DSC08580-\u043a\u043e\u043f\u0438\u044f-24x36.jpg 24w, https:\/\/www.rowatecag.ch\/wp-content\/uploads\/2024\/04\/DSC08580-\u043a\u043e\u043f\u0438\u044f-31x48.jpg 31w, https:\/\/www.rowatecag.ch\/wp-content\/uploads\/2024\/04\/DSC08580-\u043a\u043e\u043f\u0438\u044f-scaled.jpg 1676w\" sizes=\"auto, (max-width: 450px) 100vw, 450px\" \/><figcaption id=\"caption-attachment-5164\" class=\"wp-caption-text\">Contr\u00f4le de qualit\u00e9<\/figcaption><\/figure>\n<figure id=\"attachment_5167\" aria-describedby=\"caption-attachment-5167\" style=\"width: 450px\" class=\"wp-caption alignnone\"><img loading=\"lazy\" decoding=\"async\" class=\"wp-image-5167\" src=\"https:\/\/www.rowatecag.ch\/wp-content\/uploads\/2024\/04\/DSC08544-\u043a\u043e\u043f\u0438\u044f-1024x683.jpg\" alt=\"\" width=\"450\" height=\"300\" srcset=\"https:\/\/www.rowatecag.ch\/wp-content\/uploads\/2024\/04\/DSC08544-\u043a\u043e\u043f\u0438\u044f-1024x683.jpg 1024w, https:\/\/www.rowatecag.ch\/wp-content\/uploads\/2024\/04\/DSC08544-\u043a\u043e\u043f\u0438\u044f-300x200.jpg 300w, https:\/\/www.rowatecag.ch\/wp-content\/uploads\/2024\/04\/DSC08544-\u043a\u043e\u043f\u0438\u044f-768x512.jpg 768w, https:\/\/www.rowatecag.ch\/wp-content\/uploads\/2024\/04\/DSC08544-\u043a\u043e\u043f\u0438\u044f-1536x1024.jpg 1536w, https:\/\/www.rowatecag.ch\/wp-content\/uploads\/2024\/04\/DSC08544-\u043a\u043e\u043f\u0438\u044f-2048x1365.jpg 2048w, https:\/\/www.rowatecag.ch\/wp-content\/uploads\/2024\/04\/DSC08544-\u043a\u043e\u043f\u0438\u044f-24x16.jpg 24w, https:\/\/www.rowatecag.ch\/wp-content\/uploads\/2024\/04\/DSC08544-\u043a\u043e\u043f\u0438\u044f-36x24.jpg 36w, https:\/\/www.rowatecag.ch\/wp-content\/uploads\/2024\/04\/DSC08544-\u043a\u043e\u043f\u0438\u044f-48x32.jpg 48w\" sizes=\"auto, (max-width: 450px) 100vw, 450px\" \/><figcaption id=\"caption-attachment-5167\" class=\"wp-caption-text\">Conduite en fonte traversant le pont<\/figcaption><\/figure>\n<figure id=\"attachment_5170\" aria-describedby=\"caption-attachment-5170\" style=\"width: 450px\" class=\"wp-caption alignnone\"><img loading=\"lazy\" decoding=\"async\" class=\"wp-image-5170\" src=\"https:\/\/www.rowatecag.ch\/wp-content\/uploads\/2024\/04\/DSC08478-\u043a\u043e\u043f\u0438\u044f-scaled-e1713846936836-1024x530.jpg\" alt=\"\" width=\"450\" height=\"233\" srcset=\"https:\/\/www.rowatecag.ch\/wp-content\/uploads\/2024\/04\/DSC08478-\u043a\u043e\u043f\u0438\u044f-scaled-e1713846936836-1024x530.jpg 1024w, https:\/\/www.rowatecag.ch\/wp-content\/uploads\/2024\/04\/DSC08478-\u043a\u043e\u043f\u0438\u044f-scaled-e1713846936836-300x155.jpg 300w, https:\/\/www.rowatecag.ch\/wp-content\/uploads\/2024\/04\/DSC08478-\u043a\u043e\u043f\u0438\u044f-scaled-e1713846936836-768x398.jpg 768w, https:\/\/www.rowatecag.ch\/wp-content\/uploads\/2024\/04\/DSC08478-\u043a\u043e\u043f\u0438\u044f-scaled-e1713846936836-1536x795.jpg 1536w, https:\/\/www.rowatecag.ch\/wp-content\/uploads\/2024\/04\/DSC08478-\u043a\u043e\u043f\u0438\u044f-scaled-e1713846936836-2048x1061.jpg 2048w, https:\/\/www.rowatecag.ch\/wp-content\/uploads\/2024\/04\/DSC08478-\u043a\u043e\u043f\u0438\u044f-scaled-e1713846936836-24x12.jpg 24w, https:\/\/www.rowatecag.ch\/wp-content\/uploads\/2024\/04\/DSC08478-\u043a\u043e\u043f\u0438\u044f-scaled-e1713846936836-36x19.jpg 36w, https:\/\/www.rowatecag.ch\/wp-content\/uploads\/2024\/04\/DSC08478-\u043a\u043e\u043f\u0438\u044f-scaled-e1713846936836-48x25.jpg 48w\" sizes=\"auto, (max-width: 450px) 100vw, 450px\" \/><figcaption id=\"caption-attachment-5170\" class=\"wp-caption-text\">Serrage du point fixe<\/figcaption><\/figure>\n<figure id=\"attachment_5176\" aria-describedby=\"caption-attachment-5176\" style=\"width: 450px\" class=\"wp-caption alignnone\"><img loading=\"lazy\" decoding=\"async\" class=\"wp-image-5176\" src=\"https:\/\/www.rowatecag.ch\/wp-content\/uploads\/2024\/04\/DSC08575-\u043a\u043e\u043f\u0438\u044f-683x1024.jpg\" alt=\"\" width=\"450\" height=\"675\" srcset=\"https:\/\/www.rowatecag.ch\/wp-content\/uploads\/2024\/04\/DSC08575-\u043a\u043e\u043f\u0438\u044f-683x1024.jpg 683w, https:\/\/www.rowatecag.ch\/wp-content\/uploads\/2024\/04\/DSC08575-\u043a\u043e\u043f\u0438\u044f-200x300.jpg 200w, https:\/\/www.rowatecag.ch\/wp-content\/uploads\/2024\/04\/DSC08575-\u043a\u043e\u043f\u0438\u044f-768x1152.jpg 768w, https:\/\/www.rowatecag.ch\/wp-content\/uploads\/2024\/04\/DSC08575-\u043a\u043e\u043f\u0438\u044f-1024x1536.jpg 1024w, https:\/\/www.rowatecag.ch\/wp-content\/uploads\/2024\/04\/DSC08575-\u043a\u043e\u043f\u0438\u044f-1365x2048.jpg 1365w, https:\/\/www.rowatecag.ch\/wp-content\/uploads\/2024\/04\/DSC08575-\u043a\u043e\u043f\u0438\u044f-16x24.jpg 16w, https:\/\/www.rowatecag.ch\/wp-content\/uploads\/2024\/04\/DSC08575-\u043a\u043e\u043f\u0438\u044f-24x36.jpg 24w, https:\/\/www.rowatecag.ch\/wp-content\/uploads\/2024\/04\/DSC08575-\u043a\u043e\u043f\u0438\u044f-32x48.jpg 32w, https:\/\/www.rowatecag.ch\/wp-content\/uploads\/2024\/04\/DSC08575-\u043a\u043e\u043f\u0438\u044f-scaled.jpg 1707w\" sizes=\"auto, (max-width: 450px) 100vw, 450px\" \/><figcaption id=\"caption-attachment-5176\" class=\"wp-caption-text\">Serrage du point fixe<\/figcaption><\/figure>\n<figure id=\"attachment_5179\" aria-describedby=\"caption-attachment-5179\" style=\"width: 450px\" class=\"wp-caption alignnone\"><img loading=\"lazy\" decoding=\"async\" class=\"wp-image-5179\" src=\"https:\/\/www.rowatecag.ch\/wp-content\/uploads\/2024\/04\/DSC08492-\u043a\u043e\u043f\u0438\u044f-1024x683.jpg\" alt=\"\" width=\"450\" height=\"300\" srcset=\"https:\/\/www.rowatecag.ch\/wp-content\/uploads\/2024\/04\/DSC08492-\u043a\u043e\u043f\u0438\u044f-1024x683.jpg 1024w, https:\/\/www.rowatecag.ch\/wp-content\/uploads\/2024\/04\/DSC08492-\u043a\u043e\u043f\u0438\u044f-300x200.jpg 300w, https:\/\/www.rowatecag.ch\/wp-content\/uploads\/2024\/04\/DSC08492-\u043a\u043e\u043f\u0438\u044f-768x512.jpg 768w, https:\/\/www.rowatecag.ch\/wp-content\/uploads\/2024\/04\/DSC08492-\u043a\u043e\u043f\u0438\u044f-1536x1024.jpg 1536w, https:\/\/www.rowatecag.ch\/wp-content\/uploads\/2024\/04\/DSC08492-\u043a\u043e\u043f\u0438\u044f-2048x1365.jpg 2048w, https:\/\/www.rowatecag.ch\/wp-content\/uploads\/2024\/04\/DSC08492-\u043a\u043e\u043f\u0438\u044f-24x16.jpg 24w, https:\/\/www.rowatecag.ch\/wp-content\/uploads\/2024\/04\/DSC08492-\u043a\u043e\u043f\u0438\u044f-36x24.jpg 36w, https:\/\/www.rowatecag.ch\/wp-content\/uploads\/2024\/04\/DSC08492-\u043a\u043e\u043f\u0438\u044f-48x32.jpg 48w\" sizes=\"auto, (max-width: 450px) 100vw, 450px\" \/><figcaption id=\"caption-attachment-5179\" class=\"wp-caption-text\">Construction sous le pont<\/figcaption><\/figure>\n<figure id=\"attachment_5182\" aria-describedby=\"caption-attachment-5182\" style=\"width: 450px\" class=\"wp-caption alignnone\"><img loading=\"lazy\" decoding=\"async\" class=\"wp-image-5182\" src=\"https:\/\/www.rowatecag.ch\/wp-content\/uploads\/2024\/04\/DSC08616-\u043a\u043e\u043f\u0438\u044f-scaled-e1713847284682-1024x656.jpg\" alt=\"\" width=\"450\" height=\"288\" srcset=\"https:\/\/www.rowatecag.ch\/wp-content\/uploads\/2024\/04\/DSC08616-\u043a\u043e\u043f\u0438\u044f-scaled-e1713847284682-1024x656.jpg 1024w, https:\/\/www.rowatecag.ch\/wp-content\/uploads\/2024\/04\/DSC08616-\u043a\u043e\u043f\u0438\u044f-scaled-e1713847284682-300x192.jpg 300w, https:\/\/www.rowatecag.ch\/wp-content\/uploads\/2024\/04\/DSC08616-\u043a\u043e\u043f\u0438\u044f-scaled-e1713847284682-768x492.jpg 768w, https:\/\/www.rowatecag.ch\/wp-content\/uploads\/2024\/04\/DSC08616-\u043a\u043e\u043f\u0438\u044f-scaled-e1713847284682-1536x985.jpg 1536w, https:\/\/www.rowatecag.ch\/wp-content\/uploads\/2024\/04\/DSC08616-\u043a\u043e\u043f\u0438\u044f-scaled-e1713847284682-2048x1313.jpg 2048w, https:\/\/www.rowatecag.ch\/wp-content\/uploads\/2024\/04\/DSC08616-\u043a\u043e\u043f\u0438\u044f-scaled-e1713847284682-24x15.jpg 24w, https:\/\/www.rowatecag.ch\/wp-content\/uploads\/2024\/04\/DSC08616-\u043a\u043e\u043f\u0438\u044f-scaled-e1713847284682-36x23.jpg 36w, https:\/\/www.rowatecag.ch\/wp-content\/uploads\/2024\/04\/DSC08616-\u043a\u043e\u043f\u0438\u044f-scaled-e1713847284682-48x31.jpg 48w\" sizes=\"auto, (max-width: 450px) 100vw, 450px\" \/><figcaption id=\"caption-attachment-5182\" class=\"wp-caption-text\">Mission accomplie!<\/figcaption><\/figure>\n","protected":false},"excerpt":{"rendered":"<p>Rowatec a \u00e9t\u00e9 charg\u00e9 de concevoir, fabriquer et installer toute la structure pour suspendre les tuyaux (environ 750 m\u00e8tres). L&#8217;utilisation d&#8217;un scanner 3D a permis de capturer la forme exacte du pont dans cette zone. Le projet a \u00e9t\u00e9 r\u00e9alis\u00e9 en collaboration avec Implenia selon les normes ASTRA. Pour plus d&#8217;informations et une image du [&hellip;]<\/p>\n","protected":false},"author":48,"featured_media":0,"parent":0,"menu_order":0,"comment_status":"closed","ping_status":"closed","template":"","meta":{"_genesis_hide_title":false,"_genesis_hide_breadcrumbs":false,"_genesis_hide_singular_image":false,"_genesis_hide_footer_widgets":false,"_genesis_custom_body_class":"","_genesis_custom_post_class":"","_genesis_layout":"","footnotes":""},"class_list":{"0":"post-5148","1":"page","2":"type-page","3":"status-publish","5":"entry"},"acf":[],"post_mailing_queue_ids":[],"_links":{"self":[{"href":"https:\/\/www.rowatecag.ch\/fr\/wp-json\/wp\/v2\/pages\/5148","targetHints":{"allow":["GET"]}}],"collection":[{"href":"https:\/\/www.rowatecag.ch\/fr\/wp-json\/wp\/v2\/pages"}],"about":[{"href":"https:\/\/www.rowatecag.ch\/fr\/wp-json\/wp\/v2\/types\/page"}],"author":[{"embeddable":true,"href":"https:\/\/www.rowatecag.ch\/fr\/wp-json\/wp\/v2\/users\/48"}],"replies":[{"embeddable":true,"href":"https:\/\/www.rowatecag.ch\/fr\/wp-json\/wp\/v2\/comments?post=5148"}],"version-history":[{"count":0,"href":"https:\/\/www.rowatecag.ch\/fr\/wp-json\/wp\/v2\/pages\/5148\/revisions"}],"wp:attachment":[{"href":"https:\/\/www.rowatecag.ch\/fr\/wp-json\/wp\/v2\/media?parent=5148"}],"curies":[{"name":"wp","href":"https:\/\/api.w.org\/{rel}","templated":true}]}}