{"id":5231,"date":"2024-05-14T05:42:30","date_gmt":"2024-05-14T04:42:30","guid":{"rendered":"https:\/\/www.rowatecag.ch\/?page_id=5231"},"modified":"2024-05-14T05:49:24","modified_gmt":"2024-05-14T04:49:24","slug":"premier-systeme-de-chauffage-au-monde-utilisant-le-co2-comme-agent-thermique","status":"publish","type":"page","link":"https:\/\/www.rowatecag.ch\/fr\/premier-systeme-de-chauffage-au-monde-utilisant-le-co2-comme-agent-thermique\/","title":{"rendered":"Premier syst\u00e8me de chauffage au monde utilisant le CO2 comme agent thermique"},"content":{"rendered":"<p>La recherche de nouveaux moyens d&#8217;augmenter l&#8217;efficacit\u00e9 et la qualit\u00e9 des syst\u00e8mes de chauffage est constante ; la technologie ne cesse jamais d&#8217;\u00e9voluer.<\/p>\n<p>Pour nous, il est important d&#8217;\u00eatre \u00e0 jour et de r\u00e9agir aux nouvelles technologies.<\/p>\n<p>L&#8217;eau a \u00e9t\u00e9 utilis\u00e9e pour la premi\u00e8re fois comme agent de transfert de chaleur dans les syst\u00e8mes de chauffage en 1332. Avec les technologies modernes viennent des solutions modernes. Nous avons \u00e9t\u00e9 mandat\u00e9s par la soci\u00e9t\u00e9 ExerGo pour participer \u00e0 votre nouveau projet. Il s&#8217;agit d&#8217;un \u00e9changeur de chaleur thermique utilisant le CO2 comme agent de transfert de chaleur. Ce syst\u00e8me de chauffage innovant \u00e0 l&#8217;\u00e9chelle mondiale n\u00e9cessite des tubes haute pression con\u00e7us pour des pressions allant jusqu&#8217;\u00e0 100 bars.<\/p>\n<figure id=\"attachment_3199\" aria-describedby=\"caption-attachment-3199\" style=\"width: 600px\" class=\"wp-caption alignnone\"><img loading=\"lazy\" decoding=\"async\" class=\"wp-image-3199\" src=\"https:\/\/www.rowatecag.ch\/wp-content\/uploads\/2021\/10\/Exergo-01.png\" alt=\"\" width=\"600\" height=\"199\" srcset=\"https:\/\/www.rowatecag.ch\/wp-content\/uploads\/2021\/10\/Exergo-01.png 605w, https:\/\/www.rowatecag.ch\/wp-content\/uploads\/2021\/10\/Exergo-01-300x100.png 300w, https:\/\/www.rowatecag.ch\/wp-content\/uploads\/2021\/10\/Exergo-01-24x8.png 24w, https:\/\/www.rowatecag.ch\/wp-content\/uploads\/2021\/10\/Exergo-01-36x12.png 36w, https:\/\/www.rowatecag.ch\/wp-content\/uploads\/2021\/10\/Exergo-01-48x16.png 48w\" sizes=\"auto, (max-width: 600px) 100vw, 600px\" \/><figcaption id=\"caption-attachment-3199\" class=\"wp-caption-text\">La nouvelle installation de chauffage sera mont\u00e9e \u00e0 la Haute Ecole Sp\u00e9cialis\u00e9e de Sion (VS)<\/figcaption><\/figure>\n<p><div class=\"clear-line\"><\/div> L&#8217;installation chauffe trois b\u00e2timents de la Haute Ecole Sp\u00e9cialis\u00e9e de Sion. Ces b\u00e2timents sont interconnect\u00e9s pour former un syst\u00e8me combin\u00e9 de chauffage et de refroidissement \u00e0 distance tr\u00e8s efficace.<\/p>\n<figure id=\"attachment_3202\" aria-describedby=\"caption-attachment-3202\" style=\"width: 600px\" class=\"wp-caption alignnone\"><img loading=\"lazy\" decoding=\"async\" class=\"wp-image-3202\" src=\"https:\/\/www.rowatecag.ch\/wp-content\/uploads\/2021\/10\/Exergo-plan-1024x407.png\" alt=\"\" width=\"600\" height=\"238\" srcset=\"https:\/\/www.rowatecag.ch\/wp-content\/uploads\/2021\/10\/Exergo-plan-1024x407.png 1024w, https:\/\/www.rowatecag.ch\/wp-content\/uploads\/2021\/10\/Exergo-plan-300x119.png 300w, https:\/\/www.rowatecag.ch\/wp-content\/uploads\/2021\/10\/Exergo-plan-768x305.png 768w, https:\/\/www.rowatecag.ch\/wp-content\/uploads\/2021\/10\/Exergo-plan-1536x610.png 1536w, https:\/\/www.rowatecag.ch\/wp-content\/uploads\/2021\/10\/Exergo-plan-2048x813.png 2048w, https:\/\/www.rowatecag.ch\/wp-content\/uploads\/2021\/10\/Exergo-plan-24x10.png 24w, https:\/\/www.rowatecag.ch\/wp-content\/uploads\/2021\/10\/Exergo-plan-36x14.png 36w, https:\/\/www.rowatecag.ch\/wp-content\/uploads\/2021\/10\/Exergo-plan-48x19.png 48w\" sizes=\"auto, (max-width: 600px) 100vw, 600px\" \/><figcaption id=\"caption-attachment-3202\" class=\"wp-caption-text\">Le concept d&#8217;interconnexion de 3 b\u00e2timents<\/figcaption><\/figure>\n<p><div class=\"clear-line\"><\/div>La collaboration entre toutes les parties prenantes a \u00e9t\u00e9 cruciale pour le succ\u00e8s du projet.<\/p>\n<figure id=\"attachment_3206\" aria-describedby=\"caption-attachment-3206\" style=\"width: 600px\" class=\"wp-caption alignnone\"><img loading=\"lazy\" decoding=\"async\" class=\"wp-image-3206\" src=\"https:\/\/www.rowatecag.ch\/wp-content\/uploads\/2021\/10\/IMG_2369-1024x768.jpg\" alt=\"\" width=\"600\" height=\"450\" srcset=\"https:\/\/www.rowatecag.ch\/wp-content\/uploads\/2021\/10\/IMG_2369-1024x768.jpg 1024w, https:\/\/www.rowatecag.ch\/wp-content\/uploads\/2021\/10\/IMG_2369-300x225.jpg 300w, https:\/\/www.rowatecag.ch\/wp-content\/uploads\/2021\/10\/IMG_2369-768x576.jpg 768w, https:\/\/www.rowatecag.ch\/wp-content\/uploads\/2021\/10\/IMG_2369-1536x1152.jpg 1536w, https:\/\/www.rowatecag.ch\/wp-content\/uploads\/2021\/10\/IMG_2369-2048x1536.jpg 2048w, https:\/\/www.rowatecag.ch\/wp-content\/uploads\/2021\/10\/IMG_2369-24x18.jpg 24w, https:\/\/www.rowatecag.ch\/wp-content\/uploads\/2021\/10\/IMG_2369-36x27.jpg 36w, https:\/\/www.rowatecag.ch\/wp-content\/uploads\/2021\/10\/IMG_2369-48x36.jpg 48w\" sizes=\"auto, (max-width: 600px) 100vw, 600px\" \/><figcaption id=\"caption-attachment-3206\" class=\"wp-caption-text\">La coordination du travail est la cl\u00e9 du succ\u00e8s!<\/figcaption><\/figure>\n<p><div class=\"clear-line\"><\/div>Le traitement du tambour de la conduite haute pression \u00e9tait d\u00e9j\u00e0 un d\u00e9fi, pour lequel un outil de levage sp\u00e9cial a \u00e9t\u00e9 d\u00e9velopp\u00e9.<\/p>\n<figure id=\"attachment_3209\" aria-describedby=\"caption-attachment-3209\" style=\"width: 600px\" class=\"wp-caption alignnone\"><img loading=\"lazy\" decoding=\"async\" class=\"wp-image-3209\" src=\"https:\/\/www.rowatecag.ch\/wp-content\/uploads\/2021\/10\/IMG_20210906_150951-scaled-e1634039500753-1024x956.jpg\" alt=\"\" width=\"600\" height=\"560\" srcset=\"https:\/\/www.rowatecag.ch\/wp-content\/uploads\/2021\/10\/IMG_20210906_150951-scaled-e1634039500753-1024x956.jpg 1024w, https:\/\/www.rowatecag.ch\/wp-content\/uploads\/2021\/10\/IMG_20210906_150951-scaled-e1634039500753-300x280.jpg 300w, https:\/\/www.rowatecag.ch\/wp-content\/uploads\/2021\/10\/IMG_20210906_150951-scaled-e1634039500753-768x717.jpg 768w, https:\/\/www.rowatecag.ch\/wp-content\/uploads\/2021\/10\/IMG_20210906_150951-scaled-e1634039500753-1536x1434.jpg 1536w, https:\/\/www.rowatecag.ch\/wp-content\/uploads\/2021\/10\/IMG_20210906_150951-scaled-e1634039500753-24x22.jpg 24w, https:\/\/www.rowatecag.ch\/wp-content\/uploads\/2021\/10\/IMG_20210906_150951-scaled-e1634039500753-36x34.jpg 36w, https:\/\/www.rowatecag.ch\/wp-content\/uploads\/2021\/10\/IMG_20210906_150951-scaled-e1634039500753-48x45.jpg 48w, https:\/\/www.rowatecag.ch\/wp-content\/uploads\/2021\/10\/IMG_20210906_150951-scaled-e1634039500753.jpg 1920w\" sizes=\"auto, (max-width: 600px) 100vw, 600px\" \/><figcaption id=\"caption-attachment-3209\" class=\"wp-caption-text\">Installation de l&#8217;outil de levage pour le tambour de la conduite<\/figcaption><\/figure>\n<figure id=\"attachment_3212\" aria-describedby=\"caption-attachment-3212\" style=\"width: 600px\" class=\"wp-caption alignnone\"><img loading=\"lazy\" decoding=\"async\" class=\"wp-image-3212\" src=\"https:\/\/www.rowatecag.ch\/wp-content\/uploads\/2021\/10\/IMG_20210906_153449-scaled-e1634039723911-960x1024.jpg\" alt=\"\" width=\"600\" height=\"640\" srcset=\"https:\/\/www.rowatecag.ch\/wp-content\/uploads\/2021\/10\/IMG_20210906_153449-scaled-e1634039723911-960x1024.jpg 960w, https:\/\/www.rowatecag.ch\/wp-content\/uploads\/2021\/10\/IMG_20210906_153449-scaled-e1634039723911-281x300.jpg 281w, https:\/\/www.rowatecag.ch\/wp-content\/uploads\/2021\/10\/IMG_20210906_153449-scaled-e1634039723911-768x819.jpg 768w, https:\/\/www.rowatecag.ch\/wp-content\/uploads\/2021\/10\/IMG_20210906_153449-scaled-e1634039723911-1440x1536.jpg 1440w, https:\/\/www.rowatecag.ch\/wp-content\/uploads\/2021\/10\/IMG_20210906_153449-scaled-e1634039723911-34x36.jpg 34w, https:\/\/www.rowatecag.ch\/wp-content\/uploads\/2021\/10\/IMG_20210906_153449-scaled-e1634039723911-45x48.jpg 45w, https:\/\/www.rowatecag.ch\/wp-content\/uploads\/2021\/10\/IMG_20210906_153449-scaled-e1634039723911.jpg 1920w\" sizes=\"auto, (max-width: 600px) 100vw, 600px\" \/><figcaption id=\"caption-attachment-3212\" class=\"wp-caption-text\">Installation du tambour de la conduite sur l&#8217;outil de levage<\/figcaption><\/figure>\n<figure id=\"attachment_3215\" aria-describedby=\"caption-attachment-3215\" style=\"width: 600px\" class=\"wp-caption alignnone\"><img loading=\"lazy\" decoding=\"async\" class=\"wp-image-3215\" src=\"https:\/\/www.rowatecag.ch\/wp-content\/uploads\/2021\/10\/IMG_6632-scaled-e1634039914456-1024x696.jpg\" alt=\"\" width=\"600\" height=\"408\" srcset=\"https:\/\/www.rowatecag.ch\/wp-content\/uploads\/2021\/10\/IMG_6632-scaled-e1634039914456-1024x696.jpg 1024w, https:\/\/www.rowatecag.ch\/wp-content\/uploads\/2021\/10\/IMG_6632-scaled-e1634039914456-300x204.jpg 300w, https:\/\/www.rowatecag.ch\/wp-content\/uploads\/2021\/10\/IMG_6632-scaled-e1634039914456-768x522.jpg 768w, https:\/\/www.rowatecag.ch\/wp-content\/uploads\/2021\/10\/IMG_6632-scaled-e1634039914456-1536x1044.jpg 1536w, https:\/\/www.rowatecag.ch\/wp-content\/uploads\/2021\/10\/IMG_6632-scaled-e1634039914456-24x16.jpg 24w, https:\/\/www.rowatecag.ch\/wp-content\/uploads\/2021\/10\/IMG_6632-scaled-e1634039914456-36x24.jpg 36w, https:\/\/www.rowatecag.ch\/wp-content\/uploads\/2021\/10\/IMG_6632-scaled-e1634039914456-48x33.jpg 48w, https:\/\/www.rowatecag.ch\/wp-content\/uploads\/2021\/10\/IMG_6632-scaled-e1634039914456.jpg 1958w\" sizes=\"auto, (max-width: 600px) 100vw, 600px\" \/><figcaption id=\"caption-attachment-3215\" class=\"wp-caption-text\">La bobine de la conduite haute pression a \u00e9t\u00e9 transport\u00e9e sur le site d&#8217;installation par la pelle m\u00e9canique<\/figcaption><\/figure>\n<p><div class=\"clear-line\"><\/div>Notre monteur Sandro raconte : &#8220;Ce fut un d\u00e9fi pour nous&#8230; Le tube est tr\u00e8s d\u00e9licat en termes de flexion et devait donc \u00eatre manipul\u00e9 avec beaucoup de pr\u00e9cautions&#8221;.<\/p>\n<figure id=\"attachment_3218\" aria-describedby=\"caption-attachment-3218\" style=\"width: 600px\" class=\"wp-caption alignnone\"><img loading=\"lazy\" decoding=\"async\" class=\"wp-image-3218\" src=\"https:\/\/www.rowatecag.ch\/wp-content\/uploads\/2021\/10\/Exergo2.jpg\" alt=\"\" width=\"600\" height=\"580\" srcset=\"https:\/\/www.rowatecag.ch\/wp-content\/uploads\/2021\/10\/Exergo2.jpg 788w, https:\/\/www.rowatecag.ch\/wp-content\/uploads\/2021\/10\/Exergo2-300x290.jpg 300w, https:\/\/www.rowatecag.ch\/wp-content\/uploads\/2021\/10\/Exergo2-768x743.jpg 768w, https:\/\/www.rowatecag.ch\/wp-content\/uploads\/2021\/10\/Exergo2-24x24.jpg 24w, https:\/\/www.rowatecag.ch\/wp-content\/uploads\/2021\/10\/Exergo2-36x36.jpg 36w, https:\/\/www.rowatecag.ch\/wp-content\/uploads\/2021\/10\/Exergo2-48x46.jpg 48w\" sizes=\"auto, (max-width: 600px) 100vw, 600px\" \/><figcaption id=\"caption-attachment-3218\" class=\"wp-caption-text\">La conduite haute pression sur la bobine.<\/figcaption><\/figure>\n<p><div class=\"clear-line\"><\/div>La conduite haute pression devait passer \u00e0 travers plusieurs coudes, ainsi que des connexions en acier et en plastique. Les dommages \u00e0 la conduite doivent \u00eatre \u00e9vit\u00e9s \u00e0 tout prix. Le personnel qualifi\u00e9, avec une exp\u00e9rience de plusieurs ann\u00e9es dans la construction de conduites, est la base d&#8217;une ex\u00e9cution r\u00e9ussie.<\/p>\n<figure id=\"attachment_3221\" aria-describedby=\"caption-attachment-3221\" style=\"width: 600px\" class=\"wp-caption alignnone\"><img loading=\"lazy\" decoding=\"async\" class=\"wp-image-3221\" src=\"https:\/\/www.rowatecag.ch\/wp-content\/uploads\/2021\/10\/IMG_20210827_112954-1024x768.jpg\" alt=\"\" width=\"600\" height=\"450\" srcset=\"https:\/\/www.rowatecag.ch\/wp-content\/uploads\/2021\/10\/IMG_20210827_112954-1024x768.jpg 1024w, https:\/\/www.rowatecag.ch\/wp-content\/uploads\/2021\/10\/IMG_20210827_112954-300x225.jpg 300w, https:\/\/www.rowatecag.ch\/wp-content\/uploads\/2021\/10\/IMG_20210827_112954-768x576.jpg 768w, https:\/\/www.rowatecag.ch\/wp-content\/uploads\/2021\/10\/IMG_20210827_112954-1536x1152.jpg 1536w, https:\/\/www.rowatecag.ch\/wp-content\/uploads\/2021\/10\/IMG_20210827_112954-2048x1536.jpg 2048w, https:\/\/www.rowatecag.ch\/wp-content\/uploads\/2021\/10\/IMG_20210827_112954-24x18.jpg 24w, https:\/\/www.rowatecag.ch\/wp-content\/uploads\/2021\/10\/IMG_20210827_112954-36x27.jpg 36w, https:\/\/www.rowatecag.ch\/wp-content\/uploads\/2021\/10\/IMG_20210827_112954-48x36.jpg 48w\" sizes=\"auto, (max-width: 600px) 100vw, 600px\" \/><figcaption id=\"caption-attachment-3221\" class=\"wp-caption-text\">Les directeurs ont \u00e9t\u00e9 confiants d\u00e8s le d\u00e9but : Alberto Main (ExerGo) et Julien Maury (Rowatec)<\/figcaption><\/figure>\n<p><div class=\"clear-line\"><\/div>Plus de 300 m\u00e8tres de la conduite haute pression unique ont \u00e9t\u00e9 mont\u00e9s, connect\u00e9s et install\u00e9s. Ce projet stimulant a \u00e9t\u00e9 une exp\u00e9rience formidable pour nous tous.<\/p>\n<p>08.12.2021 : Le syst\u00e8me de tuyauterie a \u00e9t\u00e9 achev\u00e9 avec l&#8217;installation de la double conduite en acier. Rowatec a r\u00e9alis\u00e9 et install\u00e9 la connexion des tuyaux avec succ\u00e8s. Voir les photos.<\/p>\n<figure id=\"attachment_3619\" aria-describedby=\"caption-attachment-3619\" style=\"width: 600px\" class=\"wp-caption alignnone\"><img loading=\"lazy\" decoding=\"async\" class=\"wp-image-3619\" src=\"https:\/\/www.rowatecag.ch\/wp-content\/uploads\/2021\/11\/IMG_20211028_143522-768x1024.jpg\" alt=\"\" width=\"600\" height=\"800\" srcset=\"https:\/\/www.rowatecag.ch\/wp-content\/uploads\/2021\/11\/IMG_20211028_143522-768x1024.jpg 768w, https:\/\/www.rowatecag.ch\/wp-content\/uploads\/2021\/11\/IMG_20211028_143522-225x300.jpg 225w, https:\/\/www.rowatecag.ch\/wp-content\/uploads\/2021\/11\/IMG_20211028_143522-1152x1536.jpg 1152w, https:\/\/www.rowatecag.ch\/wp-content\/uploads\/2021\/11\/IMG_20211028_143522-1536x2048.jpg 1536w, https:\/\/www.rowatecag.ch\/wp-content\/uploads\/2021\/11\/IMG_20211028_143522-18x24.jpg 18w, https:\/\/www.rowatecag.ch\/wp-content\/uploads\/2021\/11\/IMG_20211028_143522-27x36.jpg 27w, https:\/\/www.rowatecag.ch\/wp-content\/uploads\/2021\/11\/IMG_20211028_143522-36x48.jpg 36w, https:\/\/www.rowatecag.ch\/wp-content\/uploads\/2021\/11\/IMG_20211028_143522-scaled.jpg 1920w\" sizes=\"auto, (max-width: 600px) 100vw, 600px\" \/><figcaption id=\"caption-attachment-3619\" class=\"wp-caption-text\">Connexion de la tuyauterie r\u00e9ussie<\/figcaption><\/figure>\n<p><img loading=\"lazy\" decoding=\"async\" class=\"alignnone wp-image-3514\" src=\"https:\/\/www.rowatecag.ch\/wp-content\/uploads\/2021\/11\/IMG_20211028_143334-1024x768.jpg\" alt=\"\" width=\"600\" height=\"450\" srcset=\"https:\/\/www.rowatecag.ch\/wp-content\/uploads\/2021\/11\/IMG_20211028_143334-1024x768.jpg 1024w, https:\/\/www.rowatecag.ch\/wp-content\/uploads\/2021\/11\/IMG_20211028_143334-300x225.jpg 300w, https:\/\/www.rowatecag.ch\/wp-content\/uploads\/2021\/11\/IMG_20211028_143334-768x576.jpg 768w, https:\/\/www.rowatecag.ch\/wp-content\/uploads\/2021\/11\/IMG_20211028_143334-1536x1152.jpg 1536w, https:\/\/www.rowatecag.ch\/wp-content\/uploads\/2021\/11\/IMG_20211028_143334-2048x1536.jpg 2048w, https:\/\/www.rowatecag.ch\/wp-content\/uploads\/2021\/11\/IMG_20211028_143334-24x18.jpg 24w, https:\/\/www.rowatecag.ch\/wp-content\/uploads\/2021\/11\/IMG_20211028_143334-36x27.jpg 36w, https:\/\/www.rowatecag.ch\/wp-content\/uploads\/2021\/11\/IMG_20211028_143334-48x36.jpg 48w\" sizes=\"auto, (max-width: 600px) 100vw, 600px\" \/><\/p>\n<p>&nbsp;<\/p>\n<p><a href=\"https:\/\/exergo.ch\/\"><img loading=\"lazy\" decoding=\"async\" class=\"https:\/\/exergo.ch\/ alignnone wp-image-3224\" src=\"https:\/\/www.rowatecag.ch\/wp-content\/uploads\/2021\/10\/Exergo01-300x52.png\" alt=\"\" width=\"250\" height=\"43\" srcset=\"https:\/\/www.rowatecag.ch\/wp-content\/uploads\/2021\/10\/Exergo01-300x52.png 300w, https:\/\/www.rowatecag.ch\/wp-content\/uploads\/2021\/10\/Exergo01-24x4.png 24w, https:\/\/www.rowatecag.ch\/wp-content\/uploads\/2021\/10\/Exergo01-36x6.png 36w, https:\/\/www.rowatecag.ch\/wp-content\/uploads\/2021\/10\/Exergo01-48x8.png 48w, https:\/\/www.rowatecag.ch\/wp-content\/uploads\/2021\/10\/Exergo01.png 401w\" sizes=\"auto, (max-width: 250px) 100vw, 250px\" \/><\/a><\/p>\n<p><a href=\"https:\/\/rowatecag.ch\/\"><img loading=\"lazy\" decoding=\"async\" class=\"alignnone wp-image-3227\" src=\"https:\/\/www.rowatecag.ch\/wp-content\/uploads\/2021\/10\/Rowatec.jpg\" alt=\"\" width=\"500\" height=\"89\" srcset=\"https:\/\/www.rowatecag.ch\/wp-content\/uploads\/2021\/10\/Rowatec.jpg 789w, https:\/\/www.rowatecag.ch\/wp-content\/uploads\/2021\/10\/Rowatec-300x54.jpg 300w, https:\/\/www.rowatecag.ch\/wp-content\/uploads\/2021\/10\/Rowatec-768x137.jpg 768w, https:\/\/www.rowatecag.ch\/wp-content\/uploads\/2021\/10\/Rowatec-24x4.jpg 24w, https:\/\/www.rowatecag.ch\/wp-content\/uploads\/2021\/10\/Rowatec-36x6.jpg 36w, https:\/\/www.rowatecag.ch\/wp-content\/uploads\/2021\/10\/Rowatec-48x9.jpg 48w\" sizes=\"auto, (max-width: 500px) 100vw, 500px\" \/><\/a><\/p>\n<p>&nbsp;<\/p>\n","protected":false},"excerpt":{"rendered":"<p>La recherche de nouveaux moyens d&#8217;augmenter l&#8217;efficacit\u00e9 et la qualit\u00e9 des syst\u00e8mes de chauffage est constante ; la technologie ne cesse jamais d&#8217;\u00e9voluer. Pour nous, il est important d&#8217;\u00eatre \u00e0 jour et de r\u00e9agir aux nouvelles technologies. L&#8217;eau a \u00e9t\u00e9 utilis\u00e9e pour la premi\u00e8re fois comme agent de transfert de chaleur dans les syst\u00e8mes de [&hellip;]<\/p>\n","protected":false},"author":48,"featured_media":0,"parent":0,"menu_order":0,"comment_status":"closed","ping_status":"closed","template":"","meta":{"_genesis_hide_title":false,"_genesis_hide_breadcrumbs":false,"_genesis_hide_singular_image":false,"_genesis_hide_footer_widgets":false,"_genesis_custom_body_class":"","_genesis_custom_post_class":"","_genesis_layout":"","footnotes":""},"class_list":{"0":"post-5231","1":"page","2":"type-page","3":"status-publish","5":"entry"},"acf":[],"post_mailing_queue_ids":[],"_links":{"self":[{"href":"https:\/\/www.rowatecag.ch\/fr\/wp-json\/wp\/v2\/pages\/5231","targetHints":{"allow":["GET"]}}],"collection":[{"href":"https:\/\/www.rowatecag.ch\/fr\/wp-json\/wp\/v2\/pages"}],"about":[{"href":"https:\/\/www.rowatecag.ch\/fr\/wp-json\/wp\/v2\/types\/page"}],"author":[{"embeddable":true,"href":"https:\/\/www.rowatecag.ch\/fr\/wp-json\/wp\/v2\/users\/48"}],"replies":[{"embeddable":true,"href":"https:\/\/www.rowatecag.ch\/fr\/wp-json\/wp\/v2\/comments?post=5231"}],"version-history":[{"count":0,"href":"https:\/\/www.rowatecag.ch\/fr\/wp-json\/wp\/v2\/pages\/5231\/revisions"}],"wp:attachment":[{"href":"https:\/\/www.rowatecag.ch\/fr\/wp-json\/wp\/v2\/media?parent=5231"}],"curies":[{"name":"wp","href":"https:\/\/api.w.org\/{rel}","templated":true}]}}