{"id":5233,"date":"2024-05-14T06:02:48","date_gmt":"2024-05-14T05:02:48","guid":{"rendered":"https:\/\/www.rowatecag.ch\/?page_id=5233"},"modified":"2024-05-14T07:49:43","modified_gmt":"2024-05-14T06:49:43","slug":"la-societe-rowatec-ag-propose-des-solutions-pour-garantir-la-meilleure-qualite-de-leau","status":"publish","type":"page","link":"https:\/\/www.rowatecag.ch\/fr\/la-societe-rowatec-ag-propose-des-solutions-pour-garantir-la-meilleure-qualite-de-leau\/","title":{"rendered":"La soci\u00e9t\u00e9 Rowatec AG propose des solutions pour garantir la meilleure qualit\u00e9 de l&#8217;eau"},"content":{"rendered":"<p>Quelle est la chose la plus importante lorsque nous parlons de notre eau potable? La qualit\u00e9, bien s\u00fbr. Mais que signifie-t-on par la meilleure qualit\u00e9? Que les tuyaux \u00e0 travers lesquels l&#8217;eau circule ne soient pas contamin\u00e9s par des influences externes ou par les tuyaux eux-m\u00eames.<\/p>\n<p>Malheureusement, cela devient de plus en plus difficile \u00e0 r\u00e9aliser. L&#8217;environnement est de plus en plus pollu\u00e9 et la contamination de l&#8217;eau potable peut provenir de tuyaux non prot\u00e9g\u00e9s. Les substances toxiques qui p\u00e9n\u00e8trent peuvent transporter des produits chimiques et contaminer l&#8217;eau potable.<\/p>\n<figure id=\"attachment_2354\" aria-describedby=\"caption-attachment-2354\" style=\"width: 600px\" class=\"wp-caption alignnone\"><img loading=\"lazy\" decoding=\"async\" class=\"wp-image-2354\" src=\"https:\/\/www.rowatecag.ch\/wp-content\/uploads\/2021\/09\/a144f799-ebd9-42b1-8644-382af3cd4483-2-e1631092807204-1024x897.jpg\" alt=\"\" width=\"600\" height=\"526\" srcset=\"https:\/\/www.rowatecag.ch\/wp-content\/uploads\/2021\/09\/a144f799-ebd9-42b1-8644-382af3cd4483-2-e1631092807204-1024x897.jpg 1024w, https:\/\/www.rowatecag.ch\/wp-content\/uploads\/2021\/09\/a144f799-ebd9-42b1-8644-382af3cd4483-2-e1631092807204-300x263.jpg 300w, https:\/\/www.rowatecag.ch\/wp-content\/uploads\/2021\/09\/a144f799-ebd9-42b1-8644-382af3cd4483-2-e1631092807204-768x673.jpg 768w, https:\/\/www.rowatecag.ch\/wp-content\/uploads\/2021\/09\/a144f799-ebd9-42b1-8644-382af3cd4483-2-e1631092807204-24x21.jpg 24w, https:\/\/www.rowatecag.ch\/wp-content\/uploads\/2021\/09\/a144f799-ebd9-42b1-8644-382af3cd4483-2-e1631092807204-36x32.jpg 36w, https:\/\/www.rowatecag.ch\/wp-content\/uploads\/2021\/09\/a144f799-ebd9-42b1-8644-382af3cd4483-2-e1631092807204-48x42.jpg 48w, https:\/\/www.rowatecag.ch\/wp-content\/uploads\/2021\/09\/a144f799-ebd9-42b1-8644-382af3cd4483-2-e1631092807204.jpg 1203w\" sizes=\"auto, (max-width: 600px) 100vw, 600px\" \/><figcaption id=\"caption-attachment-2354\" class=\"wp-caption-text\">Travail de la soci\u00e9t\u00e9 Rowatec AG \u00e0 la gare pr\u00e9-ferroviaire de Zurich<\/figcaption><\/figure>\n<p><div class=\"clear-line\"><\/div>Pour offrir \u00e0 nos clients les meilleures solutions, nous collaborons avec des entreprises capables de fournir les meilleurs produits de qualit\u00e9. Pour notre projet \u00e0 la gare pr\u00e9-ferroviaire de Zurich, nous avons utilis\u00e9 des tuyaux sp\u00e9cifiques de la soci\u00e9t\u00e9 HakaGerodur, garantissant une solution durable et prot\u00e9geant l&#8217;eau des pollutions environnementales.<\/p>\n<figure id=\"attachment_2159\" aria-describedby=\"caption-attachment-2159\" style=\"width: 600px\" class=\"wp-caption alignnone\"><img loading=\"lazy\" decoding=\"async\" class=\"wp-image-2159\" src=\"https:\/\/www.rowatecag.ch\/wp-content\/uploads\/2021\/08\/Haka-Rohrende-Vorbereitung-1-scaled-e1629978651240-1016x1024.jpg\" alt=\"\" width=\"600\" height=\"604\" srcset=\"https:\/\/www.rowatecag.ch\/wp-content\/uploads\/2021\/08\/Haka-Rohrende-Vorbereitung-1-scaled-e1629978651240-1016x1024.jpg 1016w, https:\/\/www.rowatecag.ch\/wp-content\/uploads\/2021\/08\/Haka-Rohrende-Vorbereitung-1-scaled-e1629978651240-298x300.jpg 298w, https:\/\/www.rowatecag.ch\/wp-content\/uploads\/2021\/08\/Haka-Rohrende-Vorbereitung-1-scaled-e1629978651240-150x150.jpg 150w, https:\/\/www.rowatecag.ch\/wp-content\/uploads\/2021\/08\/Haka-Rohrende-Vorbereitung-1-scaled-e1629978651240-768x774.jpg 768w, https:\/\/www.rowatecag.ch\/wp-content\/uploads\/2021\/08\/Haka-Rohrende-Vorbereitung-1-scaled-e1629978651240-1525x1536.jpg 1525w, https:\/\/www.rowatecag.ch\/wp-content\/uploads\/2021\/08\/Haka-Rohrende-Vorbereitung-1-scaled-e1629978651240-24x24.jpg 24w, https:\/\/www.rowatecag.ch\/wp-content\/uploads\/2021\/08\/Haka-Rohrende-Vorbereitung-1-scaled-e1629978651240-36x36.jpg 36w, https:\/\/www.rowatecag.ch\/wp-content\/uploads\/2021\/08\/Haka-Rohrende-Vorbereitung-1-scaled-e1629978651240-48x48.jpg 48w, https:\/\/www.rowatecag.ch\/wp-content\/uploads\/2021\/08\/Haka-Rohrende-Vorbereitung-1-scaled-e1629978651240.jpg 1734w\" sizes=\"auto, (max-width: 600px) 100vw, 600px\" \/><figcaption id=\"caption-attachment-2159\" class=\"wp-caption-text\">Rohr mit diffusionsdichter Barriereschicht<\/figcaption><\/figure>\n<p><div class=\"clear-line\"><\/div>Tuyau avec couche barri\u00e8re \u00e9tanche \u00e0 la diffusion.<\/p>\n<p>Le tuyau de HakaGerodur se compose de 3 couches:<\/p>\n<ol>\n<li>La premi\u00e8re couche est un tuyau en PE 100-RC fabriqu\u00e9 \u00e0 partir de mat\u00e9riaux de haute qualit\u00e9.<\/li>\n<li>La deuxi\u00e8me est une feuille multicouche m\u00e9tallique\/polym\u00e8re.<\/li>\n<li>Enfin, la troisi\u00e8me couche ext\u00e9rieure prot\u00e8ge contre les ruptures et les d\u00e9chirures de la feuille m\u00e9tallique.<\/li>\n<\/ol>\n<p>Notre monteur Nico a travaill\u00e9 sur ce projet. Il d\u00e9clare : &#8220;Une eau potable propre est indispensable pour chaque \u00eatre humain. Notre t\u00e2che est de nous assurer que ces attentes sont satisfaites&#8221;.<\/p>\n<figure id=\"attachment_2165\" aria-describedby=\"caption-attachment-2165\" style=\"width: 600px\" class=\"wp-caption alignnone\"><img loading=\"lazy\" decoding=\"async\" class=\"wp-image-2165\" src=\"https:\/\/www.rowatecag.ch\/wp-content\/uploads\/2021\/08\/IMG_0953-scaled-e1629979018284-1024x711.jpg\" alt=\"\" width=\"600\" height=\"416\" srcset=\"https:\/\/www.rowatecag.ch\/wp-content\/uploads\/2021\/08\/IMG_0953-scaled-e1629979018284-1024x711.jpg 1024w, https:\/\/www.rowatecag.ch\/wp-content\/uploads\/2021\/08\/IMG_0953-scaled-e1629979018284-300x208.jpg 300w, https:\/\/www.rowatecag.ch\/wp-content\/uploads\/2021\/08\/IMG_0953-scaled-e1629979018284-768x533.jpg 768w, https:\/\/www.rowatecag.ch\/wp-content\/uploads\/2021\/08\/IMG_0953-scaled-e1629979018284-1536x1066.jpg 1536w, https:\/\/www.rowatecag.ch\/wp-content\/uploads\/2021\/08\/IMG_0953-scaled-e1629979018284-2048x1421.jpg 2048w, https:\/\/www.rowatecag.ch\/wp-content\/uploads\/2021\/08\/IMG_0953-scaled-e1629979018284-24x17.jpg 24w, https:\/\/www.rowatecag.ch\/wp-content\/uploads\/2021\/08\/IMG_0953-scaled-e1629979018284-36x25.jpg 36w, https:\/\/www.rowatecag.ch\/wp-content\/uploads\/2021\/08\/IMG_0953-scaled-e1629979018284-48x33.jpg 48w\" sizes=\"auto, (max-width: 600px) 100vw, 600px\" \/><figcaption id=\"caption-attachment-2165\" class=\"wp-caption-text\">Nos monteurs sur le chantier<\/figcaption><\/figure>\n<p><div class=\"clear-line\"><\/div>Comme les tuyaux sont constitu\u00e9s de 3 couches diff\u00e9rentes, chaque jonction de tuyau repr\u00e9sente un d\u00e9fi suppl\u00e9mentaire, car le tuyau doit \u00eatre ouvert couche par couche et ressoud\u00e9 \u00e0 nouveau. Cela s&#8217;applique tant aux soudures miroir qu&#8217;aux manchons de soudure \u00e9lectrique.<\/p>\n<figure id=\"attachment_2168\" aria-describedby=\"caption-attachment-2168\" style=\"width: 600px\" class=\"wp-caption alignnone\"><img loading=\"lazy\" decoding=\"async\" class=\"wp-image-2168\" src=\"https:\/\/www.rowatecag.ch\/wp-content\/uploads\/2021\/08\/9c7799e4-0192-4aea-849e-5221216ebf06-1-1-e1629979151401-909x1024.jpg\" alt=\"\" width=\"600\" height=\"676\" srcset=\"https:\/\/www.rowatecag.ch\/wp-content\/uploads\/2021\/08\/9c7799e4-0192-4aea-849e-5221216ebf06-1-1-e1629979151401-909x1024.jpg 909w, https:\/\/www.rowatecag.ch\/wp-content\/uploads\/2021\/08\/9c7799e4-0192-4aea-849e-5221216ebf06-1-1-e1629979151401-266x300.jpg 266w, https:\/\/www.rowatecag.ch\/wp-content\/uploads\/2021\/08\/9c7799e4-0192-4aea-849e-5221216ebf06-1-1-e1629979151401-768x865.jpg 768w, https:\/\/www.rowatecag.ch\/wp-content\/uploads\/2021\/08\/9c7799e4-0192-4aea-849e-5221216ebf06-1-1-e1629979151401-1364x1536.jpg 1364w, https:\/\/www.rowatecag.ch\/wp-content\/uploads\/2021\/08\/9c7799e4-0192-4aea-849e-5221216ebf06-1-1-e1629979151401-21x24.jpg 21w, https:\/\/www.rowatecag.ch\/wp-content\/uploads\/2021\/08\/9c7799e4-0192-4aea-849e-5221216ebf06-1-1-e1629979151401-32x36.jpg 32w, https:\/\/www.rowatecag.ch\/wp-content\/uploads\/2021\/08\/9c7799e4-0192-4aea-849e-5221216ebf06-1-1-e1629979151401-43x48.jpg 43w, https:\/\/www.rowatecag.ch\/wp-content\/uploads\/2021\/08\/9c7799e4-0192-4aea-849e-5221216ebf06-1-1-e1629979151401.jpg 1536w\" sizes=\"auto, (max-width: 600px) 100vw, 600px\" \/><figcaption id=\"caption-attachment-2168\" class=\"wp-caption-text\">Les tuyaux sont soud\u00e9s couche par couche<\/figcaption><\/figure>\n<p><div class=\"clear-line\"><\/div>Les coudes sont \u00e9galement un d\u00e9fi, car il n&#8217;existe pas de coude pr\u00e9fabriqu\u00e9 avec une couche barri\u00e8re \u00e9tanche \u00e0 la diffusion sur le march\u00e9. C&#8217;est pourquoi chaque coude doit \u00eatre soud\u00e9 par le monteur et ensuite soigneusement envelopp\u00e9 compl\u00e8tement.<\/p>\n<p>Seule la qualit\u00e9 du travail effectu\u00e9 garantit qu&#8217;aucune rupture de tuyau ne se produira au cours des prochaines d\u00e9cennies et que l&#8217;eau restera non contamin\u00e9e par l&#8217;environnement.<\/p>\n<figure id=\"attachment_2171\" aria-describedby=\"caption-attachment-2171\" style=\"width: 600px\" class=\"wp-caption alignnone\"><img loading=\"lazy\" decoding=\"async\" class=\"wp-image-2171\" src=\"https:\/\/www.rowatecag.ch\/wp-content\/uploads\/2021\/08\/d5146f55-9f04-49e3-a69d-6cb2a4a96d39-e1629979378718.jpg\" alt=\"\" width=\"600\" height=\"630\" srcset=\"https:\/\/www.rowatecag.ch\/wp-content\/uploads\/2021\/08\/d5146f55-9f04-49e3-a69d-6cb2a4a96d39-e1629979378718.jpg 853w, https:\/\/www.rowatecag.ch\/wp-content\/uploads\/2021\/08\/d5146f55-9f04-49e3-a69d-6cb2a4a96d39-e1629979378718-286x300.jpg 286w, https:\/\/www.rowatecag.ch\/wp-content\/uploads\/2021\/08\/d5146f55-9f04-49e3-a69d-6cb2a4a96d39-e1629979378718-768x807.jpg 768w, https:\/\/www.rowatecag.ch\/wp-content\/uploads\/2021\/08\/d5146f55-9f04-49e3-a69d-6cb2a4a96d39-e1629979378718-24x24.jpg 24w, https:\/\/www.rowatecag.ch\/wp-content\/uploads\/2021\/08\/d5146f55-9f04-49e3-a69d-6cb2a4a96d39-e1629979378718-34x36.jpg 34w, https:\/\/www.rowatecag.ch\/wp-content\/uploads\/2021\/08\/d5146f55-9f04-49e3-a69d-6cb2a4a96d39-e1629979378718-46x48.jpg 46w\" sizes=\"auto, (max-width: 600px) 100vw, 600px\" \/><figcaption id=\"caption-attachment-2171\" class=\"wp-caption-text\">Les coudes \u00e0 2\u00d745\u00b0 sont soigneusement soud\u00e9s et envelopp\u00e9s de feuille d&#8217;aluminium et de protection<\/figcaption><\/figure>\n<p><div class=\"clear-line\"><\/div>Nous avons install\u00e9 des vannes de fermeture \u00e0 3 endroits diff\u00e9rents. Tous les tuyaux doivent \u00eatre align\u00e9s \u00e0 la bonne hauteur \u00e0 ces points.<\/p>\n<figure id=\"attachment_2174\" aria-describedby=\"caption-attachment-2174\" style=\"width: 600px\" class=\"wp-caption alignnone\"><img loading=\"lazy\" decoding=\"async\" class=\"wp-image-2174\" src=\"https:\/\/www.rowatecag.ch\/wp-content\/uploads\/2021\/08\/5b71cf46-021b-4dcb-be56-201d926c8176-1-e1629979546347.jpg\" alt=\"\" width=\"600\" height=\"598\" srcset=\"https:\/\/www.rowatecag.ch\/wp-content\/uploads\/2021\/08\/5b71cf46-021b-4dcb-be56-201d926c8176-1-e1629979546347.jpg 1346w, https:\/\/www.rowatecag.ch\/wp-content\/uploads\/2021\/08\/5b71cf46-021b-4dcb-be56-201d926c8176-1-e1629979546347-300x300.jpg 300w, https:\/\/www.rowatecag.ch\/wp-content\/uploads\/2021\/08\/5b71cf46-021b-4dcb-be56-201d926c8176-1-e1629979546347-1024x1020.jpg 1024w, https:\/\/www.rowatecag.ch\/wp-content\/uploads\/2021\/08\/5b71cf46-021b-4dcb-be56-201d926c8176-1-e1629979546347-150x150.jpg 150w, https:\/\/www.rowatecag.ch\/wp-content\/uploads\/2021\/08\/5b71cf46-021b-4dcb-be56-201d926c8176-1-e1629979546347-768x765.jpg 768w, https:\/\/www.rowatecag.ch\/wp-content\/uploads\/2021\/08\/5b71cf46-021b-4dcb-be56-201d926c8176-1-e1629979546347-24x24.jpg 24w, https:\/\/www.rowatecag.ch\/wp-content\/uploads\/2021\/08\/5b71cf46-021b-4dcb-be56-201d926c8176-1-e1629979546347-36x36.jpg 36w, https:\/\/www.rowatecag.ch\/wp-content\/uploads\/2021\/08\/5b71cf46-021b-4dcb-be56-201d926c8176-1-e1629979546347-48x48.jpg 48w\" sizes=\"auto, (max-width: 600px) 100vw, 600px\" \/><figcaption id=\"caption-attachment-2174\" class=\"wp-caption-text\">Installation des tuyaux avec 3 vannes<\/figcaption><\/figure>\n<p><div class=\"clear-line\"><\/div>Notre solution offre non seulement la possibilit\u00e9 d&#8217;avoir de l&#8217;eau potable, mais elle est \u00e9galement adapt\u00e9e aux situations d&#8217;urgence telles que les incendies. Nous avons install\u00e9 plusieurs bornes d&#8217;incendie dans ce projet, et \u00e0 chaque fois, l&#8217;ajustement pr\u00e9cis de la hauteur de la borne d&#8217;incendie au terrain final \u00e9tait n\u00e9cessaire.<\/p>\n<figure id=\"attachment_2177\" aria-describedby=\"caption-attachment-2177\" style=\"width: 600px\" class=\"wp-caption alignnone\"><img loading=\"lazy\" decoding=\"async\" class=\"wp-image-2177\" src=\"https:\/\/www.rowatecag.ch\/wp-content\/uploads\/2021\/08\/f4116a65-c999-405a-a253-fe56d9f5500b-e1629979641646-851x1024.jpg\" alt=\"\" width=\"600\" height=\"722\" srcset=\"https:\/\/www.rowatecag.ch\/wp-content\/uploads\/2021\/08\/f4116a65-c999-405a-a253-fe56d9f5500b-e1629979641646-851x1024.jpg 851w, https:\/\/www.rowatecag.ch\/wp-content\/uploads\/2021\/08\/f4116a65-c999-405a-a253-fe56d9f5500b-e1629979641646-249x300.jpg 249w, https:\/\/www.rowatecag.ch\/wp-content\/uploads\/2021\/08\/f4116a65-c999-405a-a253-fe56d9f5500b-e1629979641646-768x924.jpg 768w, https:\/\/www.rowatecag.ch\/wp-content\/uploads\/2021\/08\/f4116a65-c999-405a-a253-fe56d9f5500b-e1629979641646-1276x1536.jpg 1276w, https:\/\/www.rowatecag.ch\/wp-content\/uploads\/2021\/08\/f4116a65-c999-405a-a253-fe56d9f5500b-e1629979641646-20x24.jpg 20w, https:\/\/www.rowatecag.ch\/wp-content\/uploads\/2021\/08\/f4116a65-c999-405a-a253-fe56d9f5500b-e1629979641646-30x36.jpg 30w, https:\/\/www.rowatecag.ch\/wp-content\/uploads\/2021\/08\/f4116a65-c999-405a-a253-fe56d9f5500b-e1629979641646-40x48.jpg 40w, https:\/\/www.rowatecag.ch\/wp-content\/uploads\/2021\/08\/f4116a65-c999-405a-a253-fe56d9f5500b-e1629979641646.jpg 1459w\" sizes=\"auto, (max-width: 600px) 100vw, 600px\" \/><figcaption id=\"caption-attachment-2177\" class=\"wp-caption-text\">Borne d&#8217;incendie avec \u00e9l\u00e9ment d&#8217;extension install\u00e9<\/figcaption><\/figure>\n<p><div class=\"clear-line\"><\/div>Comme toujours, nous offrons le package complet de r\u00e9solution de probl\u00e8mes. Vous pouvez donc \u00eatre assur\u00e9 que gr\u00e2ce \u00e0 notre exp\u00e9rience et notre expertise, nous rechercherons et fournirons des r\u00e9ponses professionnelles \u00e0 toutes vos questions.<\/p>\n<p><div class=\"clear-line\"><\/div>Liens suppl\u00e9mentaires vers le projet complet de la SBB: <a href=\"https:\/\/www.tagesanzeiger.ch\/zuerich\/sbb-planen-ein-millionenprojekt-mitten-im-zuercher-gleisfeld\/story\/18371735\">https:\/\/www.tagesanzeiger.ch\/zuerich\/sbb-planen-ein-millionenprojekt-mitten-im-zuercher-gleisfeld\/story\/18371735<\/a><\/p>\n<p>&nbsp;<\/p>\n","protected":false},"excerpt":{"rendered":"<p>Quelle est la chose la plus importante lorsque nous parlons de notre eau potable? La qualit\u00e9, bien s\u00fbr. Mais que signifie-t-on par la meilleure qualit\u00e9? Que les tuyaux \u00e0 travers lesquels l&#8217;eau circule ne soient pas contamin\u00e9s par des influences externes ou par les tuyaux eux-m\u00eames. Malheureusement, cela devient de plus en plus difficile \u00e0 [&hellip;]<\/p>\n","protected":false},"author":48,"featured_media":0,"parent":0,"menu_order":0,"comment_status":"closed","ping_status":"closed","template":"","meta":{"_genesis_hide_title":false,"_genesis_hide_breadcrumbs":false,"_genesis_hide_singular_image":false,"_genesis_hide_footer_widgets":false,"_genesis_custom_body_class":"","_genesis_custom_post_class":"","_genesis_layout":"","footnotes":""},"class_list":{"0":"post-5233","1":"page","2":"type-page","3":"status-publish","5":"entry"},"acf":[],"post_mailing_queue_ids":[],"_links":{"self":[{"href":"https:\/\/www.rowatecag.ch\/fr\/wp-json\/wp\/v2\/pages\/5233","targetHints":{"allow":["GET"]}}],"collection":[{"href":"https:\/\/www.rowatecag.ch\/fr\/wp-json\/wp\/v2\/pages"}],"about":[{"href":"https:\/\/www.rowatecag.ch\/fr\/wp-json\/wp\/v2\/types\/page"}],"author":[{"embeddable":true,"href":"https:\/\/www.rowatecag.ch\/fr\/wp-json\/wp\/v2\/users\/48"}],"replies":[{"embeddable":true,"href":"https:\/\/www.rowatecag.ch\/fr\/wp-json\/wp\/v2\/comments?post=5233"}],"version-history":[{"count":0,"href":"https:\/\/www.rowatecag.ch\/fr\/wp-json\/wp\/v2\/pages\/5233\/revisions"}],"wp:attachment":[{"href":"https:\/\/www.rowatecag.ch\/fr\/wp-json\/wp\/v2\/media?parent=5233"}],"curies":[{"name":"wp","href":"https:\/\/api.w.org\/{rel}","templated":true}]}}