{"id":5236,"date":"2024-05-14T07:54:07","date_gmt":"2024-05-14T06:54:07","guid":{"rendered":"https:\/\/www.rowatecag.ch\/?page_id=5236"},"modified":"2024-05-14T07:56:19","modified_gmt":"2024-05-14T06:56:19","slug":"des-canalisations-de-1200mm-deviennent-possibles-lorsque-que-le-travail-est-effectue-par-rowatec","status":"publish","type":"page","link":"https:\/\/www.rowatecag.ch\/fr\/des-canalisations-de-1200mm-deviennent-possibles-lorsque-que-le-travail-est-effectue-par-rowatec\/","title":{"rendered":"Des canalisations de 1200mm deviennent possibles lorsque que le travail est effectu\u00e9 par Rowatec!"},"content":{"rendered":"<p>La s\u00e9curit\u00e9 est la priorit\u00e9 num\u00e9ro un lorsqu&#8217;on parle des routes. En cas de fortes pluies, toute l&#8217;eau doit \u00eatre collect\u00e9e et \u00e9vacu\u00e9e aussi rapidement que possible. C&#8217;est l&#8217;une des raisons pour lesquelles les grands carrefours routiers repr\u00e9sentent un d\u00e9fi pour les ing\u00e9nieurs. Pour collecter rapidement toute l&#8217;eau, le syst\u00e8me de collecte des eaux doit avoir une capacit\u00e9 \u00e9lev\u00e9e. Rowatec AG peut fournir des solutions cl\u00e9s en main m\u00eame pour de tels projets complexes.<\/p>\n<figure id=\"attachment_1395\" aria-describedby=\"caption-attachment-1395\" style=\"width: 600px\" class=\"wp-caption alignnone\"><img loading=\"lazy\" decoding=\"async\" class=\"wp-image-1395 \" src=\"https:\/\/www.rowatecag.ch\/wp-content\/uploads\/2021\/05\/image-2021-05-17-at-12.26.40-.jpeg\" alt=\"\" width=\"600\" height=\"487\" srcset=\"https:\/\/www.rowatecag.ch\/wp-content\/uploads\/2021\/05\/image-2021-05-17-at-12.26.40-.jpeg 899w, https:\/\/www.rowatecag.ch\/wp-content\/uploads\/2021\/05\/image-2021-05-17-at-12.26.40--300x244.jpeg 300w, https:\/\/www.rowatecag.ch\/wp-content\/uploads\/2021\/05\/image-2021-05-17-at-12.26.40--768x624.jpeg 768w, https:\/\/www.rowatecag.ch\/wp-content\/uploads\/2021\/05\/image-2021-05-17-at-12.26.40--24x19.jpeg 24w, https:\/\/www.rowatecag.ch\/wp-content\/uploads\/2021\/05\/image-2021-05-17-at-12.26.40--36x29.jpeg 36w, https:\/\/www.rowatecag.ch\/wp-content\/uploads\/2021\/05\/image-2021-05-17-at-12.26.40--48x39.jpeg 48w\" sizes=\"auto, (max-width: 600px) 100vw, 600px\" \/><figcaption id=\"caption-attachment-1395\" class=\"wp-caption-text\">Travailleur de Rowatec AG et tuyau de 1200 mm de diam\u00e8tre<\/figcaption><\/figure>\n<p>Notre client a \u00e9t\u00e9 charg\u00e9 de r\u00e9nover le carrefour Flamingo \u00e0 Wangen-Br\u00fcttisellen. Ce carrefour est tr\u00e8s fr\u00e9quent\u00e9 et repr\u00e9sente un chantier difficile. Pour rendre le concept possible, le client s&#8217;est tourn\u00e9 vers nous.<\/p>\n<p>Conform\u00e9ment aux sp\u00e9cifications, un tuyau de 11,40 m\u00e8tres de long avec un diam\u00e8tre extra-large a \u00e9t\u00e9 pr\u00e9vu. Un tuyau de 1200 mm de diam\u00e8tre n&#8217;est pas une solution courante et standard. Une barre de 10 m\u00e8tres p\u00e8se plus de 1300 kg et ne peut \u00eatre positionn\u00e9e qu&#8217;avec une grue.<\/p>\n<figure id=\"attachment_1399\" aria-describedby=\"caption-attachment-1399\" style=\"width: 599px\" class=\"wp-caption alignnone\"><img loading=\"lazy\" decoding=\"async\" class=\"wp-image-1399\" src=\"https:\/\/www.rowatecag.ch\/wp-content\/uploads\/2021\/05\/WhatsApp-Image-2021-05-12-at-09.23.04-v02.jpeg\" alt=\"\" width=\"599\" height=\"749\" srcset=\"https:\/\/www.rowatecag.ch\/wp-content\/uploads\/2021\/05\/WhatsApp-Image-2021-05-12-at-09.23.04-v02.jpeg 783w, https:\/\/www.rowatecag.ch\/wp-content\/uploads\/2021\/05\/WhatsApp-Image-2021-05-12-at-09.23.04-v02-240x300.jpeg 240w, https:\/\/www.rowatecag.ch\/wp-content\/uploads\/2021\/05\/WhatsApp-Image-2021-05-12-at-09.23.04-v02-768x960.jpeg 768w, https:\/\/www.rowatecag.ch\/wp-content\/uploads\/2021\/05\/WhatsApp-Image-2021-05-12-at-09.23.04-v02-19x24.jpeg 19w, https:\/\/www.rowatecag.ch\/wp-content\/uploads\/2021\/05\/WhatsApp-Image-2021-05-12-at-09.23.04-v02-29x36.jpeg 29w, https:\/\/www.rowatecag.ch\/wp-content\/uploads\/2021\/05\/WhatsApp-Image-2021-05-12-at-09.23.04-v02-38x48.jpeg 38w\" sizes=\"auto, (max-width: 599px) 100vw, 599px\" \/><figcaption id=\"caption-attachment-1399\" class=\"wp-caption-text\">Chantier de construction de la route<\/figcaption><\/figure>\n<div class=\"mceTemp\"><\/div>\n<p><div class=\"clear-line\"><\/div>Organiser et monter un tel tuyau n\u00e9cessite de l&#8217;exp\u00e9rience. Gr\u00e2ce \u00e0 une planification de projet efficace et \u00e0 l&#8217;exp\u00e9rience de nos employ\u00e9s, le montage du tuyau a \u00e9t\u00e9 effectu\u00e9 en une journ\u00e9e.<\/p>\n<p>&#8220;Tout s&#8217;est tr\u00e8s bien pass\u00e9&#8221;, raconte notre monteur Nico, &#8220;&#8230; j&#8217;ai travaill\u00e9 de 6 heures \u00e0 17h30&#8221;. Pendant ce temps, le tuyau a \u00e9t\u00e9 positionn\u00e9, tous les supports de tuyaux et les manchettes de scellement pour les regards ont \u00e9t\u00e9 install\u00e9s.<\/p>\n<figure id=\"attachment_1400\" aria-describedby=\"caption-attachment-1400\" style=\"width: 599px\" class=\"wp-caption alignnone\"><img loading=\"lazy\" decoding=\"async\" class=\"wp-image-1400\" src=\"https:\/\/www.rowatecag.ch\/wp-content\/uploads\/2021\/05\/WhatsApp-Image-2021-05-17-at-12.26.42-v02-1024x533.jpeg\" alt=\"\" width=\"599\" height=\"312\" srcset=\"https:\/\/www.rowatecag.ch\/wp-content\/uploads\/2021\/05\/WhatsApp-Image-2021-05-17-at-12.26.42-v02-1024x533.jpeg 1024w, https:\/\/www.rowatecag.ch\/wp-content\/uploads\/2021\/05\/WhatsApp-Image-2021-05-17-at-12.26.42-v02-300x156.jpeg 300w, https:\/\/www.rowatecag.ch\/wp-content\/uploads\/2021\/05\/WhatsApp-Image-2021-05-17-at-12.26.42-v02-768x400.jpeg 768w, https:\/\/www.rowatecag.ch\/wp-content\/uploads\/2021\/05\/WhatsApp-Image-2021-05-17-at-12.26.42-v02-1536x799.jpeg 1536w, https:\/\/www.rowatecag.ch\/wp-content\/uploads\/2021\/05\/WhatsApp-Image-2021-05-17-at-12.26.42-v02-24x12.jpeg 24w, https:\/\/www.rowatecag.ch\/wp-content\/uploads\/2021\/05\/WhatsApp-Image-2021-05-17-at-12.26.42-v02-36x19.jpeg 36w, https:\/\/www.rowatecag.ch\/wp-content\/uploads\/2021\/05\/WhatsApp-Image-2021-05-17-at-12.26.42-v02-48x25.jpeg 48w, https:\/\/www.rowatecag.ch\/wp-content\/uploads\/2021\/05\/WhatsApp-Image-2021-05-17-at-12.26.42-v02.jpeg 1712w\" sizes=\"auto, (max-width: 599px) 100vw, 599px\" \/><figcaption id=\"caption-attachment-1400\" class=\"wp-caption-text\">Le tuyau a \u00e9t\u00e9 soud\u00e9 avec une douille \u00e9lectrique DN1200<\/figcaption><\/figure>\n<p><div class=\"clear-line\"><\/div>Le succ\u00e8s de ce projet r\u00e9sulte surtout du travail en \u00e9troite collaboration avec l&#8217;entrepreneur en construction. De plus, cette solution durera encore des d\u00e9cennies.<\/p>\n<figure id=\"attachment_1401\" aria-describedby=\"caption-attachment-1401\" style=\"width: 600px\" class=\"wp-caption alignnone\"><img loading=\"lazy\" decoding=\"async\" class=\"wp-image-1401\" src=\"https:\/\/www.rowatecag.ch\/wp-content\/uploads\/2021\/05\/WhatsApp-Image-2021-05-12-at-09.23.03-v02.jpeg\" alt=\"\" width=\"600\" height=\"282\" srcset=\"https:\/\/www.rowatecag.ch\/wp-content\/uploads\/2021\/05\/WhatsApp-Image-2021-05-12-at-09.23.03-v02.jpeg 921w, https:\/\/www.rowatecag.ch\/wp-content\/uploads\/2021\/05\/WhatsApp-Image-2021-05-12-at-09.23.03-v02-300x141.jpeg 300w, https:\/\/www.rowatecag.ch\/wp-content\/uploads\/2021\/05\/WhatsApp-Image-2021-05-12-at-09.23.03-v02-768x361.jpeg 768w, https:\/\/www.rowatecag.ch\/wp-content\/uploads\/2021\/05\/WhatsApp-Image-2021-05-12-at-09.23.03-v02-24x11.jpeg 24w, https:\/\/www.rowatecag.ch\/wp-content\/uploads\/2021\/05\/WhatsApp-Image-2021-05-12-at-09.23.03-v02-36x17.jpeg 36w, https:\/\/www.rowatecag.ch\/wp-content\/uploads\/2021\/05\/WhatsApp-Image-2021-05-12-at-09.23.03-v02-48x23.jpeg 48w\" sizes=\"auto, (max-width: 600px) 100vw, 600px\" \/><figcaption id=\"caption-attachment-1401\" class=\"wp-caption-text\">Solution de montage pour un tuyau de 1200 mm de diam\u00e8tre<\/figcaption><\/figure>\n<p>&nbsp;<\/p>\n","protected":false},"excerpt":{"rendered":"<p>La s\u00e9curit\u00e9 est la priorit\u00e9 num\u00e9ro un lorsqu&#8217;on parle des routes. En cas de fortes pluies, toute l&#8217;eau doit \u00eatre collect\u00e9e et \u00e9vacu\u00e9e aussi rapidement que possible. C&#8217;est l&#8217;une des raisons pour lesquelles les grands carrefours routiers repr\u00e9sentent un d\u00e9fi pour les ing\u00e9nieurs. Pour collecter rapidement toute l&#8217;eau, le syst\u00e8me de collecte des eaux doit [&hellip;]<\/p>\n","protected":false},"author":48,"featured_media":0,"parent":0,"menu_order":0,"comment_status":"closed","ping_status":"closed","template":"","meta":{"_genesis_hide_title":false,"_genesis_hide_breadcrumbs":false,"_genesis_hide_singular_image":false,"_genesis_hide_footer_widgets":false,"_genesis_custom_body_class":"","_genesis_custom_post_class":"","_genesis_layout":"","footnotes":""},"class_list":{"0":"post-5236","1":"page","2":"type-page","3":"status-publish","5":"entry"},"acf":[],"post_mailing_queue_ids":[],"_links":{"self":[{"href":"https:\/\/www.rowatecag.ch\/fr\/wp-json\/wp\/v2\/pages\/5236","targetHints":{"allow":["GET"]}}],"collection":[{"href":"https:\/\/www.rowatecag.ch\/fr\/wp-json\/wp\/v2\/pages"}],"about":[{"href":"https:\/\/www.rowatecag.ch\/fr\/wp-json\/wp\/v2\/types\/page"}],"author":[{"embeddable":true,"href":"https:\/\/www.rowatecag.ch\/fr\/wp-json\/wp\/v2\/users\/48"}],"replies":[{"embeddable":true,"href":"https:\/\/www.rowatecag.ch\/fr\/wp-json\/wp\/v2\/comments?post=5236"}],"version-history":[{"count":0,"href":"https:\/\/www.rowatecag.ch\/fr\/wp-json\/wp\/v2\/pages\/5236\/revisions"}],"wp:attachment":[{"href":"https:\/\/www.rowatecag.ch\/fr\/wp-json\/wp\/v2\/media?parent=5236"}],"curies":[{"name":"wp","href":"https:\/\/api.w.org\/{rel}","templated":true}]}}