{"id":5239,"date":"2024-05-14T08:14:41","date_gmt":"2024-05-14T07:14:41","guid":{"rendered":"https:\/\/www.rowatecag.ch\/?page_id=5239"},"modified":"2024-05-14T08:14:41","modified_gmt":"2024-05-14T07:14:41","slug":"rowatec-ag-permet-des-taches-de-planification-3d-complexes-dans-les-maisons-nouvellement-amenagees","status":"publish","type":"page","link":"https:\/\/www.rowatecag.ch\/fr\/rowatec-ag-permet-des-taches-de-planification-3d-complexes-dans-les-maisons-nouvellement-amenagees\/","title":{"rendered":"Rowatec AG permet des t\u00e2ches de planification 3D complexes dans les maisons nouvellement am\u00e9nag\u00e9es"},"content":{"rendered":"<p>L&#8217;un des projets les plus r\u00e9cents de Rowatec AG comprenait une t\u00e2che difficile qui a \u00e9t\u00e9 r\u00e9alis\u00e9e gr\u00e2ce \u00e0 la mod\u00e9lisation 3D.<\/p>\n<figure id=\"attachment_943\" aria-describedby=\"caption-attachment-943\" style=\"width: 748px\" class=\"wp-caption alignnone\"><img loading=\"lazy\" decoding=\"async\" class=\"wp-image-943\" src=\"https:\/\/www.rowatecag.ch\/wp-content\/uploads\/2021\/03\/1-pic.png\" alt=\"\" width=\"748\" height=\"605\" \/><figcaption id=\"caption-attachment-943\" class=\"wp-caption-text\">Mod\u00e8le 3D d\u00e9velopp\u00e9 par Rowatec AG<\/figcaption><\/figure>\n<figure id=\"attachment_1123\" aria-describedby=\"caption-attachment-1123\" style=\"width: 799px\" class=\"wp-caption alignnone\"><img loading=\"lazy\" decoding=\"async\" class=\"wp-image-1123\" src=\"https:\/\/www.rowatecag.ch\/wp-content\/uploads\/2021\/04\/3dModel_1.jpg\" alt=\"\" width=\"799\" height=\"600\" srcset=\"https:\/\/www.rowatecag.ch\/wp-content\/uploads\/2021\/04\/3dModel_1.jpg 1024w, https:\/\/www.rowatecag.ch\/wp-content\/uploads\/2021\/04\/3dModel_1-300x225.jpg 300w, https:\/\/www.rowatecag.ch\/wp-content\/uploads\/2021\/04\/3dModel_1-768x576.jpg 768w\" sizes=\"auto, (max-width: 799px) 100vw, 799px\" \/><figcaption id=\"caption-attachment-1123\" class=\"wp-caption-text\">Impl\u00e9mentation dans la maison nouvellement am\u00e9nag\u00e9e<\/figcaption><\/figure>\n<p>&nbsp;<\/p>\n<p>Rowatec AG a re\u00e7u la t\u00e2che du client de planifier le trac\u00e9 des conduits de protection des c\u00e2bles avec le moins de changements de direction possible. Il \u00e9tait important pour le client que le tirage des c\u00e2bles rencontre le moins de r\u00e9sistance possible.<\/p>\n<figure id=\"attachment_1005\" aria-describedby=\"caption-attachment-1005\" style=\"width: 619px\" class=\"wp-caption alignnone\"><img loading=\"lazy\" decoding=\"async\" class=\"wp-image-1005 size-full\" src=\"https:\/\/www.rowatecag.ch\/wp-content\/uploads\/2021\/04\/9-Pic.png\" alt=\"\" width=\"619\" height=\"543\" srcset=\"https:\/\/www.rowatecag.ch\/wp-content\/uploads\/2021\/04\/9-Pic.png 619w, https:\/\/www.rowatecag.ch\/wp-content\/uploads\/2021\/04\/9-Pic-300x263.png 300w\" sizes=\"auto, (max-width: 619px) 100vw, 619px\" \/><figcaption id=\"caption-attachment-1005\" class=\"wp-caption-text\">Mod\u00e8le 3D d\u00e9velopp\u00e9 par Rowatec AG<\/figcaption><\/figure>\n<figure id=\"attachment_1126\" aria-describedby=\"caption-attachment-1126\" style=\"width: 799px\" class=\"wp-caption alignnone\"><img loading=\"lazy\" decoding=\"async\" class=\"wp-image-1126\" src=\"https:\/\/www.rowatecag.ch\/wp-content\/uploads\/2021\/04\/3DModel_2.jpg\" alt=\"\" width=\"799\" height=\"599\" srcset=\"https:\/\/www.rowatecag.ch\/wp-content\/uploads\/2021\/04\/3DModel_2.jpg 1024w, https:\/\/www.rowatecag.ch\/wp-content\/uploads\/2021\/04\/3DModel_2-300x225.jpg 300w, https:\/\/www.rowatecag.ch\/wp-content\/uploads\/2021\/04\/3DModel_2-768x576.jpg 768w\" sizes=\"auto, (max-width: 799px) 100vw, 799px\" \/><figcaption id=\"caption-attachment-1126\" class=\"wp-caption-text\">Impl\u00e9mentation dans la maison nouvellement am\u00e9nag\u00e9e<\/figcaption><\/figure>\n<p>&nbsp;<\/p>\n<p>Dans le processus de planification, de nombreux obstacles ont d\u00fb \u00eatre pris en compte. Par exemple, les conduites individuelles ne sont pas parall\u00e8les dans la zone des courbes, et en plus, elles devaient \u00eatre guid\u00e9es \u00e0 travers une structure existante avec des chemins de c\u00e2bles. Cette t\u00e2che spatialement complexe a pu \u00eatre r\u00e9solue avec satisfaction par le client gr\u00e2ce \u00e0 notre personnel qualifi\u00e9, une planification 3D r\u00e9fl\u00e9chie et un montage pr\u00e9cis.<\/p>\n<figure id=\"attachment_1004\" aria-describedby=\"caption-attachment-1004\" style=\"width: 796px\" class=\"wp-caption alignnone\"><img loading=\"lazy\" decoding=\"async\" class=\"wp-image-1004\" src=\"https:\/\/www.rowatecag.ch\/wp-content\/uploads\/2021\/04\/8-Pic.png\" alt=\"\" width=\"796\" height=\"528\" \/><figcaption id=\"caption-attachment-1004\" class=\"wp-caption-text\">Mod\u00e8le 3D d\u00e9velopp\u00e9 par Rowatec AG<\/figcaption><\/figure>\n<figure id=\"attachment_1129\" aria-describedby=\"caption-attachment-1129\" style=\"width: 800px\" class=\"wp-caption alignnone\"><img loading=\"lazy\" decoding=\"async\" class=\"wp-image-1129\" src=\"https:\/\/www.rowatecag.ch\/wp-content\/uploads\/2021\/04\/3DModel_3.jpg\" alt=\"\" width=\"800\" height=\"600\" srcset=\"https:\/\/www.rowatecag.ch\/wp-content\/uploads\/2021\/04\/3DModel_3.jpg 1024w, https:\/\/www.rowatecag.ch\/wp-content\/uploads\/2021\/04\/3DModel_3-300x225.jpg 300w, https:\/\/www.rowatecag.ch\/wp-content\/uploads\/2021\/04\/3DModel_3-768x576.jpg 768w\" sizes=\"auto, (max-width: 800px) 100vw, 800px\" \/><figcaption id=\"caption-attachment-1129\" class=\"wp-caption-text\">Impl\u00e9mentation dans la maison nouvellement am\u00e9nag\u00e9e<\/figcaption><\/figure>\n<figure id=\"attachment_1003\" aria-describedby=\"caption-attachment-1003\" style=\"width: 647px\" class=\"wp-caption alignnone\"><img loading=\"lazy\" decoding=\"async\" class=\"wp-image-1003 size-full\" src=\"https:\/\/www.rowatecag.ch\/wp-content\/uploads\/2021\/04\/7-Pic.png\" alt=\"\" width=\"647\" height=\"747\" srcset=\"https:\/\/www.rowatecag.ch\/wp-content\/uploads\/2021\/04\/7-Pic.png 647w, https:\/\/www.rowatecag.ch\/wp-content\/uploads\/2021\/04\/7-Pic-260x300.png 260w\" sizes=\"auto, (max-width: 647px) 100vw, 647px\" \/><figcaption id=\"caption-attachment-1003\" class=\"wp-caption-text\">Mod\u00e8le 3D d\u00e9velopp\u00e9 par Rowatec AG<\/figcaption><\/figure>\n<figure id=\"attachment_1142\" aria-describedby=\"caption-attachment-1142\" style=\"width: 800px\" class=\"wp-caption alignnone\"><img loading=\"lazy\" decoding=\"async\" class=\"wp-image-1142\" src=\"https:\/\/www.rowatecag.ch\/wp-content\/uploads\/2021\/04\/3DModel_61.jpg\" alt=\"\" width=\"800\" height=\"600\" srcset=\"https:\/\/www.rowatecag.ch\/wp-content\/uploads\/2021\/04\/3DModel_61.jpg 1024w, https:\/\/www.rowatecag.ch\/wp-content\/uploads\/2021\/04\/3DModel_61-300x225.jpg 300w, https:\/\/www.rowatecag.ch\/wp-content\/uploads\/2021\/04\/3DModel_61-768x576.jpg 768w\" sizes=\"auto, (max-width: 800px) 100vw, 800px\" \/><figcaption id=\"caption-attachment-1142\" class=\"wp-caption-text\">Impl\u00e9mentation dans la maison nouvellement am\u00e9nag\u00e9e<\/figcaption><\/figure>\n<p>&nbsp;<\/p>\n","protected":false},"excerpt":{"rendered":"<p>L&#8217;un des projets les plus r\u00e9cents de Rowatec AG comprenait une t\u00e2che difficile qui a \u00e9t\u00e9 r\u00e9alis\u00e9e gr\u00e2ce \u00e0 la mod\u00e9lisation 3D. &nbsp; Rowatec AG a re\u00e7u la t\u00e2che du client de planifier le trac\u00e9 des conduits de protection des c\u00e2bles avec le moins de changements de direction possible. Il \u00e9tait important pour le client [&hellip;]<\/p>\n","protected":false},"author":48,"featured_media":0,"parent":0,"menu_order":0,"comment_status":"closed","ping_status":"closed","template":"","meta":{"_genesis_hide_title":false,"_genesis_hide_breadcrumbs":false,"_genesis_hide_singular_image":false,"_genesis_hide_footer_widgets":false,"_genesis_custom_body_class":"","_genesis_custom_post_class":"","_genesis_layout":"","footnotes":""},"class_list":{"0":"post-5239","1":"page","2":"type-page","3":"status-publish","5":"entry"},"acf":[],"post_mailing_queue_ids":[],"_links":{"self":[{"href":"https:\/\/www.rowatecag.ch\/fr\/wp-json\/wp\/v2\/pages\/5239","targetHints":{"allow":["GET"]}}],"collection":[{"href":"https:\/\/www.rowatecag.ch\/fr\/wp-json\/wp\/v2\/pages"}],"about":[{"href":"https:\/\/www.rowatecag.ch\/fr\/wp-json\/wp\/v2\/types\/page"}],"author":[{"embeddable":true,"href":"https:\/\/www.rowatecag.ch\/fr\/wp-json\/wp\/v2\/users\/48"}],"replies":[{"embeddable":true,"href":"https:\/\/www.rowatecag.ch\/fr\/wp-json\/wp\/v2\/comments?post=5239"}],"version-history":[{"count":0,"href":"https:\/\/www.rowatecag.ch\/fr\/wp-json\/wp\/v2\/pages\/5239\/revisions"}],"wp:attachment":[{"href":"https:\/\/www.rowatecag.ch\/fr\/wp-json\/wp\/v2\/media?parent=5239"}],"curies":[{"name":"wp","href":"https:\/\/api.w.org\/{rel}","templated":true}]}}