{"id":5248,"date":"2024-05-14T08:43:33","date_gmt":"2024-05-14T07:43:33","guid":{"rendered":"https:\/\/www.rowatecag.ch\/?page_id=5248"},"modified":"2024-05-16T07:02:57","modified_gmt":"2024-05-16T06:02:57","slug":"entonnoir-de-dilatation-pour-tube-hdpe-type-e-dt","status":"publish","type":"page","link":"https:\/\/www.rowatecag.ch\/fr\/entonnoir-de-dilatation-pour-tube-hdpe-type-e-dt\/","title":{"rendered":"Entonnoir de dilatation pour tube HDPE Type E-DT"},"content":{"rendered":"<p><img loading=\"lazy\" decoding=\"async\" class=\"alignnone wp-image-1247\" src=\"https:\/\/www.rowatecag.ch\/wp-content\/uploads\/2021\/04\/Dilatationstrichter-Typ-E-DT-v02-1.png\" alt=\"\" width=\"334\" height=\"400\" \/><\/p>\n<h4>Diam\u00e8tre D \u00d8 (mm)<\/h4>\n<p>Toutes les pi\u00e8ces peuvent \u00eatre adapt\u00e9es. Des diam\u00e8tres plus grands sont \u00e9galement disponibles sur demande.<\/p>\n<h2 id=\"tablepress-1-name\" class=\"tablepress-table-name tablepress-table-name-id-1\"><\/h2>\n\n<table id=\"tablepress-1\" class=\"tablepress tablepress-id-1\" aria-labelledby=\"tablepress-1-name\">\n<tbody class=\"row-hover\">\n<tr class=\"row-1\">\n\t<td class=\"column-1\">Option<\/td><td class=\"column-2\">D \u00d8 (mm)<\/td>\n<\/tr>\n<tr class=\"row-2\">\n\t<td class=\"column-1\">1<\/td><td class=\"column-2\">200<\/td>\n<\/tr>\n<tr class=\"row-3\">\n\t<td class=\"column-1\">2<\/td><td class=\"column-2\">250<\/td>\n<\/tr>\n<tr class=\"row-4\">\n\t<td class=\"column-1\">3<\/td><td class=\"column-2\">315<\/td>\n<\/tr>\n<tr class=\"row-5\">\n\t<td class=\"column-1\">4<\/td><td class=\"column-2\">355<\/td>\n<\/tr>\n<tr class=\"row-6\">\n\t<td class=\"column-1\">5<\/td><td class=\"column-2\">400<\/td>\n<\/tr>\n<tr class=\"row-7\">\n\t<td class=\"column-1\">6<\/td><td class=\"column-2\">500<\/td>\n<\/tr>\n<\/tbody>\n<\/table>\n\n<p>Pour en savoir plus :<br \/>\n1. fiche technique <a href=\"https:\/\/www.rowatecag.ch\/wp-content\/uploads\/2021\/04\/Dilatationstrichter-Typ-E-DT.pdf\">Entonnoir de dilatation pour tube HDPE Type E-DT<\/a><br \/>\n2. t\u00e9l\u00e9charger le mod\u00e8le 3D au format PDF (information en cours de mise \u00e0 jour)<br \/>\n3. t\u00e9l\u00e9charger en DWG (information en cours de mise \u00e0 jour)<\/p>\n<p><a href=\"https:\/\/www.rowatecag.ch\/fr\/contact\/\">Demandez<\/a> une offre pour un bouchon de type E-EV ou contactez notre <a href=\"https:\/\/www.rowatecag.ch\/fr\/equipe-de-vente\/\">\u00e9quipe de vente<\/a>.<\/p>\n","protected":false},"excerpt":{"rendered":"<p>Diam\u00e8tre D \u00d8 (mm) Toutes les pi\u00e8ces peuvent \u00eatre adapt\u00e9es. Des diam\u00e8tres plus grands sont \u00e9galement disponibles sur demande. Pour en savoir plus : 1. fiche technique Entonnoir de dilatation pour tube HDPE Type E-DT 2. t\u00e9l\u00e9charger le mod\u00e8le 3D au format PDF (information en cours de mise \u00e0 jour) 3. t\u00e9l\u00e9charger en DWG (information [&hellip;]<\/p>\n","protected":false},"author":48,"featured_media":0,"parent":0,"menu_order":0,"comment_status":"closed","ping_status":"closed","template":"","meta":{"_genesis_hide_title":false,"_genesis_hide_breadcrumbs":false,"_genesis_hide_singular_image":false,"_genesis_hide_footer_widgets":false,"_genesis_custom_body_class":"","_genesis_custom_post_class":"","_genesis_layout":"sidebar-content","footnotes":""},"class_list":{"0":"post-5248","1":"page","2":"type-page","3":"status-publish","5":"entry"},"acf":[],"post_mailing_queue_ids":[],"_links":{"self":[{"href":"https:\/\/www.rowatecag.ch\/fr\/wp-json\/wp\/v2\/pages\/5248","targetHints":{"allow":["GET"]}}],"collection":[{"href":"https:\/\/www.rowatecag.ch\/fr\/wp-json\/wp\/v2\/pages"}],"about":[{"href":"https:\/\/www.rowatecag.ch\/fr\/wp-json\/wp\/v2\/types\/page"}],"author":[{"embeddable":true,"href":"https:\/\/www.rowatecag.ch\/fr\/wp-json\/wp\/v2\/users\/48"}],"replies":[{"embeddable":true,"href":"https:\/\/www.rowatecag.ch\/fr\/wp-json\/wp\/v2\/comments?post=5248"}],"version-history":[{"count":0,"href":"https:\/\/www.rowatecag.ch\/fr\/wp-json\/wp\/v2\/pages\/5248\/revisions"}],"wp:attachment":[{"href":"https:\/\/www.rowatecag.ch\/fr\/wp-json\/wp\/v2\/media?parent=5248"}],"curies":[{"name":"wp","href":"https:\/\/api.w.org\/{rel}","templated":true}]}}