{"id":5263,"date":"2024-05-16T07:40:41","date_gmt":"2024-05-16T06:40:41","guid":{"rendered":"https:\/\/www.rowatecag.ch\/?page_id=5263"},"modified":"2024-05-16T07:40:41","modified_gmt":"2024-05-16T06:40:41","slug":"coudes-45-type-soudes-sb45","status":"publish","type":"page","link":"https:\/\/www.rowatecag.ch\/fr\/coudes-45-type-soudes-sb45\/","title":{"rendered":"Coudes 45\u00b0 Type soud\u00e9s SB45"},"content":{"rendered":"<p><img loading=\"lazy\" decoding=\"async\" class=\"alignnone size-full wp-image-1422\" src=\"https:\/\/www.rowatecag.ch\/wp-content\/uploads\/2021\/06\/Segmentbogen-45\u00b0.png\" alt=\"\" width=\"660\" height=\"471\" srcset=\"https:\/\/www.rowatecag.ch\/wp-content\/uploads\/2021\/06\/Segmentbogen-45\u00b0.png 660w, https:\/\/www.rowatecag.ch\/wp-content\/uploads\/2021\/06\/Segmentbogen-45\u00b0-300x214.png 300w, https:\/\/www.rowatecag.ch\/wp-content\/uploads\/2021\/06\/Segmentbogen-45\u00b0-24x17.png 24w, https:\/\/www.rowatecag.ch\/wp-content\/uploads\/2021\/06\/Segmentbogen-45\u00b0-36x26.png 36w, https:\/\/www.rowatecag.ch\/wp-content\/uploads\/2021\/06\/Segmentbogen-45\u00b0-48x34.png 48w\" sizes=\"auto, (max-width: 660px) 100vw, 660px\" \/><\/p>\n<p>Mat\u00e9riau HDPE<\/p>\n<p>Toutes les pi\u00e8ces peuvent \u00eatre adapt\u00e9es. Des diam\u00e8tres plus grands sont \u00e9galement disponibles sur demande.<\/p>\n\n<table id=\"tablepress-9\" class=\"tablepress tablepress-id-9\">\n<tbody class=\"row-hover\">\n<tr class=\"row-1\">\n\t<td class=\"column-1\"><strong>d1<\/strong><\/td><td class=\"column-2\"><strong>di<\/strong><\/td><td class=\"column-3\"><strong>s<\/strong><\/td><td class=\"column-4\"><strong>r<\/strong><\/td><td class=\"column-5\"><strong>le<\/strong><\/td><td class=\"column-6\"><strong>z<\/strong><\/td><td class=\"column-7\"><strong>a<\/strong><\/td><td class=\"column-8\"><strong>PN 3.2<\/strong><\/td>\n<\/tr>\n<tr class=\"row-2\">\n\t<td class=\"column-1\">180<\/td><td class=\"column-2\">169.0<\/td><td class=\"column-3\">5.5<\/td><td class=\"column-4\">270<\/td><td class=\"column-5\">150<\/td><td class=\"column-6\">185<\/td><td class=\"column-7\">47<\/td><td class=\"column-8\">SDR33\/S16<\/td>\n<\/tr>\n<tr class=\"row-3\">\n\t<td class=\"column-1\">200<\/td><td class=\"column-2\">187.6<\/td><td class=\"column-3\">6.2<br \/>\n<\/td><td class=\"column-4\">300<\/td><td class=\"column-5\">150<\/td><td class=\"column-6\">189<\/td><td class=\"column-7\">53<\/td><td class=\"column-8\">SDR33\/S16<\/td>\n<\/tr>\n<tr class=\"row-4\">\n\t<td class=\"column-1\">225<\/td><td class=\"column-2\">211.2<\/td><td class=\"column-3\">6.9<\/td><td class=\"column-4\">338<\/td><td class=\"column-5\">150<\/td><td class=\"column-6\">194<\/td><td class=\"column-7\">59<\/td><td class=\"column-8\">SDR33\/S16<\/td>\n<\/tr>\n<tr class=\"row-5\">\n\t<td class=\"column-1\">250<\/td><td class=\"column-2\">234.6<\/td><td class=\"column-3\">7.7<\/td><td class=\"column-4\">375<\/td><td class=\"column-5\">250<\/td><td class=\"column-6\">299<\/td><td class=\"column-7\">66<\/td><td class=\"column-8\">SDR33\/S16<\/td>\n<\/tr>\n<tr class=\"row-6\">\n\t<td class=\"column-1\">280<\/td><td class=\"column-2\">262.8<\/td><td class=\"column-3\">8.6<\/td><td class=\"column-4\">420<\/td><td class=\"column-5\">250<\/td><td class=\"column-6\">305<\/td><td class=\"column-7\">74<\/td><td class=\"column-8\">SDR33\/S16<\/td>\n<\/tr>\n<tr class=\"row-7\">\n\t<td class=\"column-1\">315<\/td><td class=\"column-2\">295.6<\/td><td class=\"column-3\">9.7<\/td><td class=\"column-4\">478<\/td><td class=\"column-5\">300<\/td><td class=\"column-6\">363<\/td><td class=\"column-7\">83<\/td><td class=\"column-8\">SDR33\/S16<\/td>\n<\/tr>\n<tr class=\"row-8\">\n\t<td class=\"column-1\">355<\/td><td class=\"column-2\">333.2<\/td><td class=\"column-3\">10.9<\/td><td class=\"column-4\">533<\/td><td class=\"column-5\">300<\/td><td class=\"column-6\">370<\/td><td class=\"column-7\">93<\/td><td class=\"column-8\">SDR33\/S16<\/td>\n<\/tr>\n<tr class=\"row-9\">\n\t<td class=\"column-1\">400<\/td><td class=\"column-2\">375.4<\/td><td class=\"column-3\">12.3<\/td><td class=\"column-4\">600<\/td><td class=\"column-5\">300<\/td><td class=\"column-6\">379<\/td><td class=\"column-7\">105<\/td><td class=\"column-8\">SDR33\/S16<\/td>\n<\/tr>\n<tr class=\"row-10\">\n\t<td class=\"column-1\">450<\/td><td class=\"column-2\">422.4<\/td><td class=\"column-3\">13.8<\/td><td class=\"column-4\">675<\/td><td class=\"column-5\">300<\/td><td class=\"column-6\">389<\/td><td class=\"column-7\">118<\/td><td class=\"column-8\">SDR33\/S16<\/td>\n<\/tr>\n<tr class=\"row-11\">\n\t<td class=\"column-1\">500<\/td><td class=\"column-2\">469.4<\/td><td class=\"column-3\">15.3<\/td><td class=\"column-4\">750<\/td><td class=\"column-5\">350<\/td><td class=\"column-6\">449<\/td><td class=\"column-7\">131<\/td><td class=\"column-8\">SDR33\/S16<\/td>\n<\/tr>\n<tr class=\"row-12\">\n\t<td class=\"column-1\">560<\/td><td class=\"column-2\">525.6<\/td><td class=\"column-3\">17.2<\/td><td class=\"column-4\">840<\/td><td class=\"column-5\">350<\/td><td class=\"column-6\">460<\/td><td class=\"column-7\">147<\/td><td class=\"column-8\">SDR33\/S16<\/td>\n<\/tr>\n<tr class=\"row-13\">\n\t<td class=\"column-1\">630<\/td><td class=\"column-2\">591.4<\/td><td class=\"column-3\">19.3<\/td><td class=\"column-4\">945<\/td><td class=\"column-5\">350<\/td><td class=\"column-6\">474<\/td><td class=\"column-7\">166<\/td><td class=\"column-8\">SDR33\/S16<\/td>\n<\/tr>\n<\/tbody>\n<\/table>\n<!-- #tablepress-9 from cache -->\n<p>Sous r\u00e9serve de modifications<\/p>\n<p><strong>Pour en savoir plus :<\/strong><\/p>\n<p>1. fiche technique <a href=\"https:\/\/www.rowatecag.ch\/wp-content\/uploads\/2021\/06\/Entwasserung-Systemkomponenten10.pdf\">Coudes 45\u00b0 Type soud\u00e9s SB45<\/a><br \/>\n2. t\u00e9l\u00e9charger le mod\u00e8le 3D au format PDF (information en cours de mise \u00e0 jour)<br \/>\n3. t\u00e9l\u00e9charger en DWG (information en cours de mise \u00e0 jour)<\/p>\n<p><a href=\"https:\/\/www.rowatecag.ch\/kontakt-3\/\">Demandez<\/a>\u00a0une offre pour un bouchon de type E-EV ou contactez notre\u00a0<a href=\"https:\/\/www.rowatecag.ch\/fr\/equipe-de-vente\/\">\u00e9quipe de vente<\/a>.<\/p>\n","protected":false},"excerpt":{"rendered":"<p>Mat\u00e9riau HDPE Toutes les pi\u00e8ces peuvent \u00eatre adapt\u00e9es. Des diam\u00e8tres plus grands sont \u00e9galement disponibles sur demande. Sous r\u00e9serve de modifications Pour en savoir plus : 1. fiche technique Coudes 45\u00b0 Type soud\u00e9s SB45 2. t\u00e9l\u00e9charger le mod\u00e8le 3D au format PDF (information en cours de mise \u00e0 jour) 3. t\u00e9l\u00e9charger en DWG (information en [&hellip;]<\/p>\n","protected":false},"author":48,"featured_media":0,"parent":0,"menu_order":0,"comment_status":"closed","ping_status":"closed","template":"","meta":{"_genesis_hide_title":false,"_genesis_hide_breadcrumbs":false,"_genesis_hide_singular_image":false,"_genesis_hide_footer_widgets":false,"_genesis_custom_body_class":"","_genesis_custom_post_class":"","_genesis_layout":"sidebar-content","footnotes":""},"class_list":{"0":"post-5263","1":"page","2":"type-page","3":"status-publish","5":"entry"},"acf":[],"post_mailing_queue_ids":[],"_links":{"self":[{"href":"https:\/\/www.rowatecag.ch\/fr\/wp-json\/wp\/v2\/pages\/5263","targetHints":{"allow":["GET"]}}],"collection":[{"href":"https:\/\/www.rowatecag.ch\/fr\/wp-json\/wp\/v2\/pages"}],"about":[{"href":"https:\/\/www.rowatecag.ch\/fr\/wp-json\/wp\/v2\/types\/page"}],"author":[{"embeddable":true,"href":"https:\/\/www.rowatecag.ch\/fr\/wp-json\/wp\/v2\/users\/48"}],"replies":[{"embeddable":true,"href":"https:\/\/www.rowatecag.ch\/fr\/wp-json\/wp\/v2\/comments?post=5263"}],"version-history":[{"count":0,"href":"https:\/\/www.rowatecag.ch\/fr\/wp-json\/wp\/v2\/pages\/5263\/revisions"}],"wp:attachment":[{"href":"https:\/\/www.rowatecag.ch\/fr\/wp-json\/wp\/v2\/media?parent=5263"}],"curies":[{"name":"wp","href":"https:\/\/api.w.org\/{rel}","templated":true}]}}