{"id":5315,"date":"2024-05-27T08:46:09","date_gmt":"2024-05-27T07:46:09","guid":{"rendered":"https:\/\/www.rowatecag.ch\/?page_id=5315"},"modified":"2024-05-27T09:12:26","modified_gmt":"2024-05-27T08:12:26","slug":"suspension-pour-tuyaux-a-cables-type-krs","status":"publish","type":"page","link":"https:\/\/www.rowatecag.ch\/fr\/suspension-pour-tuyaux-a-cables-type-krs\/","title":{"rendered":"Suspension pour tuyaux \u00e0 c\u00e2bles Type KRs"},"content":{"rendered":"<p><strong>S\u00e9lection typique pour les tuyaux embo\u00eet\u00e9s.<\/strong><\/p>\n<p><img loading=\"lazy\" decoding=\"async\" class=\"alignnone size-full wp-image-1468\" src=\"https:\/\/www.rowatecag.ch\/wp-content\/uploads\/2021\/06\/Kabelschutzrohr-KRs.png\" alt=\"\" width=\"640\" height=\"404\" srcset=\"https:\/\/www.rowatecag.ch\/wp-content\/uploads\/2021\/06\/Kabelschutzrohr-KRs.png 640w, https:\/\/www.rowatecag.ch\/wp-content\/uploads\/2021\/06\/Kabelschutzrohr-KRs-300x189.png 300w, https:\/\/www.rowatecag.ch\/wp-content\/uploads\/2021\/06\/Kabelschutzrohr-KRs-24x15.png 24w, https:\/\/www.rowatecag.ch\/wp-content\/uploads\/2021\/06\/Kabelschutzrohr-KRs-36x23.png 36w, https:\/\/www.rowatecag.ch\/wp-content\/uploads\/2021\/06\/Kabelschutzrohr-KRs-48x30.png 48w\" sizes=\"auto, (max-width: 640px) 100vw, 640px\" \/><\/p>\n<p><strong>Construction avec des coquilles soud\u00e9es \u00e0 1\/3<\/strong><\/p>\n\n<table id=\"tablepress-40\" class=\"tablepress tablepress-id-40\">\n<tbody class=\"row-hover\">\n<tr class=\"row-1\">\n\t<td class=\"column-1\"><strong> Sch\u00e9ma <\/strong><\/td><td class=\"column-2\"><strong>Type:<\/strong><\/td><td class=\"column-3\"><strong>\tPosition de la suspension: <\/strong><\/td>\n<\/tr>\n<tr class=\"row-2\">\n\t<td class=\"column-1\"><a href=\"https:\/\/www.rowatecag.ch\/kabelschutzrohraufhaengung-krs-2-1\/\"><img loading=\"lazy\" decoding=\"async\" src=\"https:\/\/www.rowatecag.ch\/wp-content\/uploads\/2021\/08\/Kabelschutzrohr-KRs-2-1-150.png\" alt=\"\" width=\"150\" height=\"83\" class=\"alignnone size-full wp-image-1932\" srcset=\"https:\/\/www.rowatecag.ch\/wp-content\/uploads\/2021\/08\/Kabelschutzrohr-KRs-2-1-150.png 150w, https:\/\/www.rowatecag.ch\/wp-content\/uploads\/2021\/08\/Kabelschutzrohr-KRs-2-1-150-24x13.png 24w, https:\/\/www.rowatecag.ch\/wp-content\/uploads\/2021\/08\/Kabelschutzrohr-KRs-2-1-150-36x20.png 36w, https:\/\/www.rowatecag.ch\/wp-content\/uploads\/2021\/08\/Kabelschutzrohr-KRs-2-1-150-48x27.png 48w\" sizes=\"auto, (max-width: 150px) 100vw, 150px\" \/><\/td><td class=\"column-2\"><a href=\"https:\/\/www.rowatecag.ch\/kabelschutzrohraufhaengung-krs-2-1\/\">KRs 2 \u2013 1<\/a><\/td><td class=\"column-3\">suspendu \/ soutenu<\/td>\n<\/tr>\n<tr class=\"row-3\">\n\t<td class=\"column-1\"><a href=\"https:\/\/www.rowatecag.ch\/kabelschutzrohraufhaengung-krs-2-1w\/\"><img loading=\"lazy\" decoding=\"async\" src=\"https:\/\/www.rowatecag.ch\/wp-content\/uploads\/2021\/08\/Kabelschutzrohr-KRs-2-1w-150-v01.png\" alt=\"\" width=\"150\" height=\"124\" class=\"alignnone size-full wp-image-1962\" srcset=\"https:\/\/www.rowatecag.ch\/wp-content\/uploads\/2021\/08\/Kabelschutzrohr-KRs-2-1w-150-v01.png 150w, https:\/\/www.rowatecag.ch\/wp-content\/uploads\/2021\/08\/Kabelschutzrohr-KRs-2-1w-150-v01-24x20.png 24w, https:\/\/www.rowatecag.ch\/wp-content\/uploads\/2021\/08\/Kabelschutzrohr-KRs-2-1w-150-v01-36x30.png 36w, https:\/\/www.rowatecag.ch\/wp-content\/uploads\/2021\/08\/Kabelschutzrohr-KRs-2-1w-150-v01-48x40.png 48w\" sizes=\"auto, (max-width: 150px) 100vw, 150px\" \/><\/td><td class=\"column-2\"><a href=\"https:\/\/www.rowatecag.ch\/kabelschutzrohraufhaengung-krs-2-1w\/\">KRs 2 \u2013 1w<\/a><\/td><td class=\"column-3\">sur le mur<\/td>\n<\/tr>\n<tr class=\"row-4\">\n\t<td class=\"column-1\"><a href=\"https:\/\/www.rowatecag.ch\/kabelschutzrohraufhaengung-krs-3-1\/\"><img loading=\"lazy\" decoding=\"async\" src=\"https:\/\/www.rowatecag.ch\/wp-content\/uploads\/2021\/08\/Kabelschutzrohr-KRs-3-1-150x150.png\" alt=\"\" width=\"150\" height=\"150\" class=\"alignnone size-thumbnail wp-image-1941\" \/><\/td><td class=\"column-2\"><a href=\"https:\/\/www.rowatecag.ch\/kabelschutzrohraufhaengung-krs-3-1\/\">KRs 3 \u2013 1<\/a><\/td><td class=\"column-3\">suspendu \/ soutenu<\/td>\n<\/tr>\n<tr class=\"row-5\">\n\t<td class=\"column-1\"><a href=\"https:\/\/www.rowatecag.ch\/kabelschutzrohraufhaengung-krs-4-1\/\"><img loading=\"lazy\" decoding=\"async\" src=\"https:\/\/www.rowatecag.ch\/wp-content\/uploads\/2021\/08\/Kabelschutzrohr-KRs-4-1-150.png\" alt=\"\" width=\"150\" height=\"94\" class=\"alignnone size-full wp-image-1938\" srcset=\"https:\/\/www.rowatecag.ch\/wp-content\/uploads\/2021\/08\/Kabelschutzrohr-KRs-4-1-150.png 150w, https:\/\/www.rowatecag.ch\/wp-content\/uploads\/2021\/08\/Kabelschutzrohr-KRs-4-1-150-24x15.png 24w, https:\/\/www.rowatecag.ch\/wp-content\/uploads\/2021\/08\/Kabelschutzrohr-KRs-4-1-150-36x23.png 36w, https:\/\/www.rowatecag.ch\/wp-content\/uploads\/2021\/08\/Kabelschutzrohr-KRs-4-1-150-48x30.png 48w\" sizes=\"auto, (max-width: 150px) 100vw, 150px\" \/><\/td><td class=\"column-2\"><a href=\"https:\/\/www.rowatecag.ch\/kabelschutzrohraufhaengung-krs-4-1\/\">KRs 4 \u2013 1<\/a><\/td><td class=\"column-3\">suspendu \/ soutenu<\/td>\n<\/tr>\n<tr class=\"row-6\">\n\t<td class=\"column-1\"><a href=\"https:\/\/www.rowatecag.ch\/kabelschutzrohraufhaengung-krs-4-2\/\"><img loading=\"lazy\" decoding=\"async\" src=\"https:\/\/www.rowatecag.ch\/wp-content\/uploads\/2021\/08\/Kabelschutzrohr-KRs-4-2-150.png\" alt=\"\" width=\"150\" height=\"134\" class=\"alignnone size-full wp-image-1944\" srcset=\"https:\/\/www.rowatecag.ch\/wp-content\/uploads\/2021\/08\/Kabelschutzrohr-KRs-4-2-150.png 150w, https:\/\/www.rowatecag.ch\/wp-content\/uploads\/2021\/08\/Kabelschutzrohr-KRs-4-2-150-24x21.png 24w, https:\/\/www.rowatecag.ch\/wp-content\/uploads\/2021\/08\/Kabelschutzrohr-KRs-4-2-150-36x32.png 36w, https:\/\/www.rowatecag.ch\/wp-content\/uploads\/2021\/08\/Kabelschutzrohr-KRs-4-2-150-48x43.png 48w\" sizes=\"auto, (max-width: 150px) 100vw, 150px\" \/><\/td><td class=\"column-2\"><a href=\"https:\/\/www.rowatecag.ch\/kabelschutzrohraufhaengung-krs-4-2\/\">KRs 4 \u2013 2<\/a><\/td><td class=\"column-3\">suspendu \/ soutenu<\/td>\n<\/tr>\n<tr class=\"row-7\">\n\t<td class=\"column-1\"><a href=\"https:\/\/www.rowatecag.ch\/kabelschutzrohraufhaengung-krs-4-2w\/\"><img loading=\"lazy\" decoding=\"async\" src=\"https:\/\/www.rowatecag.ch\/wp-content\/uploads\/2021\/08\/Kabelschutzrohr-KRs-4-2w-150.png\" alt=\"\" width=\"150\" height=\"111\" class=\"alignnone size-full wp-image-1947\" srcset=\"https:\/\/www.rowatecag.ch\/wp-content\/uploads\/2021\/08\/Kabelschutzrohr-KRs-4-2w-150.png 150w, https:\/\/www.rowatecag.ch\/wp-content\/uploads\/2021\/08\/Kabelschutzrohr-KRs-4-2w-150-24x18.png 24w, https:\/\/www.rowatecag.ch\/wp-content\/uploads\/2021\/08\/Kabelschutzrohr-KRs-4-2w-150-36x27.png 36w, https:\/\/www.rowatecag.ch\/wp-content\/uploads\/2021\/08\/Kabelschutzrohr-KRs-4-2w-150-48x36.png 48w\" sizes=\"auto, (max-width: 150px) 100vw, 150px\" \/><\/td><td class=\"column-2\"><a href=\"https:\/\/www.rowatecag.ch\/kabelschutzrohraufhaengung-krs-4-2w\/\">KRs 4 \u2013 2w<\/a><\/td><td class=\"column-3\">sur le mur<\/td>\n<\/tr>\n<tr class=\"row-8\">\n\t<td class=\"column-1\"><img loading=\"lazy\" decoding=\"async\" src=\"https:\/\/www.rowatecag.ch\/wp-content\/uploads\/2021\/08\/Kabelschutzrohr-KRs-6-1-150.png\" alt=\"\" width=\"150\" height=\"73\" class=\"alignnone size-full wp-image-1950\" srcset=\"https:\/\/www.rowatecag.ch\/wp-content\/uploads\/2021\/08\/Kabelschutzrohr-KRs-6-1-150.png 150w, https:\/\/www.rowatecag.ch\/wp-content\/uploads\/2021\/08\/Kabelschutzrohr-KRs-6-1-150-24x12.png 24w, https:\/\/www.rowatecag.ch\/wp-content\/uploads\/2021\/08\/Kabelschutzrohr-KRs-6-1-150-36x18.png 36w, https:\/\/www.rowatecag.ch\/wp-content\/uploads\/2021\/08\/Kabelschutzrohr-KRs-6-1-150-48x23.png 48w\" sizes=\"auto, (max-width: 150px) 100vw, 150px\" \/><\/td><td class=\"column-2\"><a href=\"https:\/\/www.rowatecag.ch\/kabelschutzrohraufhaengung-krs-6-1\/\">KRs 6 \u2013 1<\/a><\/td><td class=\"column-3\">suspendu \/ soutenu<\/td>\n<\/tr>\n<tr class=\"row-9\">\n\t<td class=\"column-1\"><a href=\"https:\/\/www.rowatecag.ch\/kabelschutzrohraufhaengung-krs-6-2\/\"><img loading=\"lazy\" decoding=\"async\" src=\"https:\/\/www.rowatecag.ch\/wp-content\/uploads\/2021\/08\/Kabelschutzrohr-KRs-6-2-150.png\" alt=\"\" width=\"150\" height=\"126\" class=\"alignnone size-full wp-image-1953\" srcset=\"https:\/\/www.rowatecag.ch\/wp-content\/uploads\/2021\/08\/Kabelschutzrohr-KRs-6-2-150.png 150w, https:\/\/www.rowatecag.ch\/wp-content\/uploads\/2021\/08\/Kabelschutzrohr-KRs-6-2-150-24x20.png 24w, https:\/\/www.rowatecag.ch\/wp-content\/uploads\/2021\/08\/Kabelschutzrohr-KRs-6-2-150-36x30.png 36w, https:\/\/www.rowatecag.ch\/wp-content\/uploads\/2021\/08\/Kabelschutzrohr-KRs-6-2-150-48x40.png 48w\" sizes=\"auto, (max-width: 150px) 100vw, 150px\" \/><\/td><td class=\"column-2\"><a href=\"https:\/\/www.rowatecag.ch\/kabelschutzrohraufhaengung-krs-6-2\/\">KRs 6 \u2013 2<\/a><\/td><td class=\"column-3\">suspendu \/ soutenu<\/td>\n<\/tr>\n<tr class=\"row-10\">\n\t<td class=\"column-1\"><a href=\"https:\/\/www.rowatecag.ch\/kabelschutzrohraufhaengung-krs-8-2\/\"><img loading=\"lazy\" decoding=\"async\" src=\"https:\/\/www.rowatecag.ch\/wp-content\/uploads\/2021\/08\/Kabelschutzrohr-KRs-8-2-150.png\" alt=\"\" width=\"150\" height=\"109\" class=\"alignnone size-full wp-image-1956\" srcset=\"https:\/\/www.rowatecag.ch\/wp-content\/uploads\/2021\/08\/Kabelschutzrohr-KRs-8-2-150.png 150w, https:\/\/www.rowatecag.ch\/wp-content\/uploads\/2021\/08\/Kabelschutzrohr-KRs-8-2-150-24x17.png 24w, https:\/\/www.rowatecag.ch\/wp-content\/uploads\/2021\/08\/Kabelschutzrohr-KRs-8-2-150-36x26.png 36w, https:\/\/www.rowatecag.ch\/wp-content\/uploads\/2021\/08\/Kabelschutzrohr-KRs-8-2-150-48x35.png 48w\" sizes=\"auto, (max-width: 150px) 100vw, 150px\" \/><\/td><td class=\"column-2\"><a href=\"https:\/\/www.rowatecag.ch\/kabelschutzrohraufhaengung-krs-8-2\/\">KRs 8 \u2013 2<\/a><\/td><td class=\"column-3\">suspendu \/ soutenu<\/td>\n<\/tr>\n<tr class=\"row-11\">\n\t<td class=\"column-1\"><a href=\"https:\/\/www.rowatecag.ch\/kabelschutzrohraufhaengung-krs-fx-6-2\/\"><img loading=\"lazy\" decoding=\"async\" src=\"https:\/\/www.rowatecag.ch\/wp-content\/uploads\/2021\/09\/Typ-KRs-Fx-6-\u2013-2-150.png\" alt=\"\" width=\"150\" height=\"87\" class=\"alignnone size-full wp-image-2682\" srcset=\"https:\/\/www.rowatecag.ch\/wp-content\/uploads\/2021\/09\/Typ-KRs-Fx-6-\u2013-2-150.png 150w, https:\/\/www.rowatecag.ch\/wp-content\/uploads\/2021\/09\/Typ-KRs-Fx-6-\u2013-2-150-24x14.png 24w, https:\/\/www.rowatecag.ch\/wp-content\/uploads\/2021\/09\/Typ-KRs-Fx-6-\u2013-2-150-36x21.png 36w, https:\/\/www.rowatecag.ch\/wp-content\/uploads\/2021\/09\/Typ-KRs-Fx-6-\u2013-2-150-48x28.png 48w\" sizes=\"auto, (max-width: 150px) 100vw, 150px\" \/><\/td><td class=\"column-2\"><a href=\"https:\/\/www.rowatecag.ch\/kabelschutzrohraufhaengung-krs-fx-6-2\/\">KRs FX 6 \u2013 2<\/a><\/td><td class=\"column-3\">suspendu \/ soutenu<\/td>\n<\/tr>\n<\/tbody>\n<\/table>\n\n<p><strong>Ex\u00e9cution de la suspension de tube de protection de c\u00e2bles :<br \/>\n<\/strong>\u2013 Profil\u00e9s : 40 x 40 mm<br \/>\n\u2013 Tiges filet\u00e9es, vis, \u00e9crous M12<br \/>\n\u2013 Guidages de tube (anneaux, coques) : Largeur 60 mm<br \/>\n\u2013 Ancrage : Chevilles adh\u00e9sives, chevilles compactes, plaque d\u2019ancrage<br \/>\n\u2013 Mat\u00e9riaux, au choix \u2013 Acier galvanis\u00e9 \u00e0 chaud, \u2013 Acier inoxydable de classe A4 (1.4401 \/ 1.4571 \/ 1.4404)<br \/>\n\u2013 Contreventement au moins tous les 2 supports<\/p>\n<p><strong>Plus d\u2019informations:<br \/>\n<\/strong>1. Fiche technique suspension pour tuyaux \u00e0 c\u00e2bles Type KRo<br \/>\n2. T\u00e9l\u00e9charger le mod\u00e8le 3D au format PDF (les informations seront mises \u00e0 jour)<br \/>\n3. T\u00e9l\u00e9charger au format DWG (les informations seront mises \u00e0 jour)<\/p>\n<p><a href=\"https:\/\/www.rowatecag.ch\/kontakt-3\/\">Demandez<\/a>\u00a0une offre pour un bouchon de type E-EV ou contactez notre\u00a0<a href=\"https:\/\/www.rowatecag.ch\/fr\/equipe-de-vente\/\">\u00e9quipe de vente<\/a>.<\/p>\n","protected":false},"excerpt":{"rendered":"<p>S\u00e9lection typique pour les tuyaux embo\u00eet\u00e9s. Construction avec des coquilles soud\u00e9es \u00e0 1\/3 Ex\u00e9cution de la suspension de tube de protection de c\u00e2bles : \u2013 Profil\u00e9s : 40 x 40 mm \u2013 Tiges filet\u00e9es, vis, \u00e9crous M12 \u2013 Guidages de tube (anneaux, coques) : Largeur 60 mm \u2013 Ancrage : Chevilles adh\u00e9sives, chevilles compactes, plaque [&hellip;]<\/p>\n","protected":false},"author":48,"featured_media":0,"parent":0,"menu_order":0,"comment_status":"closed","ping_status":"closed","template":"","meta":{"_genesis_hide_title":false,"_genesis_hide_breadcrumbs":false,"_genesis_hide_singular_image":false,"_genesis_hide_footer_widgets":false,"_genesis_custom_body_class":"","_genesis_custom_post_class":"","_genesis_layout":"sidebar-content","footnotes":""},"class_list":{"0":"post-5315","1":"page","2":"type-page","3":"status-publish","5":"entry"},"acf":[],"post_mailing_queue_ids":[],"_links":{"self":[{"href":"https:\/\/www.rowatecag.ch\/fr\/wp-json\/wp\/v2\/pages\/5315","targetHints":{"allow":["GET"]}}],"collection":[{"href":"https:\/\/www.rowatecag.ch\/fr\/wp-json\/wp\/v2\/pages"}],"about":[{"href":"https:\/\/www.rowatecag.ch\/fr\/wp-json\/wp\/v2\/types\/page"}],"author":[{"embeddable":true,"href":"https:\/\/www.rowatecag.ch\/fr\/wp-json\/wp\/v2\/users\/48"}],"replies":[{"embeddable":true,"href":"https:\/\/www.rowatecag.ch\/fr\/wp-json\/wp\/v2\/comments?post=5315"}],"version-history":[{"count":0,"href":"https:\/\/www.rowatecag.ch\/fr\/wp-json\/wp\/v2\/pages\/5315\/revisions"}],"wp:attachment":[{"href":"https:\/\/www.rowatecag.ch\/fr\/wp-json\/wp\/v2\/media?parent=5315"}],"curies":[{"name":"wp","href":"https:\/\/api.w.org\/{rel}","templated":true}]}}