{"id":5318,"date":"2024-05-27T10:29:08","date_gmt":"2024-05-27T09:29:08","guid":{"rendered":"https:\/\/www.rowatecag.ch\/?page_id=5318"},"modified":"2024-05-27T10:33:45","modified_gmt":"2024-05-27T09:33:45","slug":"suspension-pour-tuyaux-a-cables-type-krb","status":"publish","type":"page","link":"https:\/\/www.rowatecag.ch\/fr\/suspension-pour-tuyaux-a-cables-type-krb\/","title":{"rendered":"Suspension pour tuyaux \u00e0 c\u00e2bles Type KRb"},"content":{"rendered":"<p><img loading=\"lazy\" decoding=\"async\" class=\"alignnone size-full wp-image-1490\" src=\"https:\/\/www.rowatecag.ch\/wp-content\/uploads\/2021\/06\/Kabelschutzrohr-KRb-v02.png\" alt=\"\" width=\"660\" height=\"486\" srcset=\"https:\/\/www.rowatecag.ch\/wp-content\/uploads\/2021\/06\/Kabelschutzrohr-KRb-v02.png 660w, https:\/\/www.rowatecag.ch\/wp-content\/uploads\/2021\/06\/Kabelschutzrohr-KRb-v02-300x221.png 300w, https:\/\/www.rowatecag.ch\/wp-content\/uploads\/2021\/06\/Kabelschutzrohr-KRb-v02-24x18.png 24w, https:\/\/www.rowatecag.ch\/wp-content\/uploads\/2021\/06\/Kabelschutzrohr-KRb-v02-36x27.png 36w, https:\/\/www.rowatecag.ch\/wp-content\/uploads\/2021\/06\/Kabelschutzrohr-KRb-v02-48x35.png 48w\" sizes=\"auto, (max-width: 660px) 100vw, 660px\" \/><\/p>\n<p><strong>Construction avec \u00e9triers<\/strong><\/p>\n\n<table id=\"tablepress-41\" class=\"tablepress tablepress-id-41\">\n<tbody class=\"row-hover\">\n<tr class=\"row-1\">\n\t<td class=\"column-1\"><strong><br \/>\nSch\u00e9ma <\/strong><\/td><td class=\"column-2\"><strong>Type:<\/strong><\/td><td class=\"column-3\"><strong>Position de la suspension: <\/strong><\/td>\n<\/tr>\n<tr class=\"row-2\">\n\t<td class=\"column-1\"><a href=\"https:\/\/www.rowatecag.ch\/kabelschutzrohraufhaengung-krb-2-1\/\"><img loading=\"lazy\" decoding=\"async\" src=\"https:\/\/www.rowatecag.ch\/wp-content\/uploads\/2021\/08\/Kabelschutzrohr-KRb-2-1-1.png\" alt=\"\" width=\"150\" height=\"125\" class=\"alignnone size-full wp-image-1893\" srcset=\"https:\/\/www.rowatecag.ch\/wp-content\/uploads\/2021\/08\/Kabelschutzrohr-KRb-2-1-1.png 150w, https:\/\/www.rowatecag.ch\/wp-content\/uploads\/2021\/08\/Kabelschutzrohr-KRb-2-1-1-24x20.png 24w, https:\/\/www.rowatecag.ch\/wp-content\/uploads\/2021\/08\/Kabelschutzrohr-KRb-2-1-1-36x30.png 36w, https:\/\/www.rowatecag.ch\/wp-content\/uploads\/2021\/08\/Kabelschutzrohr-KRb-2-1-1-48x40.png 48w\" sizes=\"auto, (max-width: 150px) 100vw, 150px\" \/><\/td><td class=\"column-2\"><a href=\"https:\/\/www.rowatecag.ch\/kabelschutzrohraufhaengung-krb-2-1\/\">KRb 2 \u2013 1<\/a><\/td><td class=\"column-3\">suspendu \/ soutenu<\/td>\n<\/tr>\n<tr class=\"row-3\">\n\t<td class=\"column-1\"><a href=\"https:\/\/www.rowatecag.ch\/kabelschutzrohraufhaengung-krb-2-1w\/\"><img loading=\"lazy\" decoding=\"async\" src=\"https:\/\/www.rowatecag.ch\/wp-content\/uploads\/2021\/08\/Kabelschutzrohr-KRb-2W-1-1.png\" alt=\"\" width=\"150\" height=\"124\" class=\"alignnone size-full wp-image-1902\" srcset=\"https:\/\/www.rowatecag.ch\/wp-content\/uploads\/2021\/08\/Kabelschutzrohr-KRb-2W-1-1.png 150w, https:\/\/www.rowatecag.ch\/wp-content\/uploads\/2021\/08\/Kabelschutzrohr-KRb-2W-1-1-24x20.png 24w, https:\/\/www.rowatecag.ch\/wp-content\/uploads\/2021\/08\/Kabelschutzrohr-KRb-2W-1-1-36x30.png 36w, https:\/\/www.rowatecag.ch\/wp-content\/uploads\/2021\/08\/Kabelschutzrohr-KRb-2W-1-1-48x40.png 48w\" sizes=\"auto, (max-width: 150px) 100vw, 150px\" \/><\/a><\/td><td class=\"column-2\"><a href=\"https:\/\/www.rowatecag.ch\/kabelschutzrohraufhaengung-krb-2-1w\/\">KRb 2 \u2013 1w<\/a><\/td><td class=\"column-3\">sur le mur<\/td>\n<\/tr>\n<tr class=\"row-4\">\n\t<td class=\"column-1\"><a href=\"https:\/\/www.rowatecag.ch\/kabelschutzrohraufhaengung-krb-3-1\/\"><img loading=\"lazy\" decoding=\"async\" src=\"https:\/\/www.rowatecag.ch\/wp-content\/uploads\/2021\/08\/Kabelschutzrohr-KRb-3-1-1.png\" alt=\"\" width=\"150\" height=\"111\" class=\"alignnone size-full wp-image-1896\" srcset=\"https:\/\/www.rowatecag.ch\/wp-content\/uploads\/2021\/08\/Kabelschutzrohr-KRb-3-1-1.png 150w, https:\/\/www.rowatecag.ch\/wp-content\/uploads\/2021\/08\/Kabelschutzrohr-KRb-3-1-1-24x18.png 24w, https:\/\/www.rowatecag.ch\/wp-content\/uploads\/2021\/08\/Kabelschutzrohr-KRb-3-1-1-36x27.png 36w, https:\/\/www.rowatecag.ch\/wp-content\/uploads\/2021\/08\/Kabelschutzrohr-KRb-3-1-1-48x36.png 48w\" sizes=\"auto, (max-width: 150px) 100vw, 150px\" \/><\/td><td class=\"column-2\"><a href=\"https:\/\/www.rowatecag.ch\/kabelschutzrohraufhaengung-krb-3-1\/\">KRb 3 \u2013 1<\/a><\/td><td class=\"column-3\">suspendu \/ soutenu<\/td>\n<\/tr>\n<tr class=\"row-5\">\n\t<td class=\"column-1\"><a href=\"https:\/\/www.rowatecag.ch\/kabelschutzrohraufhaengung-krb-4-1\/\"><img loading=\"lazy\" decoding=\"async\" src=\"https:\/\/www.rowatecag.ch\/wp-content\/uploads\/2021\/08\/Kabelschutzrohr-KRb-4-1-1.png\" alt=\"\" width=\"150\" height=\"89\" class=\"alignnone size-full wp-image-1899\" srcset=\"https:\/\/www.rowatecag.ch\/wp-content\/uploads\/2021\/08\/Kabelschutzrohr-KRb-4-1-1.png 150w, https:\/\/www.rowatecag.ch\/wp-content\/uploads\/2021\/08\/Kabelschutzrohr-KRb-4-1-1-24x14.png 24w, https:\/\/www.rowatecag.ch\/wp-content\/uploads\/2021\/08\/Kabelschutzrohr-KRb-4-1-1-36x21.png 36w, https:\/\/www.rowatecag.ch\/wp-content\/uploads\/2021\/08\/Kabelschutzrohr-KRb-4-1-1-48x28.png 48w\" sizes=\"auto, (max-width: 150px) 100vw, 150px\" \/><\/td><td class=\"column-2\"><a href=\"https:\/\/www.rowatecag.ch\/kabelschutzrohraufhaengung-krb-4-1\/\">KRb 4 \u2013 1<\/a><\/td><td class=\"column-3\">suspendu \/ soutenu<\/td>\n<\/tr>\n<\/tbody>\n<\/table>\n\n<p><strong>Ex\u00e9cution de la suspension de tube de protection de c\u00e2bles :<br \/>\n<\/strong>\u2013 Profil\u00e9s : 40 x 40 mm<br \/>\n\u2013 Tiges filet\u00e9es, vis, \u00e9crous M12<br \/>\n\u2013 Guidages de tube (anneaux, coques) : Largeur 60 mm<br \/>\n\u2013 Ancrage : Chevilles adh\u00e9sives, chevilles compactes, plaque d\u2019ancrage<br \/>\n\u2013 Mat\u00e9riaux, au choix \u2013 Acier galvanis\u00e9 \u00e0 chaud, \u2013 Acier inoxydable de classe A4 (1.4401 \/ 1.4571 \/ 1.4404)<br \/>\n\u2013 Contreventement au moins tous les 2 supports<\/p>\n<p><strong>Plus d\u2019informations:<br \/>\n<\/strong>1. Fiche technique suspension pour tuyaux \u00e0 c\u00e2bles Type KRo<br \/>\n2. T\u00e9l\u00e9charger le mod\u00e8le 3D au format PDF (les informations seront mises \u00e0 jour)<br \/>\n3. T\u00e9l\u00e9charger au format DWG (les informations seront mises \u00e0 jour)<\/p>\n<p><a href=\"https:\/\/www.rowatecag.ch\/kontakt-3\/\">Demandez<\/a>\u00a0une offre pour un bouchon de type E-EV ou contactez notre\u00a0<a href=\"https:\/\/www.rowatecag.ch\/fr\/equipe-de-vente\/\">\u00e9quipe de vente<\/a>.<\/p>\n","protected":false},"excerpt":{"rendered":"<p>Construction avec \u00e9triers Ex\u00e9cution de la suspension de tube de protection de c\u00e2bles : \u2013 Profil\u00e9s : 40 x 40 mm \u2013 Tiges filet\u00e9es, vis, \u00e9crous M12 \u2013 Guidages de tube (anneaux, coques) : Largeur 60 mm \u2013 Ancrage : Chevilles adh\u00e9sives, chevilles compactes, plaque d\u2019ancrage \u2013 Mat\u00e9riaux, au choix \u2013 Acier galvanis\u00e9 \u00e0 chaud, [&hellip;]<\/p>\n","protected":false},"author":48,"featured_media":0,"parent":0,"menu_order":0,"comment_status":"closed","ping_status":"closed","template":"","meta":{"_genesis_hide_title":false,"_genesis_hide_breadcrumbs":false,"_genesis_hide_singular_image":false,"_genesis_hide_footer_widgets":false,"_genesis_custom_body_class":"","_genesis_custom_post_class":"","_genesis_layout":"sidebar-content","footnotes":""},"class_list":{"0":"post-5318","1":"page","2":"type-page","3":"status-publish","5":"entry"},"acf":[],"post_mailing_queue_ids":[],"_links":{"self":[{"href":"https:\/\/www.rowatecag.ch\/fr\/wp-json\/wp\/v2\/pages\/5318","targetHints":{"allow":["GET"]}}],"collection":[{"href":"https:\/\/www.rowatecag.ch\/fr\/wp-json\/wp\/v2\/pages"}],"about":[{"href":"https:\/\/www.rowatecag.ch\/fr\/wp-json\/wp\/v2\/types\/page"}],"author":[{"embeddable":true,"href":"https:\/\/www.rowatecag.ch\/fr\/wp-json\/wp\/v2\/users\/48"}],"replies":[{"embeddable":true,"href":"https:\/\/www.rowatecag.ch\/fr\/wp-json\/wp\/v2\/comments?post=5318"}],"version-history":[{"count":0,"href":"https:\/\/www.rowatecag.ch\/fr\/wp-json\/wp\/v2\/pages\/5318\/revisions"}],"wp:attachment":[{"href":"https:\/\/www.rowatecag.ch\/fr\/wp-json\/wp\/v2\/media?parent=5318"}],"curies":[{"name":"wp","href":"https:\/\/api.w.org\/{rel}","templated":true}]}}