{"id":5360,"date":"2024-05-31T05:39:34","date_gmt":"2024-05-31T04:39:34","guid":{"rendered":"https:\/\/www.rowatecag.ch\/?page_id=5360"},"modified":"2024-05-31T06:23:02","modified_gmt":"2024-05-31T05:23:02","slug":"fixations-de-tuyaux-ridst","status":"publish","type":"page","link":"https:\/\/www.rowatecag.ch\/fr\/fixations-de-tuyaux-ridst\/","title":{"rendered":"Fixations de tuyaux RIDST"},"content":{"rendered":"<p>Rowatec a plus de 50 ans d&#8217;exp\u00e9rience dans les supports de tuyaux pour tuyaux en HDPE de \u00d890 \u00e0 \u00d81200 mm et pour gaines de protection de c\u00e2bles de \u00d872 \u00e0 \u00d8315 mm.<\/p>\n<p>Notre syst\u00e8me est hautement \u00e9volutif et peut \u00eatre adapt\u00e9 pour r\u00e9pondre \u00e0 toutes les exigences sp\u00e9cifiques.<\/p>\n<p>Voici nos produits RIDST :<\/p>\n<p>&nbsp;<\/p>\n\n<table id=\"tablepress-44\" class=\"tablepress tablepress-id-44\">\n<tbody class=\"row-hover\">\n<tr class=\"row-1\">\n\t<td class=\"column-1\"><strong>Sch\u00e9ma <\/strong><\/td><td class=\"column-2\"><strong>Type<\/strong><\/td><td class=\"column-3\"><strong>Description<\/strong><\/td>\n<\/tr>\n<tr class=\"row-2\">\n\t<td class=\"column-1\"><a href=\"https:\/\/www.rowatecag.ch\/wp-content\/uploads\/2021\/12\/4.202-Rohraufhangung-RIDST.pdf\"><img loading=\"lazy\" decoding=\"async\" src=\"https:\/\/www.rowatecag.ch\/wp-content\/uploads\/2021\/12\/Rohraufhangung-RIDST-1-150x150.png\" alt=\"\" width=\"150\" height=\"150\" class=\"alignnone size-thumbnail wp-image-3888\" srcset=\"https:\/\/www.rowatecag.ch\/wp-content\/uploads\/2021\/12\/Rohraufhangung-RIDST-1-150x150.png 150w, https:\/\/www.rowatecag.ch\/wp-content\/uploads\/2021\/12\/Rohraufhangung-RIDST-1-300x300.png 300w, https:\/\/www.rowatecag.ch\/wp-content\/uploads\/2021\/12\/Rohraufhangung-RIDST-1-24x24.png 24w, https:\/\/www.rowatecag.ch\/wp-content\/uploads\/2021\/12\/Rohraufhangung-RIDST-1-36x36.png 36w, https:\/\/www.rowatecag.ch\/wp-content\/uploads\/2021\/12\/Rohraufhangung-RIDST-1-48x48.png 48w, https:\/\/www.rowatecag.ch\/wp-content\/uploads\/2021\/12\/Rohraufhangung-RIDST-1.png 679w\" sizes=\"auto, (max-width: 150px) 100vw, 150px\" \/><\/td><td class=\"column-2\"><a href=\"https:\/\/www.rowatecag.ch\/wp-content\/uploads\/2021\/12\/4.202-Rohraufhangung-RIDST.pdf\">RIDST<\/a><\/td><td class=\"column-3\">suspendu \/ soutenu<\/td>\n<\/tr>\n<tr class=\"row-3\">\n\t<td class=\"column-1\"><a href=\"https:\/\/www.rowatecag.ch\/wp-content\/uploads\/2021\/12\/4.203-Wandhalter-RIDST-W.pdf\"><img loading=\"lazy\" decoding=\"async\" src=\"https:\/\/www.rowatecag.ch\/wp-content\/uploads\/2021\/12\/Wandhalter-RIDST-W-150x150.png\" alt=\"\" width=\"150\" height=\"150\" class=\"alignnone size-thumbnail wp-image-3882\" \/><\/td><td class=\"column-2\"><a href=\"https:\/\/www.rowatecag.ch\/wp-content\/uploads\/2021\/12\/4.203-Wandhalter-RIDST-W.pdf\">RIDST-W<\/a><\/td><td class=\"column-3\">sur le mur<\/td>\n<\/tr>\n<tr class=\"row-4\">\n\t<td class=\"column-1\"><a href=\"https:\/\/www.rowatecag.ch\/wp-content\/uploads\/2021\/12\/4.204-Rohraufhangung-RIDST-2.pdf\"><img loading=\"lazy\" decoding=\"async\" src=\"https:\/\/www.rowatecag.ch\/wp-content\/uploads\/2021\/12\/Rohraufhangung-RIDST-2-150x150.png\" alt=\"\" width=\"150\" height=\"150\" class=\"alignnone size-thumbnail wp-image-3885\" srcset=\"https:\/\/www.rowatecag.ch\/wp-content\/uploads\/2021\/12\/Rohraufhangung-RIDST-2-150x150.png 150w, https:\/\/www.rowatecag.ch\/wp-content\/uploads\/2021\/12\/Rohraufhangung-RIDST-2-24x24.png 24w\" sizes=\"auto, (max-width: 150px) 100vw, 150px\" \/><\/td><td class=\"column-2\"><a href=\"https:\/\/www.rowatecag.ch\/wp-content\/uploads\/2021\/12\/4.204-Rohraufhangung-RIDST-2.pdf\">RIDST-2<\/a><\/td><td class=\"column-3\">suspendu \/ soutenu<\/td>\n<\/tr>\n<tr class=\"row-5\">\n\t<td class=\"column-1\"><a href=\"https:\/\/www.rowatecag.ch\/wp-content\/uploads\/2021\/12\/4.201-Rohrschelle-RIDST.pdf\"><img loading=\"lazy\" decoding=\"async\" src=\"https:\/\/www.rowatecag.ch\/wp-content\/uploads\/2021\/12\/Rohrschelle-RIDST-150x150.png\" alt=\"\" width=\"150\" height=\"150\" class=\"alignnone size-thumbnail wp-image-3876\" \/><\/td><td class=\"column-2\"><a href=\"https:\/\/www.rowatecag.ch\/wp-content\/uploads\/2021\/12\/4.201-Rohrschelle-RIDST.pdf\">RIDST<\/a><\/td><td class=\"column-3\">bride industrielle<\/td>\n<\/tr>\n<tr class=\"row-6\">\n\t<td class=\"column-1\"><a href=\"https:\/\/www.rowatecag.ch\/wp-content\/uploads\/2021\/12\/4.205-Rohraufhangung-RIDST-FX.pdf\"><img loading=\"lazy\" decoding=\"async\" src=\"https:\/\/www.rowatecag.ch\/wp-content\/uploads\/2021\/12\/Rohraufhangung-RIST-FX-1-150x150.png\" alt=\"\" width=\"150\" height=\"150\" class=\"alignnone size-thumbnail wp-image-3935\" srcset=\"https:\/\/www.rowatecag.ch\/wp-content\/uploads\/2021\/12\/Rohraufhangung-RIST-FX-1-150x150.png 150w, https:\/\/www.rowatecag.ch\/wp-content\/uploads\/2021\/12\/Rohraufhangung-RIST-FX-1-300x300.png 300w, https:\/\/www.rowatecag.ch\/wp-content\/uploads\/2021\/12\/Rohraufhangung-RIST-FX-1-1024x1024.png 1024w, https:\/\/www.rowatecag.ch\/wp-content\/uploads\/2021\/12\/Rohraufhangung-RIST-FX-1-768x768.png 768w, https:\/\/www.rowatecag.ch\/wp-content\/uploads\/2021\/12\/Rohraufhangung-RIST-FX-1-24x24.png 24w, https:\/\/www.rowatecag.ch\/wp-content\/uploads\/2021\/12\/Rohraufhangung-RIST-FX-1-36x36.png 36w, https:\/\/www.rowatecag.ch\/wp-content\/uploads\/2021\/12\/Rohraufhangung-RIST-FX-1-48x48.png 48w, https:\/\/www.rowatecag.ch\/wp-content\/uploads\/2021\/12\/Rohraufhangung-RIST-FX-1.png 1148w\" sizes=\"auto, (max-width: 150px) 100vw, 150px\" \/><\/td><td class=\"column-2\"><a href=\"https:\/\/www.rowatecag.ch\/wp-content\/uploads\/2021\/12\/4.205-Rohraufhangung-RIDST-FX.pdf\">RIDST-FX<\/a><\/td><td class=\"column-3\">point fixe pour les tuyaux en acier<\/td>\n<\/tr>\n<tr class=\"row-7\">\n\t<td class=\"column-1\"><a href=\"https:\/\/www.rowatecag.ch\/wp-content\/uploads\/2021\/12\/4.206-Fixschelle-Industrie-RIDST-FX.pdf\"><img loading=\"lazy\" decoding=\"async\" src=\"https:\/\/www.rowatecag.ch\/wp-content\/uploads\/2021\/12\/Fixschelle-Industrie-RIDST-FX-150x150.png\" alt=\"\" width=\"150\" height=\"150\" class=\"alignnone size-thumbnail wp-image-3894\" \/><\/td><td class=\"column-2\"><a href=\"https:\/\/www.rowatecag.ch\/wp-content\/uploads\/2021\/12\/4.206-Fixschelle-Industrie-RIDST-FX.pdf\">RIDST-FX<\/a><\/td><td class=\"column-3\">bride point fixe industrielle<\/td>\n<\/tr>\n<tr class=\"row-8\">\n\t<td class=\"column-1\"><a href=\"https:\/\/www.rowatecag.ch\/wp-content\/uploads\/2021\/12\/4.207-Gleitbuchse-RIDST-GLB.pdf\"><img loading=\"lazy\" decoding=\"async\" src=\"https:\/\/www.rowatecag.ch\/wp-content\/uploads\/2021\/12\/Gleitbuchse-RIDST-GLB-150x150.png\" alt=\"\" width=\"150\" height=\"150\" class=\"alignnone size-thumbnail wp-image-3897\" \/><\/td><td class=\"column-2\"><a href=\"https:\/\/www.rowatecag.ch\/wp-content\/uploads\/2021\/12\/4.207-Gleitbuchse-RIDST-GLB.pdf\"> RIDST-GLB<\/a><\/td><td class=\"column-3\">appuis glissant pour les tuyaux en acier HDPE<\/td>\n<\/tr>\n<\/tbody>\n<\/table>\n<!-- #tablepress-44 from cache -->\n<p>&nbsp;<\/p>\n<p>Toutes les informations sur les produits RIDST peuvent \u00eatre <a href=\"https:\/\/www.rowatecag.ch\/wp-content\/uploads\/2021\/12\/Rohrbefestigungen-RIDST.pdf\">t\u00e9l\u00e9charg\u00e9es ici<\/a>.<\/p>\n<p>Notre syst\u00e8me est hautement \u00e9volutif et peut \u00eatre adapt\u00e9 pour r\u00e9pondre \u00e0 toutes les exigences sp\u00e9cifiques.<\/p>\n<p>Pour toute question suppl\u00e9mentaire, veuillez nous <a href=\"https:\/\/www.rowatecag.ch\/fr\/contact\/\">contacter<\/a> d\u00e8s maintenant.<\/p>\n<p>&nbsp;<\/p>\n","protected":false},"excerpt":{"rendered":"<p>Rowatec a plus de 50 ans d&#8217;exp\u00e9rience dans les supports de tuyaux pour tuyaux en HDPE de \u00d890 \u00e0 \u00d81200 mm et pour gaines de protection de c\u00e2bles de \u00d872 \u00e0 \u00d8315 mm. Notre syst\u00e8me est hautement \u00e9volutif et peut \u00eatre adapt\u00e9 pour r\u00e9pondre \u00e0 toutes les exigences sp\u00e9cifiques. Voici nos produits RIDST : &nbsp; [&hellip;]<\/p>\n","protected":false},"author":48,"featured_media":0,"parent":0,"menu_order":0,"comment_status":"closed","ping_status":"closed","template":"","meta":{"_genesis_hide_title":false,"_genesis_hide_breadcrumbs":false,"_genesis_hide_singular_image":false,"_genesis_hide_footer_widgets":false,"_genesis_custom_body_class":"","_genesis_custom_post_class":"","_genesis_layout":"sidebar-content","footnotes":""},"class_list":{"0":"post-5360","1":"page","2":"type-page","3":"status-publish","5":"entry"},"acf":[],"post_mailing_queue_ids":[],"_links":{"self":[{"href":"https:\/\/www.rowatecag.ch\/fr\/wp-json\/wp\/v2\/pages\/5360","targetHints":{"allow":["GET"]}}],"collection":[{"href":"https:\/\/www.rowatecag.ch\/fr\/wp-json\/wp\/v2\/pages"}],"about":[{"href":"https:\/\/www.rowatecag.ch\/fr\/wp-json\/wp\/v2\/types\/page"}],"author":[{"embeddable":true,"href":"https:\/\/www.rowatecag.ch\/fr\/wp-json\/wp\/v2\/users\/48"}],"replies":[{"embeddable":true,"href":"https:\/\/www.rowatecag.ch\/fr\/wp-json\/wp\/v2\/comments?post=5360"}],"version-history":[{"count":0,"href":"https:\/\/www.rowatecag.ch\/fr\/wp-json\/wp\/v2\/pages\/5360\/revisions"}],"wp:attachment":[{"href":"https:\/\/www.rowatecag.ch\/fr\/wp-json\/wp\/v2\/media?parent=5360"}],"curies":[{"name":"wp","href":"https:\/\/api.w.org\/{rel}","templated":true}]}}