{"id":5403,"date":"2026-01-11T18:37:47","date_gmt":"2026-01-11T17:37:47","guid":{"rendered":"https:\/\/www.rowatecag.ch\/?page_id=5403"},"modified":"2026-01-14T17:37:12","modified_gmt":"2026-01-14T16:37:12","slug":"continuite-experience-et-vision-une-nouvelle-etape-pour-rowatec-ag","status":"publish","type":"page","link":"https:\/\/www.rowatecag.ch\/fr\/continuite-experience-et-vision-une-nouvelle-etape-pour-rowatec-ag\/","title":{"rendered":"Continuit\u00e9, exp\u00e9rience et vision : une nouvelle \u00e9tape pour Rowatec AG"},"content":{"rendered":"<p>\u00c0 compter du 1er janvier 2026, Hasan Mejzinolli est nomm\u00e9 Chief Executive Officer (CEO) de Rowatec AG et prend en charge la direction op\u00e9rationnelle de l\u2019entreprise.<\/p>\n<p>Julien Maury se retire de l\u2019ex\u00e9cutif et poursuit son mandat en tant que Pr\u00e9sident du Conseil d\u2019administration (Chairman of the Board), avec une implication cibl\u00e9e sur des projets strat\u00e9giques et transversaux.<\/p>\n<p>Hans Rohner continue d\u2019assurer la responsabilit\u00e9 du march\u00e9 tessinois et demeure r\u00e9f\u00e9rent national pour les ouvrages de dilatation de<\/p>\n<p>chauss\u00e9es sur l\u2019ensemble du territoire suisse.<\/p>\n<p><img loading=\"lazy\" decoding=\"async\" class=\"alignnone  wp-image-5400\" src=\"https:\/\/www.rowatecag.ch\/wp-content\/uploads\/slider2\/Hasan-Julien_V01-834x1024.jpeg\" alt=\"\" width=\"538\" height=\"661\" srcset=\"https:\/\/www.rowatecag.ch\/wp-content\/uploads\/slider2\/Hasan-Julien_V01-834x1024.jpeg 834w, https:\/\/www.rowatecag.ch\/wp-content\/uploads\/slider2\/Hasan-Julien_V01-244x300.jpeg 244w, https:\/\/www.rowatecag.ch\/wp-content\/uploads\/slider2\/Hasan-Julien_V01-768x943.jpeg 768w, https:\/\/www.rowatecag.ch\/wp-content\/uploads\/slider2\/Hasan-Julien_V01-20x24.jpeg 20w, https:\/\/www.rowatecag.ch\/wp-content\/uploads\/slider2\/Hasan-Julien_V01-29x36.jpeg 29w, https:\/\/www.rowatecag.ch\/wp-content\/uploads\/slider2\/Hasan-Julien_V01-39x48.jpeg 39w, https:\/\/www.rowatecag.ch\/wp-content\/uploads\/slider2\/Hasan-Julien_V01.jpeg 1221w\" sizes=\"auto, (max-width: 538px) 100vw, 538px\" \/><\/p>\n","protected":false},"excerpt":{"rendered":"<p>\u00c0 compter du 1er janvier 2026, Hasan Mejzinolli est nomm\u00e9 Chief Executive Officer (CEO) de Rowatec AG et prend en charge la direction op\u00e9rationnelle de l\u2019entreprise. Julien Maury se retire de l\u2019ex\u00e9cutif et poursuit son mandat en tant que Pr\u00e9sident du Conseil d\u2019administration (Chairman of the Board), avec une implication cibl\u00e9e sur des projets strat\u00e9giques [&hellip;]<\/p>\n","protected":false},"author":48,"featured_media":0,"parent":0,"menu_order":0,"comment_status":"closed","ping_status":"closed","template":"","meta":{"_genesis_hide_title":false,"_genesis_hide_breadcrumbs":false,"_genesis_hide_singular_image":false,"_genesis_hide_footer_widgets":false,"_genesis_custom_body_class":"","_genesis_custom_post_class":"","_genesis_layout":"","footnotes":""},"class_list":{"0":"post-5403","1":"page","2":"type-page","3":"status-publish","5":"entry"},"acf":[],"post_mailing_queue_ids":[],"_links":{"self":[{"href":"https:\/\/www.rowatecag.ch\/fr\/wp-json\/wp\/v2\/pages\/5403","targetHints":{"allow":["GET"]}}],"collection":[{"href":"https:\/\/www.rowatecag.ch\/fr\/wp-json\/wp\/v2\/pages"}],"about":[{"href":"https:\/\/www.rowatecag.ch\/fr\/wp-json\/wp\/v2\/types\/page"}],"author":[{"embeddable":true,"href":"https:\/\/www.rowatecag.ch\/fr\/wp-json\/wp\/v2\/users\/48"}],"replies":[{"embeddable":true,"href":"https:\/\/www.rowatecag.ch\/fr\/wp-json\/wp\/v2\/comments?post=5403"}],"version-history":[{"count":0,"href":"https:\/\/www.rowatecag.ch\/fr\/wp-json\/wp\/v2\/pages\/5403\/revisions"}],"wp:attachment":[{"href":"https:\/\/www.rowatecag.ch\/fr\/wp-json\/wp\/v2\/media?parent=5403"}],"curies":[{"name":"wp","href":"https:\/\/api.w.org\/{rel}","templated":true}]}}